{"id":4869,"date":"2025-05-13T03:30:19","date_gmt":"2025-05-13T03:30:19","guid":{"rendered":"https:\/\/stayinn.travel\/product\/moorea-quad-atv-4h\/"},"modified":"2026-04-24T01:55:49","modified_gmt":"2026-04-24T01:55:49","slug":"moorea-quad-atv-4h","status":"publish","type":"product","link":"https:\/\/stayinn.travel\/fr\/product\/moorea-quad-atv-4h\/","title":{"rendered":"MOOREA &#8211; QUAD \/ ATV -4H"},"content":{"rendered":"<p class=\"\" data-start=\"104\" data-end=\"424\">Pour les amateurs de vitesse et d\u2019adr\u00e9naline, embarquez pour une balade guid\u00e9e en quad au c\u0153ur de l\u2019\u00eele. Parcourez des sentiers de terre \u00e0 travers des champs d\u2019ananas, explorez des vall\u00e9es, traversez des rivi\u00e8res, d\u00e9couvrez des for\u00eats et admirez les montagnes majestueuses ainsi que des points de vue toujours plus impressionnants. Pr\u00e9parez-vous pour une aventure lors d\u2019une excursion guid\u00e9e de 3h30 !  <\/p>\n<p class=\"\" data-start=\"426\" data-end=\"753\">L\u2019itin\u00e9raire comprend : la d\u00e9couverte de la baie d\u2019Opunohu, l\u2019exploration de l\u2019int\u00e9rieur de l\u2019\u00eele en empruntant des pistes de terre au milieu des champs d\u2019ananas et des plantations de l\u2019\u00e9cole agricole. Vous monterez la route du Belv\u00e9d\u00e8re et la Montagne Magique, offrant une vue panoramique \u00e0 360\u00b0 sur les deux magnifiques baies. L\u2019\u00e9quipement de s\u00e9curit\u00e9 est fourni par l\u2019op\u00e9rateur.  <\/p>\n","protected":false},"excerpt":{"rendered":"<article class=\"text-token-text-primary w-full\" dir=\"auto\" data-testid=\"conversation-turn-416\" data-scroll-anchor=\"true\">\n<div class=\"text-base my-auto mx-auto py-5 [--thread-content-margin:--spacing(4)] @[37rem]:[--thread-content-margin:--spacing(6)] @[72rem]:[--thread-content-margin:--spacing(16)] px-(--thread-content-margin)\">\n<div class=\"[--thread-content-max-width:32rem] @[34rem]:[--thread-content-max-width:40rem] @[64rem]:[--thread-content-max-width:48rem] mx-auto flex max-w-(--thread-content-max-width) flex-1 text-base gap-4 md:gap-5 lg:gap-6 group\/turn-messages focus-visible:outline-hidden\" tabindex=\"-1\">\n<div class=\"group\/conversation-turn relative flex w-full min-w-0 flex-col agent-turn\">\n<div class=\"relative flex-col gap-1 md:gap-3\">\n<div class=\"flex max-w-full flex-col grow\">\n<div class=\"min-h-8 text-message relative flex w-full flex-col items-end gap-2 text-start break-words whitespace-normal [.text-message+&amp;]:mt-5\" dir=\"auto\" data-message-author-role=\"assistant\" data-message-id=\"90ebdbdd-09fa-4123-80b7-87b5fbc7e2c3\" data-message-model-slug=\"gpt-4o-mini\">\n<div class=\"flex w-full flex-col gap-1 empty:hidden first:pt-[3px]\">\n<div class=\"markdown prose dark:prose-invert w-full break-words light\">\n<p class=\"\" data-start=\"60\" data-end=\"130\"><strong>\ud83c\udf04 Aventure en quad : Champs d\u2019ananas, rivi\u00e8res et vues magnifiques ! \ud83c\udf4d\ud83c\udf3f\ud83d\ude99 <\/strong><\/p>\n<\/div>\n<\/div>\n<\/div>\n<\/div>\n<\/div>\n<\/div>\n<\/div>\n<\/div>\n<\/article>\n","protected":false},"featured_media":1738,"comment_status":"open","ping_status":"closed","template":"","meta":{"inline_featured_image":false},"country":[],"product_brand":[],"product_cat":[171],"product_tag":[183],"class_list":{"0":"post-4869","1":"product","2":"type-product","3":"status-publish","4":"has-post-thumbnail","6":"product_cat-activites","7":"product_tag-moorea-fr","9":"first","10":"instock","11":"shipping-taxable","12":"purchasable","13":"product-type-simple"},"acf":[],"_links":{"self":[{"href":"https:\/\/stayinn.travel\/fr\/wp-json\/wp\/v2\/product\/4869","targetHints":{"allow":["GET"]}}],"collection":[{"href":"https:\/\/stayinn.travel\/fr\/wp-json\/wp\/v2\/product"}],"about":[{"href":"https:\/\/stayinn.travel\/fr\/wp-json\/wp\/v2\/types\/product"}],"replies":[{"embeddable":true,"href":"https:\/\/stayinn.travel\/fr\/wp-json\/wp\/v2\/comments?post=4869"}],"wp:featuredmedia":[{"embeddable":true,"href":"https:\/\/stayinn.travel\/fr\/wp-json\/wp\/v2\/media\/1738"}],"wp:attachment":[{"href":"https:\/\/stayinn.travel\/fr\/wp-json\/wp\/v2\/media?parent=4869"}],"wp:term":[{"taxonomy":"country","embeddable":true,"href":"https:\/\/stayinn.travel\/fr\/wp-json\/wp\/v2\/country?post=4869"},{"taxonomy":"product_brand","embeddable":true,"href":"https:\/\/stayinn.travel\/fr\/wp-json\/wp\/v2\/product_brand?post=4869"},{"taxonomy":"product_cat","embeddable":true,"href":"https:\/\/stayinn.travel\/fr\/wp-json\/wp\/v2\/product_cat?post=4869"},{"taxonomy":"product_tag","embeddable":true,"href":"https:\/\/stayinn.travel\/fr\/wp-json\/wp\/v2\/product_tag?post=4869"}],"curies":[{"name":"wp","href":"https:\/\/api.w.org\/{rel}","templated":true}]}}