{"id":4878,"date":"2025-05-15T01:54:02","date_gmt":"2025-05-15T01:54:02","guid":{"rendered":"https:\/\/stayinn.travel\/product\/raiatea-decouverte-du-lagon-de-tahaa-en-pirogue-depuis-raiatea-8h\/"},"modified":"2026-04-23T18:23:19","modified_gmt":"2026-04-23T18:23:19","slug":"raiatea-decouverte-du-lagon-de-tahaa-en-pirogue-depuis-raiatea-8h","status":"publish","type":"product","link":"https:\/\/stayinn.travel\/fr\/product\/raiatea-decouverte-du-lagon-de-tahaa-en-pirogue-depuis-raiatea-8h\/","title":{"rendered":"RAIATEA \u2013 D\u00e9couverte du lagon de Taha\u2019a en pirogue depuis Raiatea \u2013 8h"},"content":{"rendered":"<p class=\"\" data-start=\"114\" data-end=\"331\">D\u00e9couvrez l\u2019\u00eele de Taha\u2019a, mondialement r\u00e9put\u00e9e pour sa vanille, lors d\u2019une excursion d\u2019une journ\u00e9e compl\u00e8te alliant exp\u00e9riences culturelles, paysages \u00e0 couper le souffle, baignade et snorkeling dans certains des plus beaux jardins de corail au monde.<\/p>\n<p class=\"\" data-start=\"333\" data-end=\"586\">\u00c0 bord d\u2019une pirogue spacieuse et confortable avec des espaces priv\u00e9s pour se d\u00e9tendre, \u00e9merveillez-vous devant les c\u00f4tes sauvages de cette \u00eele authentique et pr\u00e9serv\u00e9e. Visitez une plantation de vanille, une ferme perli\u00e8re, une distillerie de rhum, des bungalows embl\u00e9matiques sur pilotis et de superbes motus aux plages de sable blanc. <\/p>\n<p class=\"\" data-start=\"588\" data-end=\"810\">Savourez un d\u00e9jeuner polyn\u00e9sien traditionnel dans un paradis cach\u00e9. D\u00e9tendez-vous sur le filet trampoline au-dessus du lagon turquoise et profitez des vues incroyables. Laissez-vous emporter par cette exp\u00e9rience unique, hors des sentiers battus !  <\/p>\n<p class=\"\" data-start=\"812\" data-end=\"935\"><strong data-start=\"812\" data-end=\"825\">INCLUS : <\/strong>d\u00e9jeuner, mat\u00e9riel de snorkeling (masque et tuba), encas de fruits frais, boissons (eau, jus, eau de coco, limonade)<\/p>\n","protected":false},"excerpt":{"rendered":"<p><strong>D\u00e9couvrez Taha\u2019a \ud83c\udf3f \u2014 c\u00e9l\u00e8bre pour sa vanille \ud83c\udf38, ses superbes jardins de corail \ud83d\udc20 et ses fermes perli\u00e8res \ud83e\uddaa ! Nagez, faites du snorkeling et d\u00e9tendez-vous au paradis \ud83c\udfdd\ufe0f\ud83d\udea3\u200d\u2642\ufe0f\u2728 <\/strong><\/p>\n","protected":false},"featured_media":1819,"comment_status":"open","ping_status":"closed","template":"","meta":{"inline_featured_image":false},"country":[],"product_brand":[],"product_cat":[171],"product_tag":[181],"class_list":{"0":"post-4878","1":"product","2":"type-product","3":"status-publish","4":"has-post-thumbnail","6":"product_cat-activites","7":"product_tag-raiatea-fr","9":"first","10":"instock","11":"shipping-taxable","12":"purchasable","13":"product-type-simple"},"acf":[],"_links":{"self":[{"href":"https:\/\/stayinn.travel\/fr\/wp-json\/wp\/v2\/product\/4878","targetHints":{"allow":["GET"]}}],"collection":[{"href":"https:\/\/stayinn.travel\/fr\/wp-json\/wp\/v2\/product"}],"about":[{"href":"https:\/\/stayinn.travel\/fr\/wp-json\/wp\/v2\/types\/product"}],"replies":[{"embeddable":true,"href":"https:\/\/stayinn.travel\/fr\/wp-json\/wp\/v2\/comments?post=4878"}],"wp:featuredmedia":[{"embeddable":true,"href":"https:\/\/stayinn.travel\/fr\/wp-json\/wp\/v2\/media\/1819"}],"wp:attachment":[{"href":"https:\/\/stayinn.travel\/fr\/wp-json\/wp\/v2\/media?parent=4878"}],"wp:term":[{"taxonomy":"country","embeddable":true,"href":"https:\/\/stayinn.travel\/fr\/wp-json\/wp\/v2\/country?post=4878"},{"taxonomy":"product_brand","embeddable":true,"href":"https:\/\/stayinn.travel\/fr\/wp-json\/wp\/v2\/product_brand?post=4878"},{"taxonomy":"product_cat","embeddable":true,"href":"https:\/\/stayinn.travel\/fr\/wp-json\/wp\/v2\/product_cat?post=4878"},{"taxonomy":"product_tag","embeddable":true,"href":"https:\/\/stayinn.travel\/fr\/wp-json\/wp\/v2\/product_tag?post=4878"}],"curies":[{"name":"wp","href":"https:\/\/api.w.org\/{rel}","templated":true}]}}