{"id":4880,"date":"2025-05-15T02:16:57","date_gmt":"2025-05-15T02:16:57","guid":{"rendered":"https:\/\/stayinn.travel\/product\/raiatea-riviere-faaroa-marae-taputapuatea-en-bateau-4h30\/"},"modified":"2026-04-23T18:15:37","modified_gmt":"2026-04-23T18:15:37","slug":"raiatea-riviere-faaroa-marae-taputapuatea-en-bateau-4h30","status":"publish","type":"product","link":"https:\/\/stayinn.travel\/fr\/product\/raiatea-riviere-faaroa-marae-taputapuatea-en-bateau-4h30\/","title":{"rendered":"RAIATEA \u2013 Rivi\u00e8re Faaroa &amp; Marae Taputapuatea en bateau \u2013 4h30"},"content":{"rendered":"<p class=\"\" data-start=\"266\" data-end=\"640\">D\u00e9couvrez l\u2019histoire, les l\u00e9gendes et la nature pr\u00e9serv\u00e9e de cette \u00eele sacr\u00e9e lors d\u2019une excursion en bateau de 4h30 ax\u00e9e sur la culture polyn\u00e9sienne, guid\u00e9e par un expert local passionn\u00e9.<br \/>Admirez les magnifiques baies, naviguez sur la seule rivi\u00e8re navigable de toute la Polyn\u00e9sie \u00e0 travers une jungle luxuriante, et suivez les traces des premiers habitants en explorant le site le plus sacr\u00e9 de toute la Polyn\u00e9sie. <\/p>\n<p class=\"\" data-start=\"642\" data-end=\"773\">Terminez cette croisi\u00e8re culturelle sur un magnifique <em data-start=\"687\" data-end=\"693\">motu<\/em> sauvage (\u00eelot de sable), o\u00f9 vous d\u00e9gusterez des fruits tropicaux frais dans des eaux cristallines.<\/p>\n","protected":false},"excerpt":{"rendered":"<p class=\"\" data-start=\"101\" data-end=\"202\"><strong data-start=\"101\" data-end=\"202\">Naviguez \u00e0 travers les l\u00e9gendes \u26f5\ud83c\udf3f | Explorez les racines sacr\u00e9es de la Polyn\u00e9sie \ud83c\udf3a\u2728 | Rafra\u00eechissez-vous au paradis \ud83c\udf4d\ud83c\udf0a<\/strong><\/p>\n<p class=\"\" data-start=\"204\" data-end=\"270\">\n","protected":false},"featured_media":1854,"comment_status":"open","ping_status":"closed","template":"","meta":{"inline_featured_image":false},"country":[],"product_brand":[],"product_cat":[171],"product_tag":[181],"class_list":{"0":"post-4880","1":"product","2":"type-product","3":"status-publish","4":"has-post-thumbnail","6":"product_cat-activites","7":"product_tag-raiatea-fr","9":"first","10":"instock","11":"shipping-taxable","12":"purchasable","13":"product-type-simple"},"acf":[],"_links":{"self":[{"href":"https:\/\/stayinn.travel\/fr\/wp-json\/wp\/v2\/product\/4880","targetHints":{"allow":["GET"]}}],"collection":[{"href":"https:\/\/stayinn.travel\/fr\/wp-json\/wp\/v2\/product"}],"about":[{"href":"https:\/\/stayinn.travel\/fr\/wp-json\/wp\/v2\/types\/product"}],"replies":[{"embeddable":true,"href":"https:\/\/stayinn.travel\/fr\/wp-json\/wp\/v2\/comments?post=4880"}],"wp:featuredmedia":[{"embeddable":true,"href":"https:\/\/stayinn.travel\/fr\/wp-json\/wp\/v2\/media\/1854"}],"wp:attachment":[{"href":"https:\/\/stayinn.travel\/fr\/wp-json\/wp\/v2\/media?parent=4880"}],"wp:term":[{"taxonomy":"country","embeddable":true,"href":"https:\/\/stayinn.travel\/fr\/wp-json\/wp\/v2\/country?post=4880"},{"taxonomy":"product_brand","embeddable":true,"href":"https:\/\/stayinn.travel\/fr\/wp-json\/wp\/v2\/product_brand?post=4880"},{"taxonomy":"product_cat","embeddable":true,"href":"https:\/\/stayinn.travel\/fr\/wp-json\/wp\/v2\/product_cat?post=4880"},{"taxonomy":"product_tag","embeddable":true,"href":"https:\/\/stayinn.travel\/fr\/wp-json\/wp\/v2\/product_tag?post=4880"}],"curies":[{"name":"wp","href":"https:\/\/api.w.org\/{rel}","templated":true}]}}