{"id":4881,"date":"2025-05-15T02:45:45","date_gmt":"2025-05-15T02:45:45","guid":{"rendered":"https:\/\/stayinn.travel\/product\/raiatea-vol-panoramique-en-ulm-vanilla-sky-35-minutes\/"},"modified":"2026-04-23T17:56:25","modified_gmt":"2026-04-23T17:56:25","slug":"raiatea-vol-panoramique-en-ulm-vanilla-sky-35-minutes","status":"publish","type":"product","link":"https:\/\/stayinn.travel\/fr\/product\/raiatea-vol-panoramique-en-ulm-vanilla-sky-35-minutes\/","title":{"rendered":"RAIATEA \u2013 Vol panoramique en ULM \u00ab Vanilla Sky \u00bb \u2013 35 minutes"},"content":{"rendered":"<p><strong>Visite compl\u00e8te de Taha&rsquo;a <\/strong><\/p>\n<p>Admirez ses vall\u00e9es luxuriantes, son lagon turquoise et ses r\u00e9cifs coralliens \u00e9poustouflants depuis le ciel.<br data-start=\"331\" data-end=\"334\">Survolez les villages traditionnels, les fermes perli\u00e8res et les c\u00e9l\u00e8bres plantations de vanille qui rendent l&rsquo;\u00eele si unique.<br data-start=\"444\" data-end=\"447\">Ce vol panoramique offre des vues inoubliables sur le littoral sauvage de l&rsquo;\u00eele, les motus de sable blanc et le lagon voisin partag\u00e9 avec Raiatea.<\/p>\n","protected":false},"excerpt":{"rendered":"<p>\ud83c\udf34\ud83d\udcf8 <strong data-start=\"228\" data-end=\"287\">Capturez la magie de l\u2019\u00cele Vanille vue du ciel ! \ud83d\udee9\ufe0f\u2728  <\/strong><\/p>\n","protected":false},"featured_media":1876,"comment_status":"open","ping_status":"closed","template":"","meta":{"inline_featured_image":false},"country":[],"product_brand":[],"product_cat":[171],"product_tag":[181],"class_list":{"0":"post-4881","1":"product","2":"type-product","3":"status-publish","4":"has-post-thumbnail","6":"product_cat-activites","7":"product_tag-raiatea-fr","9":"first","10":"instock","11":"shipping-taxable","12":"purchasable","13":"product-type-simple"},"acf":[],"_links":{"self":[{"href":"https:\/\/stayinn.travel\/fr\/wp-json\/wp\/v2\/product\/4881","targetHints":{"allow":["GET"]}}],"collection":[{"href":"https:\/\/stayinn.travel\/fr\/wp-json\/wp\/v2\/product"}],"about":[{"href":"https:\/\/stayinn.travel\/fr\/wp-json\/wp\/v2\/types\/product"}],"replies":[{"embeddable":true,"href":"https:\/\/stayinn.travel\/fr\/wp-json\/wp\/v2\/comments?post=4881"}],"wp:featuredmedia":[{"embeddable":true,"href":"https:\/\/stayinn.travel\/fr\/wp-json\/wp\/v2\/media\/1876"}],"wp:attachment":[{"href":"https:\/\/stayinn.travel\/fr\/wp-json\/wp\/v2\/media?parent=4881"}],"wp:term":[{"taxonomy":"country","embeddable":true,"href":"https:\/\/stayinn.travel\/fr\/wp-json\/wp\/v2\/country?post=4881"},{"taxonomy":"product_brand","embeddable":true,"href":"https:\/\/stayinn.travel\/fr\/wp-json\/wp\/v2\/product_brand?post=4881"},{"taxonomy":"product_cat","embeddable":true,"href":"https:\/\/stayinn.travel\/fr\/wp-json\/wp\/v2\/product_cat?post=4881"},{"taxonomy":"product_tag","embeddable":true,"href":"https:\/\/stayinn.travel\/fr\/wp-json\/wp\/v2\/product_tag?post=4881"}],"curies":[{"name":"wp","href":"https:\/\/api.w.org\/{rel}","templated":true}]}}