{"id":4882,"date":"2025-04-23T03:54:21","date_gmt":"2025-04-23T03:54:21","guid":{"rendered":"https:\/\/stayinn.travel\/product\/voyage-golf-detente-en-polynesie-pour-2-personnes\/"},"modified":"2026-04-25T01:28:52","modified_gmt":"2026-04-25T01:28:52","slug":"voyage-golf-detente-en-polynesie-pour-2-personnes","status":"publish","type":"product","link":"https:\/\/stayinn.travel\/fr\/product\/voyage-golf-detente-en-polynesie-pour-2-personnes\/","title":{"rendered":"Voyage Golf &amp; D\u00e9tente en Polyn\u00e9sie pour 2 personnes"},"content":{"rendered":"<p class=\"\" data-start=\"807\" data-end=\"843\">\ud83c\udf34 <strong data-start=\"810\" data-end=\"843\">Bienvenue au Paradis sur Terre !<\/strong><\/p>\n<p class=\"\" data-start=\"845\" data-end=\"929\"><em data-start=\"847\" data-end=\"929\">\u2728 D\u00e9couvrez le charme envo\u00fbtant des \u00eeles de la Soci\u00e9t\u00e9, o\u00f9 le luxe rencontre la nature.<\/em><\/p>\n<p class=\"\" data-start=\"931\" data-end=\"1077\">Nous vous invitons \u00e0 profiter d&rsquo;une escapade unique en Polyn\u00e9sie fran\u00e7aise avec notre<strong data-start=\"1000\" data-end=\"1021\"> forfait exclusif<\/strong>, alliant <strong data-start=\"1032\" data-end=\"1076\">golf, d\u00e9tente et d\u00e9couverte culturelle.<\/strong><\/p>\n<p class=\"\" data-start=\"1079\" data-end=\"1280\">Pr\u00e9parez-vous pour<strong data-start=\"1096\" data-end=\"1121\"> un voyage inoubliable<\/strong> \u00e0 travers 3 \u00eeles embl\u00e9matiques : <strong data-start=\"1147\" data-end=\"1180\">Tahiti, Moorea et Bora Bora.<\/strong><br data-start=\"1181\" data-end=\"1184\">Tout est inclus : <strong data-start=\"1208\" data-end=\"1234\">h\u00e9bergements premium,<\/strong><strong data-start=\"1236\" data-end=\"1251\"> location de voiture<\/strong> et <strong data-start=\"1257\" data-end=\"1279\">activit\u00e9s s\u00e9lectionn\u00e9es.<\/strong><\/p>\n<p class=\"\" data-start=\"1282\" data-end=\"1346\">\u26f1\ufe0f Voyagez \u00e0 votre rythme, sans souci, dans un paysage insulaire de r\u00eave.<\/p>\n<p class=\"\" data-start=\"1605\" data-end=\"1630\"><strong data-start=\"1609\" data-end=\"1630\">\ud83c\udfdd\ufe0f \u00ceLES INCLUS :<\/strong><\/p>\n<ul data-start=\"1632\" data-end=\"1665\">\n<li class=\"\" data-start=\"1632\" data-end=\"1642\">\n<p class=\"\" data-start=\"1634\" data-end=\"1642\">Tahiti<\/p>\n<\/li>\n<li class=\"\" data-start=\"1643\" data-end=\"1653\">\n<p class=\"\" data-start=\"1645\" data-end=\"1653\">Moorea<\/p>\n<\/li>\n<li class=\"\" data-start=\"1654\" data-end=\"1665\">\n<p class=\"\" data-start=\"1656\" data-end=\"1665\">Bora Bora<\/p>\n<\/li>\n<\/ul>\n<p class=\"\" data-start=\"1667\" data-end=\"1690\">\u2705 <strong data-start=\"1669\" data-end=\"1690\">PACKAGE INCLUS:<\/strong><\/p>\n<ul data-start=\"1692\" data-end=\"1842\">\n<li class=\"\" data-start=\"1692\" data-end=\"1715\">\n<p class=\"\" data-start=\"1694\" data-end=\"1715\">10 Nuits\/ 11 Jours<\/p>\n<\/li>\n<li class=\"\" data-start=\"1716\" data-end=\"1746\">\n<p class=\"\" data-start=\"1718\" data-end=\"1746\">H\u00e9bergements confortable<\/p>\n<\/li>\n<li class=\"\" data-start=\"1747\" data-end=\"1762\">\n<p class=\"\" data-start=\"1749\" data-end=\"1762\">Location de voiture<\/p>\n<\/li>\n<li class=\"\" data-start=\"1763\" data-end=\"1817\">\n<p class=\"\" data-start=\"1765\" data-end=\"1817\">Activit\u00e9s (y compris golf, bien-\u00eatre et excursions)<\/p>\n<\/li>\n<li class=\"\" data-start=\"1818\" data-end=\"1842\">\n<p class=\"\" data-start=\"1820\" data-end=\"1842\">Vols inter-\u00eeles et transferts en ferry<\/p>\n<\/li>\n<\/ul>\n","protected":false},"excerpt":{"rendered":"<p>\ud83c\udfcc\ufe0f\u200d\u2640\ufe0f Balancez, explorez et d\u00e9tendez-vous au c\u0153ur du Pacifique.<\/p>\n","protected":false},"featured_media":1398,"comment_status":"open","ping_status":"closed","template":"","meta":{"inline_featured_image":false},"country":[],"product_brand":[],"product_cat":[172],"product_tag":[],"class_list":{"0":"post-4882","1":"product","2":"type-product","3":"status-publish","4":"has-post-thumbnail","6":"product_cat-paquets","8":"first","9":"instock","10":"shipping-taxable","11":"purchasable","12":"product-type-simple"},"acf":[],"_links":{"self":[{"href":"https:\/\/stayinn.travel\/fr\/wp-json\/wp\/v2\/product\/4882","targetHints":{"allow":["GET"]}}],"collection":[{"href":"https:\/\/stayinn.travel\/fr\/wp-json\/wp\/v2\/product"}],"about":[{"href":"https:\/\/stayinn.travel\/fr\/wp-json\/wp\/v2\/types\/product"}],"replies":[{"embeddable":true,"href":"https:\/\/stayinn.travel\/fr\/wp-json\/wp\/v2\/comments?post=4882"}],"wp:featuredmedia":[{"embeddable":true,"href":"https:\/\/stayinn.travel\/fr\/wp-json\/wp\/v2\/media\/1398"}],"wp:attachment":[{"href":"https:\/\/stayinn.travel\/fr\/wp-json\/wp\/v2\/media?parent=4882"}],"wp:term":[{"taxonomy":"country","embeddable":true,"href":"https:\/\/stayinn.travel\/fr\/wp-json\/wp\/v2\/country?post=4882"},{"taxonomy":"product_brand","embeddable":true,"href":"https:\/\/stayinn.travel\/fr\/wp-json\/wp\/v2\/product_brand?post=4882"},{"taxonomy":"product_cat","embeddable":true,"href":"https:\/\/stayinn.travel\/fr\/wp-json\/wp\/v2\/product_cat?post=4882"},{"taxonomy":"product_tag","embeddable":true,"href":"https:\/\/stayinn.travel\/fr\/wp-json\/wp\/v2\/product_tag?post=4882"}],"curies":[{"name":"wp","href":"https:\/\/api.w.org\/{rel}","templated":true}]}}