{"id":4883,"date":"2025-04-25T07:07:51","date_gmt":"2025-04-25T07:07:51","guid":{"rendered":"https:\/\/stayinn.travel\/product\/moorea-quad-electrique-tout-terrain\/"},"modified":"2026-04-24T19:02:10","modified_gmt":"2026-04-24T19:02:10","slug":"moorea-quad-electrique-tout-terrain","status":"publish","type":"product","link":"https:\/\/stayinn.travel\/fr\/product\/moorea-quad-electrique-tout-terrain\/","title":{"rendered":"MOOREA &#8211; Quad \u00e9lectrique tout-terrain"},"content":{"rendered":"<p><strong>\u267b\ufe0f \u00c9COLOGIQUE \ud83c\udf31<\/strong><\/p>\n<p>D\u00e9couvrez l&rsquo;\u00eele de Moorea autrement, de mani\u00e8re responsable et \u00e9cologique, sans pollution ni nuisances sonores pour \u00e9veiller pleinement vos sens. Explorez la magnifique vall\u00e9e d&rsquo;Opunohu lors de cette randonn\u00e9e originale et unique, accessible \u00e0 tous les niveaux ! Traversez ses for\u00eats luxuriantes, ses ruisseaux et ses rivi\u00e8res, visitez des champs d&rsquo;ananas, de cocotiers, de bananiers, de papayers, d&rsquo;arbre \u00e0 pain, de manguiers, ainsi qu&rsquo;une multitude d&rsquo;autres arbres fruitiers que votre guide se fera un plaisir de vous faire d\u00e9couvrir.<br \/>\nAu programme : Vall\u00e9e, ruisseaux, rivi\u00e8res, champs d&rsquo;ananas et une d\u00e9gustation \u00e0 la Ferme Agricole. Visite des plantations de la ferme agricole, marae (anciens cultes polyn\u00e9siens), un banyan de plus de 350 ans, et des anguilles aux yeux bleus.   <\/p>\n<p>&nbsp;<\/p>\n","protected":false},"excerpt":{"rendered":"<p><strong>Balade verte, bonnes vibrations \ud83c\udf31\ud83c\udfcd\ufe0f Un voyage \u00e9co-responsable et amusant \u267b\ufe0f<\/strong><\/p>\n","protected":false},"featured_media":1420,"comment_status":"open","ping_status":"closed","template":"","meta":{"inline_featured_image":false},"country":[],"product_brand":[],"product_cat":[171],"product_tag":[183],"class_list":{"0":"post-4883","1":"product","2":"type-product","3":"status-publish","4":"has-post-thumbnail","6":"product_cat-activites","7":"product_tag-moorea-fr","9":"first","10":"instock","11":"shipping-taxable","12":"purchasable","13":"product-type-simple"},"acf":[],"_links":{"self":[{"href":"https:\/\/stayinn.travel\/fr\/wp-json\/wp\/v2\/product\/4883","targetHints":{"allow":["GET"]}}],"collection":[{"href":"https:\/\/stayinn.travel\/fr\/wp-json\/wp\/v2\/product"}],"about":[{"href":"https:\/\/stayinn.travel\/fr\/wp-json\/wp\/v2\/types\/product"}],"replies":[{"embeddable":true,"href":"https:\/\/stayinn.travel\/fr\/wp-json\/wp\/v2\/comments?post=4883"}],"wp:featuredmedia":[{"embeddable":true,"href":"https:\/\/stayinn.travel\/fr\/wp-json\/wp\/v2\/media\/1420"}],"wp:attachment":[{"href":"https:\/\/stayinn.travel\/fr\/wp-json\/wp\/v2\/media?parent=4883"}],"wp:term":[{"taxonomy":"country","embeddable":true,"href":"https:\/\/stayinn.travel\/fr\/wp-json\/wp\/v2\/country?post=4883"},{"taxonomy":"product_brand","embeddable":true,"href":"https:\/\/stayinn.travel\/fr\/wp-json\/wp\/v2\/product_brand?post=4883"},{"taxonomy":"product_cat","embeddable":true,"href":"https:\/\/stayinn.travel\/fr\/wp-json\/wp\/v2\/product_cat?post=4883"},{"taxonomy":"product_tag","embeddable":true,"href":"https:\/\/stayinn.travel\/fr\/wp-json\/wp\/v2\/product_tag?post=4883"}],"curies":[{"name":"wp","href":"https:\/\/api.w.org\/{rel}","templated":true}]}}