{"id":4885,"date":"2025-04-25T07:25:35","date_gmt":"2025-04-25T07:25:35","guid":{"rendered":"https:\/\/stayinn.travel\/product\/tahiti-pirogue-a-voile-traditionnelle-accessible-pmr\/"},"modified":"2026-04-24T19:45:36","modified_gmt":"2026-04-24T19:45:36","slug":"tahiti-pirogue-a-voile-traditionnelle-accessible-pmr","status":"publish","type":"product","link":"https:\/\/stayinn.travel\/fr\/product\/tahiti-pirogue-a-voile-traditionnelle-accessible-pmr\/","title":{"rendered":"TAHITI &#8211; Pirogue \u00e0 voile traditionnelle (accessible PMR)"},"content":{"rendered":"<p class=\"\" data-start=\"0\" data-end=\"218\"><strong data-start=\"0\" data-end=\"216\">\u267b\ufe0f \u00c9COLOGIQUE \ud83c\udf31<\/strong><\/p>\n<p class=\"\" data-start=\"0\" data-end=\"218\"><strong data-start=\"0\" data-end=\"216\">Partez \u00e0 la d\u00e9couverte du lagon et de la c\u00f4te est sauvage et pr\u00e9serv\u00e9e de l&rsquo;\u00eele \u00e0 bord d&rsquo;une pirogue \u00e0 voile traditionnelle, accompagn\u00e9 de votre capitaine et guide culturel ! Une aventure authentique et inoubliable vous attend ! <\/strong><\/p>\n<p class=\"\" data-start=\"223\" data-end=\"505\">Au programme : 3 heures d&rsquo;exploration des grottes de Taharaa, Pointe V\u00e9nus, rencontres avec la faune marine, une pause sur un banc de sable, snorkeling dans un jardin de coraux, initiation \u00e0 la navigation en pirogue traditionnelle polyn\u00e9sienne, d\u00e9tente dans les filets \u00e0 bord, et partage des l\u00e9gendes et histoires polyn\u00e9siennes.<\/p>\n<p class=\"\" data-start=\"507\" data-end=\"614\">\u00c0 votre disposition : une glaci\u00e8re, un sac \u00e9tanche de 25L pour vos affaires personnelles, des gilets de sauvetage et du mat\u00e9riel de s\u00e9curit\u00e9.<\/p>\n","protected":false},"excerpt":{"rendered":"<p><strong data-start=\"0\" data-end=\"216\">\u267b\ufe0f <\/strong>\u00c9COLOGIQUE<strong data-start=\"0\" data-end=\"216\"> \ud83c\udf31<\/strong><\/p>\n","protected":false},"featured_media":1430,"comment_status":"open","ping_status":"closed","template":"","meta":{"inline_featured_image":false},"country":[],"product_brand":[],"product_cat":[171],"product_tag":[182],"class_list":{"0":"post-4885","1":"product","2":"type-product","3":"status-publish","4":"has-post-thumbnail","6":"product_cat-activites","7":"product_tag-tahiti-fr","9":"first","10":"instock","11":"shipping-taxable","12":"purchasable","13":"product-type-simple"},"acf":[],"_links":{"self":[{"href":"https:\/\/stayinn.travel\/fr\/wp-json\/wp\/v2\/product\/4885","targetHints":{"allow":["GET"]}}],"collection":[{"href":"https:\/\/stayinn.travel\/fr\/wp-json\/wp\/v2\/product"}],"about":[{"href":"https:\/\/stayinn.travel\/fr\/wp-json\/wp\/v2\/types\/product"}],"replies":[{"embeddable":true,"href":"https:\/\/stayinn.travel\/fr\/wp-json\/wp\/v2\/comments?post=4885"}],"wp:featuredmedia":[{"embeddable":true,"href":"https:\/\/stayinn.travel\/fr\/wp-json\/wp\/v2\/media\/1430"}],"wp:attachment":[{"href":"https:\/\/stayinn.travel\/fr\/wp-json\/wp\/v2\/media?parent=4885"}],"wp:term":[{"taxonomy":"country","embeddable":true,"href":"https:\/\/stayinn.travel\/fr\/wp-json\/wp\/v2\/country?post=4885"},{"taxonomy":"product_brand","embeddable":true,"href":"https:\/\/stayinn.travel\/fr\/wp-json\/wp\/v2\/product_brand?post=4885"},{"taxonomy":"product_cat","embeddable":true,"href":"https:\/\/stayinn.travel\/fr\/wp-json\/wp\/v2\/product_cat?post=4885"},{"taxonomy":"product_tag","embeddable":true,"href":"https:\/\/stayinn.travel\/fr\/wp-json\/wp\/v2\/product_tag?post=4885"}],"curies":[{"name":"wp","href":"https:\/\/api.w.org\/{rel}","templated":true}]}}