{"id":4890,"date":"2025-04-29T04:49:03","date_gmt":"2025-04-29T04:49:03","guid":{"rendered":"https:\/\/stayinn.travel\/product\/tahiti-observation-et-rencontre-avec-les-baleines\/"},"modified":"2026-04-24T19:26:55","modified_gmt":"2026-04-24T19:26:55","slug":"tahiti-observation-et-rencontre-avec-les-baleines","status":"publish","type":"product","link":"https:\/\/stayinn.travel\/fr\/product\/tahiti-observation-et-rencontre-avec-les-baleines\/","title":{"rendered":"TAHITI &#8211; Observation et Rencontre avec les Baleines"},"content":{"rendered":"<p>L&rsquo;observation des baleines est une exp\u00e9rience \u00e0 ne pas manquer de juillet \u00e0 octobre. Vous commencerez par une croisi\u00e8re dans le lagon, o\u00f9 vous pourrez rencontrer des dauphins, des tortues et des requins. Puis vous partirez au large \u00e0 la recherche des plus grands c\u00e9tac\u00e9s du monde qui viennent mettre bas dans les eaux chaudes de la Polyn\u00e9sie.<br data-start=\"383\" data-end=\"386\">Suivez ces magnifiques cr\u00e9atures, observez leurs mouvements, assistez au breaching des jeunes baleineaux et au souffle puissant des baleines lorsqu&rsquo;elles jaillissent de l&rsquo;eau.<br data-start=\"545\" data-end=\"548\">Vos guides passionn\u00e9s vous feront partager tout ce qu&rsquo;il faut savoir sur les baleines au cours de cette excursion inoubliable. Selon les conditions m\u00e9t\u00e9orologiques et l&rsquo;\u00e9tat de la mer, il est m\u00eame possible d&rsquo;entrer dans l&rsquo;eau pour une rencontre encore plus \u00e9troite.<\/p>\n","protected":false},"excerpt":{"rendered":"<p>Rencontrez les g\u00e9ants de l&rsquo;oc\u00e9an ! \ud83d\udc0b<\/p>\n","protected":false},"featured_media":1468,"comment_status":"open","ping_status":"closed","template":"","meta":{"inline_featured_image":false},"country":[],"product_brand":[],"product_cat":[171],"product_tag":[182],"class_list":{"0":"post-4890","1":"product","2":"type-product","3":"status-publish","4":"has-post-thumbnail","6":"product_cat-activites","7":"product_tag-tahiti-fr","9":"first","10":"instock","11":"shipping-taxable","12":"purchasable","13":"product-type-simple"},"acf":[],"_links":{"self":[{"href":"https:\/\/stayinn.travel\/fr\/wp-json\/wp\/v2\/product\/4890","targetHints":{"allow":["GET"]}}],"collection":[{"href":"https:\/\/stayinn.travel\/fr\/wp-json\/wp\/v2\/product"}],"about":[{"href":"https:\/\/stayinn.travel\/fr\/wp-json\/wp\/v2\/types\/product"}],"replies":[{"embeddable":true,"href":"https:\/\/stayinn.travel\/fr\/wp-json\/wp\/v2\/comments?post=4890"}],"wp:featuredmedia":[{"embeddable":true,"href":"https:\/\/stayinn.travel\/fr\/wp-json\/wp\/v2\/media\/1468"}],"wp:attachment":[{"href":"https:\/\/stayinn.travel\/fr\/wp-json\/wp\/v2\/media?parent=4890"}],"wp:term":[{"taxonomy":"country","embeddable":true,"href":"https:\/\/stayinn.travel\/fr\/wp-json\/wp\/v2\/country?post=4890"},{"taxonomy":"product_brand","embeddable":true,"href":"https:\/\/stayinn.travel\/fr\/wp-json\/wp\/v2\/product_brand?post=4890"},{"taxonomy":"product_cat","embeddable":true,"href":"https:\/\/stayinn.travel\/fr\/wp-json\/wp\/v2\/product_cat?post=4890"},{"taxonomy":"product_tag","embeddable":true,"href":"https:\/\/stayinn.travel\/fr\/wp-json\/wp\/v2\/product_tag?post=4890"}],"curies":[{"name":"wp","href":"https:\/\/api.w.org\/{rel}","templated":true}]}}