{"id":4893,"date":"2025-05-20T03:00:19","date_gmt":"2025-05-20T03:00:19","guid":{"rendered":"https:\/\/stayinn.travel\/product\/bora-bora-tour-en-quad-jet-ski-dejeuner-sur-un-motu-6-heures\/"},"modified":"2026-04-21T22:14:06","modified_gmt":"2026-04-21T22:14:06","slug":"bora-bora-tour-en-quad-jet-ski-dejeuner-sur-un-motu-6-heures","status":"publish","type":"product","link":"https:\/\/stayinn.travel\/fr\/product\/bora-bora-tour-en-quad-jet-ski-dejeuner-sur-un-motu-6-heures\/","title":{"rendered":"BORA BORA \u2013 Tour en quad &amp; jet ski + d\u00e9jeuner sur un motu \u2013 6 heures"},"content":{"rendered":"<p class=\"\" data-start=\"215\" data-end=\"371\">Pr\u00e9parez-vous \u00e0 vivre l&rsquo;ultime journ\u00e9e d&rsquo;aventure au paradis ! \ud83c\udf34\u2728<br data-start=\"275\" data-end=\"278\">Ce circuit combin\u00e9 d&rsquo;une journ\u00e9e compl\u00e8te m\u00eale parfaitement sensations fortes, d\u00e9couverte et d\u00e9tente sur terre et sur mer. <\/p>\n<p class=\"\" data-start=\"373\" data-end=\"689\">\ud83d\ude99 <strong data-start=\"376\" data-end=\"402\">Matin : Aventure en quad<\/strong><br data-start=\"402\" data-end=\"405\">Commencez votre journ\u00e9e en explorant les sentiers cach\u00e9s et les points de vue \u00e0 couper le souffle de Bora Bora sur un quad tout-terrain. Accompagn\u00e9 d&rsquo;un guide local passionn\u00e9, d\u00e9couvrez l&rsquo;histoire de l&rsquo;\u00eele, notamment les embl\u00e9matiques canons de la Seconde Guerre mondiale, et profitez de vues panoramiques sur le lagon depuis de superbes points de vue. <\/p>\n<p class=\"\" data-start=\"691\" data-end=\"961\"><strong data-start=\"694\" data-end=\"742\">Midi : Tour du lagon en jet ski et d\u00e9jeuner polyn\u00e9sien<\/strong><br data-start=\"742\" data-end=\"745\">Apr\u00e8s l&rsquo;aventure terrestre, partez sur l&rsquo;eau pour un tour de jet ski de 2 heures sur le lagon cristallin de Bora Bora. Glissez sur des vagues turquoise, arr\u00eatez-vous pour une baignade rafra\u00eechissante et immortalisez des moments inoubliables avec un guide local. <\/p>\n<p class=\"\" data-start=\"963\" data-end=\"1103\">\ud83c\udf7d\ufe0f <strong data-start=\"967\" data-end=\"1009\">D\u00e9jeuner barbecue polyn\u00e9sien sur un motu (\u00eelot)<\/strong><br data-start=\"1009\" data-end=\"1012\">Entre deux aventures, faites le plein d&rsquo;\u00e9nergie avec un festin polyn\u00e9sien traditionnel servi sur un motu priv\u00e9 :<\/p>\n<ul data-start=\"1105\" data-end=\"1261\">\n<li class=\"\" data-start=\"1105\" data-end=\"1133\">\n<p class=\"\" data-start=\"1107\" data-end=\"1133\">Poisson et poulet grill\u00e9s<\/p>\n<\/li>\n<li class=\"\" data-start=\"1134\" data-end=\"1148\">\n<p class=\"\" data-start=\"1136\" data-end=\"1148\">Salade de riz<\/p>\n<\/li>\n<li class=\"\" data-start=\"1134\" data-end=\"1148\">\n<p class=\"\" data-start=\"1136\" data-end=\"1148\">Poisson cru au lait de coco<\/p>\n<\/li>\n<li class=\"\" data-start=\"1180\" data-end=\"1211\">\n<p class=\"\" data-start=\"1182\" data-end=\"1211\">G\u00e2teau \u00e0 la banane &amp; pain de coco<\/p>\n<\/li>\n<li class=\"\" data-start=\"1212\" data-end=\"1236\">\n<p class=\"\" data-start=\"1214\" data-end=\"1236\">Viandes \u00e0 la tahitienne<\/p>\n<\/li>\n<li class=\"\" data-start=\"1237\" data-end=\"1261\">\n<p class=\"\" data-start=\"1239\" data-end=\"1261\">Salade de fruits tropicaux<\/p>\n<\/li>\n<\/ul>\n<p class=\"\" data-start=\"1263\" data-end=\"1375\">Cette excursion combin\u00e9e promet une journ\u00e9e authentique et riche en \u00e9motions au c\u0153ur de la beaut\u00e9 naturelle et de la culture de Bora Bora.<\/p>\n<p class=\"\" data-start=\"1377\" data-end=\"1438\">\n","protected":false},"excerpt":{"rendered":"<p><strong data-start=\"1377\" data-end=\"1428\">Roulez, glissez et go\u00fbtez l\u2019esprit de Bora Bora !<\/strong> \ud83c\udfdd\ufe0f\ud83d\ude99\ud83c\udf0a\ud83c\udf4d<\/p>\n","protected":false},"featured_media":3976,"comment_status":"open","ping_status":"closed","template":"","meta":{"inline_featured_image":false},"country":[],"product_brand":[],"product_cat":[171],"product_tag":[184],"class_list":{"0":"post-4893","1":"product","2":"type-product","3":"status-publish","4":"has-post-thumbnail","6":"product_cat-activites","7":"product_tag-bora-bora-fr","9":"first","10":"instock","11":"shipping-taxable","12":"purchasable","13":"product-type-simple"},"acf":[],"_links":{"self":[{"href":"https:\/\/stayinn.travel\/fr\/wp-json\/wp\/v2\/product\/4893","targetHints":{"allow":["GET"]}}],"collection":[{"href":"https:\/\/stayinn.travel\/fr\/wp-json\/wp\/v2\/product"}],"about":[{"href":"https:\/\/stayinn.travel\/fr\/wp-json\/wp\/v2\/types\/product"}],"replies":[{"embeddable":true,"href":"https:\/\/stayinn.travel\/fr\/wp-json\/wp\/v2\/comments?post=4893"}],"wp:featuredmedia":[{"embeddable":true,"href":"https:\/\/stayinn.travel\/fr\/wp-json\/wp\/v2\/media\/3976"}],"wp:attachment":[{"href":"https:\/\/stayinn.travel\/fr\/wp-json\/wp\/v2\/media?parent=4893"}],"wp:term":[{"taxonomy":"country","embeddable":true,"href":"https:\/\/stayinn.travel\/fr\/wp-json\/wp\/v2\/country?post=4893"},{"taxonomy":"product_brand","embeddable":true,"href":"https:\/\/stayinn.travel\/fr\/wp-json\/wp\/v2\/product_brand?post=4893"},{"taxonomy":"product_cat","embeddable":true,"href":"https:\/\/stayinn.travel\/fr\/wp-json\/wp\/v2\/product_cat?post=4893"},{"taxonomy":"product_tag","embeddable":true,"href":"https:\/\/stayinn.travel\/fr\/wp-json\/wp\/v2\/product_tag?post=4893"}],"curies":[{"name":"wp","href":"https:\/\/api.w.org\/{rel}","templated":true}]}}