{"id":4895,"date":"2025-05-06T04:33:17","date_gmt":"2025-05-06T04:33:17","guid":{"rendered":"https:\/\/stayinn.travel\/product\/tahiti-safari-4x4-au-coeur-de-tahiti-vallee-de-papenoo-8h\/"},"modified":"2026-04-24T18:34:50","modified_gmt":"2026-04-24T18:34:50","slug":"tahiti-safari-4x4-au-coeur-de-tahiti-vallee-de-papenoo-8h","status":"publish","type":"product","link":"https:\/\/stayinn.travel\/fr\/product\/tahiti-safari-4x4-au-coeur-de-tahiti-vallee-de-papenoo-8h\/","title":{"rendered":"TAHITI &#8211; Safari 4&#215;4 au c\u0153ur de Tahiti, Vall\u00e9e de Papenoo \u2013 8h"},"content":{"rendered":"<p class=\"\" data-start=\"284\" data-end=\"615\">Montez \u00e0 bord d&rsquo;un v\u00e9hicule 4&#215;4 et partez \u00e0 l&rsquo;aventure dans l&rsquo;int\u00e9rieur sauvage et mystique de Tahiti \u2014 une terre fa\u00e7onn\u00e9e par les forces volcaniques anciennes et riche en l\u00e9gendes. Cette aventure d&rsquo;une journ\u00e9e compl\u00e8te vous emm\u00e8ne \u00e0 travers la magnifique Vall\u00e9e de Papenoo, le seul itin\u00e9raire de Tahiti qui traverse l&rsquo;\u00eele du nord au sud, d\u00e9voilant ses tr\u00e9sors naturels les plus secrets. <\/p>\n<p class=\"\" data-start=\"617\" data-end=\"937\">Votre guide local, passionn\u00e9 et exp\u00e9riment\u00e9, partagera des histoires fascinantes sur la signification culturelle et spirituelle de la vall\u00e9e. \u00c0 mesure que vous vous enfoncerez dans ce c\u0153ur verdoyant, vous entendrez des r\u00e9cits d&rsquo;esprits ancestraux, de sites sacr\u00e9s (<em data-start=\"855\" data-end=\"862\">marae<\/em>) et du mode de vie polyn\u00e9sien ancestral qui r\u00e9sonne encore dans ces terres. <\/p>\n<p class=\"\" data-start=\"939\" data-end=\"1362\">Entour\u00e9 de sommets imposants et de falaises spectaculaires, vous ressentirez l&rsquo;\u00e9nergie brute du Mana \u2014 une force spirituelle cens\u00e9e circuler \u00e0 travers tous les \u00eatres vivants. La vall\u00e9e abrite une incroyable vari\u00e9t\u00e9 de flore et de faune tropicales : des foug\u00e8res g\u00e9antes, des hibiscus sauvages, des <em data-start=\"1202\" data-end=\"1209\">tiare <\/em>parfum\u00e9es, et d&rsquo;innombrables oiseaux virevoltant entre les arbres. Vous pourrez apercevoir des anguilles d&rsquo;eau douce dans les ruisseaux cristallins, ou des libellules dansant au-dessus de cascades secr\u00e8tes.  <\/p>\n<p class=\"\" data-start=\"1364\" data-end=\"1726\">Le terrain change radicalement \u00e0 mesure que vous traversez la vall\u00e9e : des for\u00eats tropicales denses laissent place \u00e0 de hauts plateaux montagneux, des formations rocheuses basaltiques et des pentes brumeuses couvertes de verdure. En chemin, faites une pause pour admirer des cascades \u00e0 couper le souffle d\u00e9valant les falaises, des bassins naturels o\u00f9 vous pourrez tremper vos pieds, et des vues panoramiques sur la nature vierge de l&rsquo;\u00eele. <\/p>\n<p class=\"\" data-start=\"1728\" data-end=\"2035\">Que vous soyez un amoureux de la nature, un passionn\u00e9 de photographie ou simplement en qu\u00eate d\u2019une immersion authentique dans le c\u00f4t\u00e9 sauvage de Tahiti, ce safari 4&#215;4 dans la vall\u00e9e de Papenoo est un voyage unique dans une vie \u2014 o\u00f9 la beaut\u00e9 des paysages, la richesse de sa culture et la chaleur de ses habitants s\u2019harmonisent parfaitement.<\/p>\n","protected":false},"excerpt":{"rendered":"<p>Montez \u00e0 bord d&rsquo;un v\u00e9hicule 4&#215;4 et partez \u00e0 l&rsquo;aventure dans l&rsquo;int\u00e9rieur sauvage et mystique de Tahiti \u2014 une terre fa\u00e7onn\u00e9e par les forces volcaniques anciennes et riche en l\u00e9gendes. Cette aventure d&rsquo;une journ\u00e9e compl\u00e8te vous emm\u00e8ne \u00e0 travers la magnifique Vall\u00e9e de Papenoo, le seul itin\u00e9raire de Tahiti qui traverse l&rsquo;\u00eele du nord au [&hellip;]<\/p>\n","protected":false},"featured_media":1546,"comment_status":"open","ping_status":"closed","template":"","meta":{"inline_featured_image":false},"country":[],"product_brand":[],"product_cat":[171],"product_tag":[182],"class_list":{"0":"post-4895","1":"product","2":"type-product","3":"status-publish","4":"has-post-thumbnail","6":"product_cat-activites","7":"product_tag-tahiti-fr","9":"first","10":"instock","11":"shipping-taxable","12":"purchasable","13":"product-type-simple"},"acf":[],"_links":{"self":[{"href":"https:\/\/stayinn.travel\/fr\/wp-json\/wp\/v2\/product\/4895","targetHints":{"allow":["GET"]}}],"collection":[{"href":"https:\/\/stayinn.travel\/fr\/wp-json\/wp\/v2\/product"}],"about":[{"href":"https:\/\/stayinn.travel\/fr\/wp-json\/wp\/v2\/types\/product"}],"replies":[{"embeddable":true,"href":"https:\/\/stayinn.travel\/fr\/wp-json\/wp\/v2\/comments?post=4895"}],"wp:featuredmedia":[{"embeddable":true,"href":"https:\/\/stayinn.travel\/fr\/wp-json\/wp\/v2\/media\/1546"}],"wp:attachment":[{"href":"https:\/\/stayinn.travel\/fr\/wp-json\/wp\/v2\/media?parent=4895"}],"wp:term":[{"taxonomy":"country","embeddable":true,"href":"https:\/\/stayinn.travel\/fr\/wp-json\/wp\/v2\/country?post=4895"},{"taxonomy":"product_brand","embeddable":true,"href":"https:\/\/stayinn.travel\/fr\/wp-json\/wp\/v2\/product_brand?post=4895"},{"taxonomy":"product_cat","embeddable":true,"href":"https:\/\/stayinn.travel\/fr\/wp-json\/wp\/v2\/product_cat?post=4895"},{"taxonomy":"product_tag","embeddable":true,"href":"https:\/\/stayinn.travel\/fr\/wp-json\/wp\/v2\/product_tag?post=4895"}],"curies":[{"name":"wp","href":"https:\/\/api.w.org\/{rel}","templated":true}]}}