{"id":4896,"date":"2025-05-22T21:56:35","date_gmt":"2025-05-22T21:56:35","guid":{"rendered":"https:\/\/stayinn.travel\/product\/bora-bora-excursion-privee-en-bateau-ponton-4-heures\/"},"modified":"2026-04-21T21:39:25","modified_gmt":"2026-04-21T21:39:25","slug":"bora-bora-excursion-privee-en-bateau-ponton-4-heures","status":"publish","type":"product","link":"https:\/\/stayinn.travel\/fr\/product\/bora-bora-excursion-privee-en-bateau-ponton-4-heures\/","title":{"rendered":"BORA BORA \u2013 Excursion priv\u00e9e en bateau ponton \u2013 4 heures"},"content":{"rendered":"<p data-start=\"156\" data-end=\"311\">Montez \u00e0 bord pour une <strong data-start=\"175\" data-end=\"224\">exp\u00e9rience exclusive, luxueuse et intime<\/strong> autour du l\u00e9gendaire lagon de Bora Bora \u00e0 bord d\u2019un <strong data-start=\"271\" data-end=\"310\">bateau ponton priv\u00e9 enti\u00e8rement \u00e9quip\u00e9<\/strong>.<\/p>\n<p data-start=\"313\" data-end=\"412\">Lors de cette <strong data-start=\"325\" data-end=\"342\">escapade de 4 heures<\/strong>, laissez-vous guider \u00e0 travers les endroits les plus \u00e9poustouflants de l\u2019\u00eele :<\/p>\n<p data-start=\"414\" data-end=\"663\">\ud83d\udc20 Plong\u00e9e en apn\u00e9e dans les <strong data-start=\"439\" data-end=\"456\">jardins de coraux<\/strong>,<br data-start=\"457\" data-end=\"460\">\ud83e\udd88 Nage aux c\u00f4t\u00e9s des <strong data-start=\"482\" data-end=\"506\">requins et des raies<\/strong>,<br data-start=\"507\" data-end=\"510\">\ud83c\udf0a Et, si les conditions le permettent, une rencontre magique avec les <strong data-start=\"568\" data-end=\"591\">majestueuses raies manta<\/strong> &#8211;<br data-start=\"593\" data-end=\"596\">le tout dans des <strong data-start=\"603\" data-end=\"638\">endroits isol\u00e9s et vierges,<\/strong> uniquement accessibles par bateau.<\/p>\n<p data-start=\"665\" data-end=\"848\">Tout est inclus pour votre confort :<br data-start=\"718\" data-end=\"721\">\ud83e\udddc\u200d\u2642\ufe0f Equipement complet de plong\u00e9e avec tuba,<br data-start=\"748\" data-end=\"751\">\ud83c\udf4d Fruits tropicaux frais,<br data-start=\"776\" data-end=\"779\">\ud83e\udd64 Glaci\u00e8re remplie de boissons rafra\u00eechissantes,<br data-start=\"826\" data-end=\"829\">\ud83e\uddfa Serviettes de bain fournies.<\/p>\n<p data-start=\"850\" data-end=\"1000\">Un <strong data-start=\"852\" data-end=\"880\">moment v\u00e9ritablement exceptionnel<\/strong>, en petit comit\u00e9, pour d\u00e9couvrir la beaut\u00e9 authentique de Bora Bora \u2014 loin de la foule. \ud83c\udf3a<\/p>\n<p data-start=\"850\" data-end=\"1000\"><strong>\u27a1\ufe0f Jusqu\u2019\u00e0 6 personnes<\/strong><\/p>\n","protected":false},"excerpt":{"rendered":"<p><strong data-start=\"968\" data-end=\"1000\">\u2728\ud83d\udc8ePriv\u00e9, Exclusif, Magique \ud83d\udc20\ud83c\udf4d <\/strong><\/p>\n","protected":false},"featured_media":2377,"comment_status":"open","ping_status":"closed","template":"","meta":{"inline_featured_image":false},"country":[],"product_brand":[],"product_cat":[171],"product_tag":[184],"class_list":{"0":"post-4896","1":"product","2":"type-product","3":"status-publish","4":"has-post-thumbnail","6":"product_cat-activites","7":"product_tag-bora-bora-fr","9":"first","10":"instock","11":"shipping-taxable","12":"purchasable","13":"product-type-simple"},"acf":[],"_links":{"self":[{"href":"https:\/\/stayinn.travel\/fr\/wp-json\/wp\/v2\/product\/4896","targetHints":{"allow":["GET"]}}],"collection":[{"href":"https:\/\/stayinn.travel\/fr\/wp-json\/wp\/v2\/product"}],"about":[{"href":"https:\/\/stayinn.travel\/fr\/wp-json\/wp\/v2\/types\/product"}],"replies":[{"embeddable":true,"href":"https:\/\/stayinn.travel\/fr\/wp-json\/wp\/v2\/comments?post=4896"}],"wp:featuredmedia":[{"embeddable":true,"href":"https:\/\/stayinn.travel\/fr\/wp-json\/wp\/v2\/media\/2377"}],"wp:attachment":[{"href":"https:\/\/stayinn.travel\/fr\/wp-json\/wp\/v2\/media?parent=4896"}],"wp:term":[{"taxonomy":"country","embeddable":true,"href":"https:\/\/stayinn.travel\/fr\/wp-json\/wp\/v2\/country?post=4896"},{"taxonomy":"product_brand","embeddable":true,"href":"https:\/\/stayinn.travel\/fr\/wp-json\/wp\/v2\/product_brand?post=4896"},{"taxonomy":"product_cat","embeddable":true,"href":"https:\/\/stayinn.travel\/fr\/wp-json\/wp\/v2\/product_cat?post=4896"},{"taxonomy":"product_tag","embeddable":true,"href":"https:\/\/stayinn.travel\/fr\/wp-json\/wp\/v2\/product_tag?post=4896"}],"curies":[{"name":"wp","href":"https:\/\/api.w.org\/{rel}","templated":true}]}}