{"id":4897,"date":"2025-05-06T05:04:34","date_gmt":"2025-05-06T05:04:34","guid":{"rendered":"https:\/\/stayinn.travel\/product\/tahiti-circuit-culinaire-a-papeete\/"},"modified":"2026-04-24T18:10:02","modified_gmt":"2026-04-24T18:10:02","slug":"tahiti-circuit-culinaire-a-papeete","status":"publish","type":"product","link":"https:\/\/stayinn.travel\/fr\/product\/tahiti-circuit-culinaire-a-papeete\/","title":{"rendered":"TAHITI &#8211; Circuit Culinaire \u00e0 Papeete"},"content":{"rendered":"<p><strong data-start=\"54\" data-end=\"245\">Venez d\u00e9couvrir la culture moderne de la cuisine de rue locale avec votre guide, qui fera voyager vos papilles \u00e0 travers le march\u00e9 municipal de Papeete et les rues de la ville environnante.<\/strong><br data-start=\"245\" data-end=\"248\">Vous rencontrerez des vendeurs locaux et d\u00e9gusterez des aliments authentiques tels que des fruits de saison, des snacks, des plats de poisson, des jus de fruits frais, et bien plus encore. La visite met en lumi\u00e8re les trois principales influences culinaires de Tahiti : Polyn\u00e9sienne, Chinoise et Fran\u00e7aise. <\/p>\n<p>Attendez-vous \u00e0 un minimum de 10 \u00e0 12 d\u00e9gustations, selon la saison et la disponibilit\u00e9. En chemin, vous visiterez \u00e9galement quelques sites historiques de la ville de Papeete. <\/p>\n<p><br data-start=\"630\" data-end=\"633\" data-is-only-node=\"\"><strong data-start=\"633\" data-end=\"646\">INCLUS :<\/strong> toutes les d\u00e9gustations et de l&rsquo;eau en bouteille.<\/p>\n","protected":false},"excerpt":{"rendered":"<p class=\"\" data-start=\"43\" data-end=\"117\"><strong data-start=\"43\" data-end=\"117\">Go\u00fbtez Tahiti \ud83c\udf4d\ud83d\udc1f\ud83e\udd56 \u2014 Un Voyage Savoureux \u00e0 Travers les Rues de Papeete !<\/strong><\/p>\n<p class=\"\" data-start=\"119\" data-end=\"187\">\n","protected":false},"featured_media":3573,"comment_status":"open","ping_status":"closed","template":"","meta":{"inline_featured_image":false},"country":[],"product_brand":[],"product_cat":[171],"product_tag":[182],"class_list":{"0":"post-4897","1":"product","2":"type-product","3":"status-publish","4":"has-post-thumbnail","6":"product_cat-activites","7":"product_tag-tahiti-fr","9":"first","10":"instock","11":"shipping-taxable","12":"purchasable","13":"product-type-simple"},"acf":[],"_links":{"self":[{"href":"https:\/\/stayinn.travel\/fr\/wp-json\/wp\/v2\/product\/4897","targetHints":{"allow":["GET"]}}],"collection":[{"href":"https:\/\/stayinn.travel\/fr\/wp-json\/wp\/v2\/product"}],"about":[{"href":"https:\/\/stayinn.travel\/fr\/wp-json\/wp\/v2\/types\/product"}],"replies":[{"embeddable":true,"href":"https:\/\/stayinn.travel\/fr\/wp-json\/wp\/v2\/comments?post=4897"}],"wp:featuredmedia":[{"embeddable":true,"href":"https:\/\/stayinn.travel\/fr\/wp-json\/wp\/v2\/media\/3573"}],"wp:attachment":[{"href":"https:\/\/stayinn.travel\/fr\/wp-json\/wp\/v2\/media?parent=4897"}],"wp:term":[{"taxonomy":"country","embeddable":true,"href":"https:\/\/stayinn.travel\/fr\/wp-json\/wp\/v2\/country?post=4897"},{"taxonomy":"product_brand","embeddable":true,"href":"https:\/\/stayinn.travel\/fr\/wp-json\/wp\/v2\/product_brand?post=4897"},{"taxonomy":"product_cat","embeddable":true,"href":"https:\/\/stayinn.travel\/fr\/wp-json\/wp\/v2\/product_cat?post=4897"},{"taxonomy":"product_tag","embeddable":true,"href":"https:\/\/stayinn.travel\/fr\/wp-json\/wp\/v2\/product_tag?post=4897"}],"curies":[{"name":"wp","href":"https:\/\/api.w.org\/{rel}","templated":true}]}}