{"id":4899,"date":"2025-05-06T05:51:23","date_gmt":"2025-05-06T05:51:23","guid":{"rendered":"https:\/\/stayinn.travel\/product\/tahiti-tour-en-helicoptere-moorea-vue-de-tahiti-35-minutes\/"},"modified":"2026-04-24T17:51:12","modified_gmt":"2026-04-24T17:51:12","slug":"tahiti-tour-en-helicoptere-moorea-vue-de-tahiti-35-minutes","status":"publish","type":"product","link":"https:\/\/stayinn.travel\/fr\/product\/tahiti-tour-en-helicoptere-moorea-vue-de-tahiti-35-minutes\/","title":{"rendered":"TAHITI \u2013 Tour en H\u00e9licopt\u00e8re \u00ab Moorea vue de Tahiti \u00bb \u2013 35 minutes"},"content":{"rendered":"<p class=\"\" data-start=\"75\" data-end=\"392\">Montez \u00e0 bord et prenez votre envol \u2014 destination Moorea. Apr\u00e8s un vol panoramique de 7 minutes offrant une vue imprenable sur Moorea, survolez la baie de Vaiare et admirez la c\u00e9l\u00e8bre montagne perc\u00e9e. Survolez les lagons turquoise et les r\u00e9cifs coralliens du c\u00f4t\u00e9 ouest.  <\/p>\n<p class=\"\" data-start=\"394\" data-end=\"777\">Volez au c\u0153ur de Moorea en passant par la baie d&rsquo;Opunohu et d\u00e9couvrez ses luxuriantes plantations d&rsquo;ananas. Survolez le c\u00e9l\u00e8bre point de vue avant de quitter la baie de Cook et d&rsquo;admirer le mont Rotui. Compl\u00e9tez votre cercle a\u00e9rien de l&rsquo;\u00eele s\u0153ur avec des vues \u00e0 couper le souffle de son lagon vibrant aux teintes de bleu et de vert, avant de revenir \u00e0 Tahiti, en profitant d&rsquo;une derni\u00e8re vue panoramique de l&rsquo;\u00eele.  <\/p>\n<p data-start=\"394\" data-end=\"777\">*Tour priv\u00e9 uniquement<\/p>\n","protected":false},"excerpt":{"rendered":"<p><strong>Des Sommets aux R\u00e9cifs \ud83c\udfd4\ufe0f\ud83c\udf0a \u2013 D\u00e9couvrez Moorea Comme Jamais Avant \ud83d\ude81<\/strong><\/p>\n","protected":false},"featured_media":1615,"comment_status":"open","ping_status":"closed","template":"","meta":{"inline_featured_image":false},"country":[],"product_brand":[],"product_cat":[171],"product_tag":[182],"class_list":{"0":"post-4899","1":"product","2":"type-product","3":"status-publish","4":"has-post-thumbnail","6":"product_cat-activites","7":"product_tag-tahiti-fr","9":"first","10":"instock","11":"shipping-taxable","12":"purchasable","13":"product-type-simple"},"acf":[],"_links":{"self":[{"href":"https:\/\/stayinn.travel\/fr\/wp-json\/wp\/v2\/product\/4899","targetHints":{"allow":["GET"]}}],"collection":[{"href":"https:\/\/stayinn.travel\/fr\/wp-json\/wp\/v2\/product"}],"about":[{"href":"https:\/\/stayinn.travel\/fr\/wp-json\/wp\/v2\/types\/product"}],"replies":[{"embeddable":true,"href":"https:\/\/stayinn.travel\/fr\/wp-json\/wp\/v2\/comments?post=4899"}],"wp:featuredmedia":[{"embeddable":true,"href":"https:\/\/stayinn.travel\/fr\/wp-json\/wp\/v2\/media\/1615"}],"wp:attachment":[{"href":"https:\/\/stayinn.travel\/fr\/wp-json\/wp\/v2\/media?parent=4899"}],"wp:term":[{"taxonomy":"country","embeddable":true,"href":"https:\/\/stayinn.travel\/fr\/wp-json\/wp\/v2\/country?post=4899"},{"taxonomy":"product_brand","embeddable":true,"href":"https:\/\/stayinn.travel\/fr\/wp-json\/wp\/v2\/product_brand?post=4899"},{"taxonomy":"product_cat","embeddable":true,"href":"https:\/\/stayinn.travel\/fr\/wp-json\/wp\/v2\/product_cat?post=4899"},{"taxonomy":"product_tag","embeddable":true,"href":"https:\/\/stayinn.travel\/fr\/wp-json\/wp\/v2\/product_tag?post=4899"}],"curies":[{"name":"wp","href":"https:\/\/api.w.org\/{rel}","templated":true}]}}