{"id":4904,"date":"2025-05-13T06:36:17","date_gmt":"2025-05-13T06:36:17","guid":{"rendered":"https:\/\/stayinn.travel\/product\/paradis-polynesien-evasion-exclusive-en-groupe\/"},"modified":"2025-12-28T19:36:23","modified_gmt":"2025-12-28T19:36:23","slug":"paradis-polynesien-evasion-exclusive-en-groupe","status":"publish","type":"product","link":"https:\/\/stayinn.travel\/fr\/product\/paradis-polynesien-evasion-exclusive-en-groupe\/","title":{"rendered":"Paradis Polyn\u00e9sien, \u00c9vasion Exclusive en Groupe"},"content":{"rendered":"<p class=\"\" data-start=\"124\" data-end=\"160\">\ud83c\udf34 <strong data-start=\"127\" data-end=\"160\">Bienvenue au Paradis sur Terre !<\/strong><\/p>\n<p class=\"\" data-start=\"162\" data-end=\"252\">\u2728 <em data-start=\"164\" data-end=\"252\">D\u00e9couvrez le charme enchanteur des \u00eeles de la Soci\u00e9t\u00e9 et de l&rsquo;archipel sauvage des Tuamotu.<\/em><\/p>\n<p class=\"\" data-start=\"254\" data-end=\"356\">Nous vous invitons \u00e0 explorer la Polyn\u00e9sie fran\u00e7aise avec notre<strong data-start=\"305\" data-end=\"326\"> Package exclusif<\/strong> pour des groupes allant jusqu&rsquo;\u00e0 8 personnes.<\/p>\n<p class=\"\" data-start=\"358\" data-end=\"628\">Pr\u00e9parez-vous \u00e0 vivre une aventure inoubliable en visitant 4 \u00eeles embl\u00e9matiques : Tahiti, Moorea, Taha&rsquo;a et Rangiroa.<br data-start=\"475\" data-end=\"478\">Profitez d&rsquo;un forfait tout compris qui couvre votre h\u00e9bergement, vos vols et vos transferts en ferry entre les \u00eeles, la location de voiture et les activit\u00e9s.<\/p>\n<p class=\"\" data-start=\"630\" data-end=\"706\">\u26f1\ufe0f Voyagez \u00e0 votre rythme, sans stress, et plongez pleinement dans la magie des \u00eeles.<\/p>\n<hr class=\"\" data-start=\"708\" data-end=\"711\">\n<p class=\"\" data-start=\"713\" data-end=\"738\"><strong data-start=\"717\" data-end=\"738\">\ud83c\udfdd\ufe0f \u00ceLES INCLUS :<\/strong><\/p>\n<ul data-start=\"740\" data-end=\"783\">\n<li class=\"\" data-start=\"740\" data-end=\"750\">\n<p class=\"\" data-start=\"742\" data-end=\"750\">Tahiti<\/p>\n<\/li>\n<li class=\"\" data-start=\"751\" data-end=\"761\">\n<p class=\"\" data-start=\"753\" data-end=\"761\">Moorea<\/p>\n<\/li>\n<li class=\"\" data-start=\"762\" data-end=\"772\">\n<p class=\"\" data-start=\"764\" data-end=\"772\">Taha\u2019a<\/p>\n<\/li>\n<li class=\"\" data-start=\"773\" data-end=\"783\">\n<p class=\"\" data-start=\"775\" data-end=\"783\">Rangiroa<\/p>\n<\/li>\n<\/ul>\n<p class=\"\" data-start=\"785\" data-end=\"808\">\u2705 <strong data-start=\"787\" data-end=\"808\">PACKAGE INCLUS:<\/strong><\/p>\n<ul data-start=\"810\" data-end=\"976\">\n<li class=\"\" data-start=\"810\" data-end=\"833\">\n<p class=\"\" data-start=\"812\" data-end=\"833\">13 Nuits\/ 14 Jours<\/p>\n<\/li>\n<li class=\"\" data-start=\"834\" data-end=\"852\">\n<p class=\"\" data-start=\"836\" data-end=\"852\">H\u00e9bergements<\/p>\n<\/li>\n<li class=\"\" data-start=\"853\" data-end=\"897\">\n<p class=\"\" data-start=\"855\" data-end=\"897\">Vols et transferts en ferry inter-\u00eeles<\/p>\n<\/li>\n<li class=\"\" data-start=\"898\" data-end=\"913\">\n<p class=\"\" data-start=\"900\" data-end=\"913\">Location de voiture<\/p>\n<\/li>\n<li class=\"\" data-start=\"914\" data-end=\"976\">\n<p class=\"\" data-start=\"916\" data-end=\"976\">Activit\u00e9s (y compris des exp\u00e9riences culturelles et des visites guid\u00e9es)<\/p>\n<\/li>\n<\/ul>\n","protected":false},"excerpt":{"rendered":"<p>\ud83d\udc68\u200d\ud83d\udc69\u200d\ud83d\udc67\u200d\ud83d\udc66 Une aventure insulaire con\u00e7ue pour les groupes \u2013 le paradis vous attend !<\/p>\n","protected":false},"featured_media":3478,"comment_status":"open","ping_status":"closed","template":"","meta":{"inline_featured_image":false},"country":[],"product_brand":[],"product_cat":[172],"product_tag":[],"class_list":{"0":"post-4904","1":"product","2":"type-product","3":"status-publish","4":"has-post-thumbnail","6":"product_cat-paquets","8":"first","9":"instock","10":"shipping-taxable","11":"purchasable","12":"product-type-simple"},"acf":[],"_links":{"self":[{"href":"https:\/\/stayinn.travel\/fr\/wp-json\/wp\/v2\/product\/4904","targetHints":{"allow":["GET"]}}],"collection":[{"href":"https:\/\/stayinn.travel\/fr\/wp-json\/wp\/v2\/product"}],"about":[{"href":"https:\/\/stayinn.travel\/fr\/wp-json\/wp\/v2\/types\/product"}],"replies":[{"embeddable":true,"href":"https:\/\/stayinn.travel\/fr\/wp-json\/wp\/v2\/comments?post=4904"}],"wp:featuredmedia":[{"embeddable":true,"href":"https:\/\/stayinn.travel\/fr\/wp-json\/wp\/v2\/media\/3478"}],"wp:attachment":[{"href":"https:\/\/stayinn.travel\/fr\/wp-json\/wp\/v2\/media?parent=4904"}],"wp:term":[{"taxonomy":"country","embeddable":true,"href":"https:\/\/stayinn.travel\/fr\/wp-json\/wp\/v2\/country?post=4904"},{"taxonomy":"product_brand","embeddable":true,"href":"https:\/\/stayinn.travel\/fr\/wp-json\/wp\/v2\/product_brand?post=4904"},{"taxonomy":"product_cat","embeddable":true,"href":"https:\/\/stayinn.travel\/fr\/wp-json\/wp\/v2\/product_cat?post=4904"},{"taxonomy":"product_tag","embeddable":true,"href":"https:\/\/stayinn.travel\/fr\/wp-json\/wp\/v2\/product_tag?post=4904"}],"curies":[{"name":"wp","href":"https:\/\/api.w.org\/{rel}","templated":true}]}}