{"id":4905,"date":"2025-06-07T00:40:32","date_gmt":"2025-06-07T00:40:32","guid":{"rendered":"https:\/\/stayinn.travel\/product\/tahaa-safari-en-4x4-4-heures\/"},"modified":"2026-04-21T20:15:08","modified_gmt":"2026-04-21T20:15:08","slug":"tahaa-safari-en-4x4-4-heures","status":"publish","type":"product","link":"https:\/\/stayinn.travel\/fr\/product\/tahaa-safari-en-4x4-4-heures\/","title":{"rendered":"TAHA\u2019A \u2013 Safari en 4&#215;4 \u2013 4 heures"},"content":{"rendered":"<p data-start=\"142\" data-end=\"447\">D\u00e9couvrez les secrets de l\u2019\u00cele Vanille lors d\u2019un safari matinal en 4&#215;4 alliant exp\u00e9riences culturelles, d\u00e9gustations et panoramas \u00e0 couper le souffle ! Accompagn\u00e9 de guides locaux passionn\u00e9s, vous rencontrerez les chaleureux habitants de Taha\u2019a et reviendrez enrichi de rencontres authentiques et de la sagesse locale. <\/p>\n<p data-start=\"449\" data-end=\"735\">Les points forts incluent : une visite et une d\u00e9gustation \u00e0 la c\u00e9l\u00e8bre distillerie Pari Pari \u00e0 Tapuamu, une visite guid\u00e9e d\u2019une plantation de vanille avec d\u00e9gustation de jus frais et de fruits, ainsi qu\u2019une visite d\u2019une ferme perli\u00e8re o\u00f9 vous d\u00e9couvrirez les techniques de greffage et la culture des c\u00e9l\u00e8bres perles noires de Tahiti.<\/p>\n<p data-start=\"737\" data-end=\"996\">En chemin, votre guide vous fera d\u00e9couvrir les plantes polyn\u00e9siennes essentielles lors de diff\u00e9rentes pauses botaniques et vous expliquera leurs usages traditionnels. Vous profiterez \u00e9galement d\u2019un spectacle ludique autour de la noix de coco, o\u00f9 vous apprendrez \u00e0 l\u2019ouvrir et \u00e0 d\u00e9guster son eau rafra\u00eechissante. <\/p>\n<p data-start=\"998\" data-end=\"1191\">Laissez le vent souffler dans vos cheveux tandis que vous parcourez la nature sauvage et pr\u00e9serv\u00e9e de l\u2019\u00eele. Plusieurs arr\u00eats photo sont pr\u00e9vus, notamment aux magnifiques points de vue de Tiva et Haamene. <\/p>\n","protected":false},"excerpt":{"rendered":"<p><strong>\ud83c\udf3a\ud83d\ude99 Culture, nature et routes de la vanille \u2014 explorez Taha\u2019a hors des sentiers battus ! \ud83c\udf34\u2728 <\/strong><\/p>\n","protected":false},"featured_media":4132,"comment_status":"open","ping_status":"closed","template":"","meta":{"inline_featured_image":false},"country":[],"product_brand":[],"product_cat":[171],"product_tag":[185],"class_list":{"0":"post-4905","1":"product","2":"type-product","3":"status-publish","4":"has-post-thumbnail","6":"product_cat-activites","7":"product_tag-tahaa-fr","9":"first","10":"instock","11":"shipping-taxable","12":"purchasable","13":"product-type-simple"},"acf":[],"_links":{"self":[{"href":"https:\/\/stayinn.travel\/fr\/wp-json\/wp\/v2\/product\/4905","targetHints":{"allow":["GET"]}}],"collection":[{"href":"https:\/\/stayinn.travel\/fr\/wp-json\/wp\/v2\/product"}],"about":[{"href":"https:\/\/stayinn.travel\/fr\/wp-json\/wp\/v2\/types\/product"}],"replies":[{"embeddable":true,"href":"https:\/\/stayinn.travel\/fr\/wp-json\/wp\/v2\/comments?post=4905"}],"wp:featuredmedia":[{"embeddable":true,"href":"https:\/\/stayinn.travel\/fr\/wp-json\/wp\/v2\/media\/4132"}],"wp:attachment":[{"href":"https:\/\/stayinn.travel\/fr\/wp-json\/wp\/v2\/media?parent=4905"}],"wp:term":[{"taxonomy":"country","embeddable":true,"href":"https:\/\/stayinn.travel\/fr\/wp-json\/wp\/v2\/country?post=4905"},{"taxonomy":"product_brand","embeddable":true,"href":"https:\/\/stayinn.travel\/fr\/wp-json\/wp\/v2\/product_brand?post=4905"},{"taxonomy":"product_cat","embeddable":true,"href":"https:\/\/stayinn.travel\/fr\/wp-json\/wp\/v2\/product_cat?post=4905"},{"taxonomy":"product_tag","embeddable":true,"href":"https:\/\/stayinn.travel\/fr\/wp-json\/wp\/v2\/product_tag?post=4905"}],"curies":[{"name":"wp","href":"https:\/\/api.w.org\/{rel}","templated":true}]}}