{"id":4907,"date":"2025-06-07T00:55:08","date_gmt":"2025-06-07T00:55:08","guid":{"rendered":"https:\/\/stayinn.travel\/product\/tahaa-safari-en-4x4-jet-ski\/"},"modified":"2026-04-21T20:00:49","modified_gmt":"2026-04-21T20:00:49","slug":"tahaa-safari-en-4x4-jet-ski","status":"publish","type":"product","link":"https:\/\/stayinn.travel\/fr\/product\/tahaa-safari-en-4x4-jet-ski\/","title":{"rendered":"TAHA\u2019A \u2013 Safari en 4&#215;4 &amp; Jet Ski"},"content":{"rendered":"<p data-start=\"99\" data-end=\"296\">Embarquez pour un voyage passionnant et culturel \u00e0 travers les incontournables de l\u2019\u00cele Vanille avec une excursion combin\u00e9e dynamique : un safari en 4&#215;4 ludique suivi d\u2019une balade en jet ski palpitante sur le lagon pr\u00e9serv\u00e9 de Taha\u2019a.<\/p>\n<p data-start=\"298\" data-end=\"655\">Commencez la journ\u00e9e par un safari guid\u00e9 \u00e0 travers l\u2019\u00eele, \u00e0 la d\u00e9couverte de la vie locale et des tr\u00e9sors culturels. Rencontrez des habitants chaleureux, visitez la c\u00e9l\u00e8bre distillerie de rhum Pari Pari \u00e0 Tapuamu, et explorez une plantation de vanille avec d\u00e9gustation de fruits frais et de jus. Vous visiterez \u00e9galement une ferme de perles noires pour d\u00e9couvrir les techniques de greffage et les secrets des perles tahitiennes.  <\/p>\n<p data-start=\"657\" data-end=\"904\">Votre guide vous partagera des informations pr\u00e9cieuses sur les plantes natives et leurs usages quotidiens dans la vie polyn\u00e9sienne. Profitez de pauses botaniques pittoresques, de panoramas depuis les belv\u00e9d\u00e8res de Tiva et Haamene, ainsi que d\u2019un spectacle convivial autour de la noix de coco avec d\u00e9gustation d\u2019eau fra\u00eeche. <\/p>\n<p data-start=\"906\" data-end=\"1150\">Puis, il est temps de passer \u00e0 la vitesse sup\u00e9rieure \u2014 au sens propre \u2014 avec une balade en jet ski d\u2019une heure !<br \/>Au d\u00e9part de la baie de Haamene, dirigez-vous vers le nord en direction de l\u2019h\u00f4tel Vahine Island, en admirant les eaux turquoise, les motus sauvages et les bungalows sur pilotis avant de revenir \u00e0 Haamene. <\/p>\n<p>&nbsp;<\/p>\n<p>Prix pour 2 personnes \/ 1 jet ski<\/p>\n","protected":false},"excerpt":{"rendered":"<p>\ud83c\udf34\ud83d\ude99\ud83c\udf0a De la terre au lagon \u2014 explorez Taha\u2019a entre sensations fortes, culture et beaut\u00e9 tropicale ! \ud83d\udc1a\u2728<\/p>\n","protected":false},"featured_media":4136,"comment_status":"open","ping_status":"closed","template":"","meta":{"inline_featured_image":false},"country":[],"product_brand":[],"product_cat":[171],"product_tag":[185],"class_list":{"0":"post-4907","1":"product","2":"type-product","3":"status-publish","4":"has-post-thumbnail","6":"product_cat-activites","7":"product_tag-tahaa-fr","9":"first","10":"instock","11":"shipping-taxable","12":"purchasable","13":"product-type-simple"},"acf":[],"_links":{"self":[{"href":"https:\/\/stayinn.travel\/fr\/wp-json\/wp\/v2\/product\/4907","targetHints":{"allow":["GET"]}}],"collection":[{"href":"https:\/\/stayinn.travel\/fr\/wp-json\/wp\/v2\/product"}],"about":[{"href":"https:\/\/stayinn.travel\/fr\/wp-json\/wp\/v2\/types\/product"}],"replies":[{"embeddable":true,"href":"https:\/\/stayinn.travel\/fr\/wp-json\/wp\/v2\/comments?post=4907"}],"wp:featuredmedia":[{"embeddable":true,"href":"https:\/\/stayinn.travel\/fr\/wp-json\/wp\/v2\/media\/4136"}],"wp:attachment":[{"href":"https:\/\/stayinn.travel\/fr\/wp-json\/wp\/v2\/media?parent=4907"}],"wp:term":[{"taxonomy":"country","embeddable":true,"href":"https:\/\/stayinn.travel\/fr\/wp-json\/wp\/v2\/country?post=4907"},{"taxonomy":"product_brand","embeddable":true,"href":"https:\/\/stayinn.travel\/fr\/wp-json\/wp\/v2\/product_brand?post=4907"},{"taxonomy":"product_cat","embeddable":true,"href":"https:\/\/stayinn.travel\/fr\/wp-json\/wp\/v2\/product_cat?post=4907"},{"taxonomy":"product_tag","embeddable":true,"href":"https:\/\/stayinn.travel\/fr\/wp-json\/wp\/v2\/product_tag?post=4907"}],"curies":[{"name":"wp","href":"https:\/\/api.w.org\/{rel}","templated":true}]}}