{"id":4908,"date":"2025-04-29T05:32:56","date_gmt":"2025-04-29T05:32:56","guid":{"rendered":"https:\/\/stayinn.travel\/product\/tahiti-croisiere-en-catamaran-vers-tatiaroa-latoll-de-marlon-brando-12h\/"},"modified":"2026-04-24T19:18:14","modified_gmt":"2026-04-24T19:18:14","slug":"tahiti-croisiere-en-catamaran-vers-tatiaroa-latoll-de-marlon-brando-12h","status":"publish","type":"product","link":"https:\/\/stayinn.travel\/fr\/product\/tahiti-croisiere-en-catamaran-vers-tatiaroa-latoll-de-marlon-brando-12h\/","title":{"rendered":"TAHITI &#8211; Croisi\u00e8re en catamaran vers Tatiaroa, l&rsquo;atoll de Marlon Brando &#8211; 12H"},"content":{"rendered":"<p>D\u00e9couvrez Tetiaroa, un atoll priv\u00e9 d&rsquo;une beaut\u00e9 exceptionnelle, lors d&rsquo;une excursion d&rsquo;une journ\u00e9e en catamaran qui vous permettra d&rsquo;explorer un v\u00e9ritable atoll \u00e0 seulement quelques heures de Tahiti.<\/p>\n<p>\u00c0 bord d&rsquo;un catamaran confortable et de petite capacit\u00e9, garantissant une exp\u00e9rience intime, vous embarquerez t\u00f4t le matin depuis la marina de Papeete pour une travers\u00e9e de 4 heures qui vous m\u00e8nera au paradis.<\/p>\n<p>Tetiaroa, c\u00e9l\u00e8bre pour son histoire li\u00e9e \u00e0 Marlon Brando et son h\u00f4tel de luxe accueillant des c\u00e9l\u00e9brit\u00e9s, \u00ab Le Brando \u00bb, est un site naturel pr\u00e9serv\u00e9 o\u00f9 la faune et la flore prosp\u00e8rent en toute tranquillit\u00e9.<\/p>\n<p>Une fois arriv\u00e9 \u00e0 Tetiaroa, vous commencerez votre exploration par une promenade sur l&rsquo;\u00eele aux Oiseaux, un sanctuaire pour les oiseaux marins tels que les fr\u00e9gates et les sternes. En vous promenant le long de la plage, vous pourrez observer ces magnifiques oiseaux voler librement dans leur habitat naturel. Votre guide enthousiaste vous fournira des informations fascinantes sur les esp\u00e8ces pr\u00e9sentes et l&rsquo;histoire de l&rsquo;\u00eele.  <\/p>\n<p>Apr\u00e8s cette promenade, vous plongerez dans les eaux cristallines du lagon de Tetiaroa pour faire de la plong\u00e9e avec tuba, un v\u00e9ritable aquarium naturel o\u00f9 vous pourrez nager parmi les poissons tropicaux color\u00e9s, les tortues de mer et peut-\u00eatre m\u00eame les raies ou les requins de r\u00e9cif. Vous aurez du temps libre pour profiter des plages d\u00e9sertes de Tetiaroa, qui sont immacul\u00e9es, bord\u00e9es de palmiers et offrent un cadre id\u00e9al pour se d\u00e9tendre, nager ou se promener. <\/p>\n<p>Apr\u00e8s une baignade rafra\u00eechissante, le d\u00e9jeuner sera servi \u00e0 bord. Il s&rsquo;agira d&rsquo;un d\u00e9licieux repas polyn\u00e9sien compos\u00e9 de poisson cru \u00e0 la tahitienne, de poulet grill\u00e9, de salades fra\u00eeches et de fruits tropicaux locaux. Ce sera l&rsquo;occasion id\u00e9ale pour discuter avec les autres passagers tout en profitant de la vue imprenable sur l&rsquo;oc\u00e9an. <\/p>\n<p>Apr\u00e8s votre temps libre, il sera temps d&#8217;embarquer \u00e0 bord du catamaran pour le voyage de retour vers Tahiti, une derni\u00e8re occasion de profiter des paysages exceptionnels de Tetiaroa avant de regagner la civilisation, en traversant une nouvelle fois l&rsquo;oc\u00e9an Pacifique pour retourner \u00e0 Papeete.<\/p>\n","protected":false},"excerpt":{"rendered":"<p>Naviguez vers le paradis \u26f5\ud83c\udfdd\ufe0f \u2014 D\u00e9couvrez l&rsquo;atoll magique de Marlon Brando ! \ud83c\udf3a\ud83d\udc20<\/p>\n","protected":false},"featured_media":3497,"comment_status":"open","ping_status":"closed","template":"","meta":{"inline_featured_image":false},"country":[],"product_brand":[],"product_cat":[171],"product_tag":[182],"class_list":{"0":"post-4908","1":"product","2":"type-product","3":"status-publish","4":"has-post-thumbnail","6":"product_cat-activites","7":"product_tag-tahiti-fr","9":"first","10":"instock","11":"shipping-taxable","12":"purchasable","13":"product-type-simple"},"acf":[],"_links":{"self":[{"href":"https:\/\/stayinn.travel\/fr\/wp-json\/wp\/v2\/product\/4908","targetHints":{"allow":["GET"]}}],"collection":[{"href":"https:\/\/stayinn.travel\/fr\/wp-json\/wp\/v2\/product"}],"about":[{"href":"https:\/\/stayinn.travel\/fr\/wp-json\/wp\/v2\/types\/product"}],"replies":[{"embeddable":true,"href":"https:\/\/stayinn.travel\/fr\/wp-json\/wp\/v2\/comments?post=4908"}],"wp:featuredmedia":[{"embeddable":true,"href":"https:\/\/stayinn.travel\/fr\/wp-json\/wp\/v2\/media\/3497"}],"wp:attachment":[{"href":"https:\/\/stayinn.travel\/fr\/wp-json\/wp\/v2\/media?parent=4908"}],"wp:term":[{"taxonomy":"country","embeddable":true,"href":"https:\/\/stayinn.travel\/fr\/wp-json\/wp\/v2\/country?post=4908"},{"taxonomy":"product_brand","embeddable":true,"href":"https:\/\/stayinn.travel\/fr\/wp-json\/wp\/v2\/product_brand?post=4908"},{"taxonomy":"product_cat","embeddable":true,"href":"https:\/\/stayinn.travel\/fr\/wp-json\/wp\/v2\/product_cat?post=4908"},{"taxonomy":"product_tag","embeddable":true,"href":"https:\/\/stayinn.travel\/fr\/wp-json\/wp\/v2\/product_tag?post=4908"}],"curies":[{"name":"wp","href":"https:\/\/api.w.org\/{rel}","templated":true}]}}