{"id":4911,"date":"2025-06-11T03:28:20","date_gmt":"2025-06-11T03:28:20","guid":{"rendered":"https:\/\/stayinn.travel\/product\/fakarava-plongee-sous-marine\/"},"modified":"2026-04-21T19:42:36","modified_gmt":"2026-04-21T19:42:36","slug":"fakarava-plongee-sous-marine","status":"publish","type":"product","link":"https:\/\/stayinn.travel\/fr\/product\/fakarava-plongee-sous-marine\/","title":{"rendered":"FAKARAVA &#8211; Plong\u00e9e sous-marine"},"content":{"rendered":"<p data-start=\"135\" data-end=\"468\">V\u00e9ritable paradis pour les plongeurs, la Polyn\u00e9sie fran\u00e7aise est sans aucun doute l&rsquo;une des meilleures destinations au monde pour la plong\u00e9e sous-marine. Que vous soyez d\u00e9butant ou plongeur exp\u00e9riment\u00e9, ne manquez pas l&rsquo;occasion de faire votre premi\u00e8re plong\u00e9e dans cette destination embl\u00e9matique, o\u00f9 les lagons brillent de centaines de nuances de bleu et regorgent d&rsquo;une vie marine fascinante. <\/p>\n<p data-start=\"470\" data-end=\"749\">Votre moniteur certifi\u00e9 fera un briefing pour votre groupe de plong\u00e9e et vous expliquera les sp\u00e9cificit\u00e9s du site que vous vous appr\u00eatez \u00e0 explorer. Une fois \u00e0 bord du bateau, cap sur le site de plong\u00e9e s\u00e9lectionn\u00e9. \u00c0 l\u2019arriv\u00e9e, vous enfilerez votre \u00e9quipement, vous vous installerez au bord du bateau et, au compte de trois\u2026 vous basculerez dans un tout autre monde.  <\/p>\n<p data-start=\"751\" data-end=\"969\">\u00c0 <strong data-start=\"754\" data-end=\"766\">Fakarava<\/strong>, la <strong data-start=\"772\" data-end=\"796\">Passe Nord de Garuae<\/strong> \u2014 la plus large de toute la Polyn\u00e9sie fran\u00e7aise \u2014 offre une plong\u00e9e spectaculaire, loin du tourisme de masse. Vous y d\u00e9couvrirez des r\u00e9cifs coralliens florissants et une impressionnante concentration de poissons p\u00e9lagiques et de requins.<\/p>\n<p data-start=\"971\" data-end=\"1294\">La passe Sud de Tetamanu est parfait pour les plongeurs de tous niveaux. Avec des conditions cl\u00e9mentes et une visibilit\u00e9 remarquable, il r\u00e9v\u00e8le des jardins de corail vibrants, des napol\u00e9ons, d&rsquo;immenses bancs de poissons et d&rsquo;innombrables requins gris de r\u00e9cif, y compris le c\u00e9l\u00e8bre \u00ab mur de requins \u00bb qui attire les plongeurs du monde entier. <\/p>\n","protected":false},"excerpt":{"rendered":"<article class=\"text-token-text-primary w-full\" dir=\"auto\" data-testid=\"conversation-turn-706\" data-scroll-anchor=\"true\">\n<div class=\"text-base my-auto mx-auto py-5 [--thread-content-margin:--spacing(4)] @[37rem]:[--thread-content-margin:--spacing(6)] @[72rem]:[--thread-content-margin:--spacing(16)] px-(--thread-content-margin)\">\n<div class=\"[--thread-content-max-width:32rem] @[34rem]:[--thread-content-max-width:40rem] @[64rem]:[--thread-content-max-width:48rem] mx-auto flex max-w-(--thread-content-max-width) flex-1 text-base gap-4 md:gap-5 lg:gap-6 group\/turn-messages focus-visible:outline-hidden\" tabindex=\"-1\">\n<div class=\"group\/conversation-turn relative flex w-full min-w-0 flex-col agent-turn\">\n<div class=\"relative flex-col gap-1 md:gap-3\">\n<div class=\"flex max-w-full flex-col grow\">\n<div class=\"min-h-8 text-message relative flex w-full flex-col items-end gap-2 text-start break-words whitespace-normal [.text-message+&amp;]:mt-5\" dir=\"auto\" data-message-author-role=\"assistant\" data-message-id=\"36bd33c5-6a45-49cf-8714-354fcee5ad67\" data-message-model-slug=\"gpt-4o\">\n<div class=\"flex w-full flex-col gap-1 empty:hidden first:pt-[3px]\">\n<div class=\"markdown prose dark:prose-invert w-full break-words dark\">\n<p data-start=\"1301\" data-end=\"1378\" data-is-last-node=\"\" data-is-only-node=\"\">\ud83e\udd88\ud83d\udc1f <strong data-start=\"1306\" data-end=\"1373\">Plongez dans la magie de Fakarava \u2014 o\u00f9 les coraux brillent et les requins r\u00e8gnent !<\/strong> \ud83c\udf0a\ud83e\udd3f<\/p>\n<\/div>\n<\/div>\n<\/div>\n<\/div>\n<\/div>\n<\/div>\n<\/div>\n<\/div>\n<\/article>\n","protected":false},"featured_media":2547,"comment_status":"open","ping_status":"closed","template":"","meta":{"inline_featured_image":false},"country":[],"product_brand":[],"product_cat":[171],"product_tag":[186],"class_list":{"0":"post-4911","1":"product","2":"type-product","3":"status-publish","4":"has-post-thumbnail","6":"product_cat-activites","7":"product_tag-fakarava-fr","9":"first","10":"instock","11":"shipping-taxable","12":"purchasable","13":"product-type-simple"},"acf":[],"_links":{"self":[{"href":"https:\/\/stayinn.travel\/fr\/wp-json\/wp\/v2\/product\/4911","targetHints":{"allow":["GET"]}}],"collection":[{"href":"https:\/\/stayinn.travel\/fr\/wp-json\/wp\/v2\/product"}],"about":[{"href":"https:\/\/stayinn.travel\/fr\/wp-json\/wp\/v2\/types\/product"}],"replies":[{"embeddable":true,"href":"https:\/\/stayinn.travel\/fr\/wp-json\/wp\/v2\/comments?post=4911"}],"wp:featuredmedia":[{"embeddable":true,"href":"https:\/\/stayinn.travel\/fr\/wp-json\/wp\/v2\/media\/2547"}],"wp:attachment":[{"href":"https:\/\/stayinn.travel\/fr\/wp-json\/wp\/v2\/media?parent=4911"}],"wp:term":[{"taxonomy":"country","embeddable":true,"href":"https:\/\/stayinn.travel\/fr\/wp-json\/wp\/v2\/country?post=4911"},{"taxonomy":"product_brand","embeddable":true,"href":"https:\/\/stayinn.travel\/fr\/wp-json\/wp\/v2\/product_brand?post=4911"},{"taxonomy":"product_cat","embeddable":true,"href":"https:\/\/stayinn.travel\/fr\/wp-json\/wp\/v2\/product_cat?post=4911"},{"taxonomy":"product_tag","embeddable":true,"href":"https:\/\/stayinn.travel\/fr\/wp-json\/wp\/v2\/product_tag?post=4911"}],"curies":[{"name":"wp","href":"https:\/\/api.w.org\/{rel}","templated":true}]}}