{"id":4914,"date":"2025-05-15T02:21:29","date_gmt":"2025-05-15T02:21:29","guid":{"rendered":"https:\/\/stayinn.travel\/product\/raiatea-tour-du-lagon-de-tahaa-en-bateau-au-depart-de-raiatea-8h\/"},"modified":"2026-04-23T18:05:48","modified_gmt":"2026-04-23T18:05:48","slug":"raiatea-tour-du-lagon-de-tahaa-en-bateau-au-depart-de-raiatea-8h","status":"publish","type":"product","link":"https:\/\/stayinn.travel\/fr\/product\/raiatea-tour-du-lagon-de-tahaa-en-bateau-au-depart-de-raiatea-8h\/","title":{"rendered":"RAIATEA \u2013 Tour du lagon de Taha\u2019a en bateau au d\u00e9part de Raiatea \u2013 8h"},"content":{"rendered":"<p class=\"\" data-start=\"52\" data-end=\"266\"><strong data-start=\"52\" data-end=\"143\">Ce circuit est id\u00e9al pour d\u00e9couvrir l&rsquo;\u00eele de Taha&rsquo;a en une seule journ\u00e9e au d\u00e9part de Raiatea.<\/strong><br data-start=\"143\" data-end=\"146\">Montez \u00e0 bord pour une croisi\u00e8re \u00e0 travers le lagon de \u00ab\u00a0l&rsquo;\u00eele \u00e0 la vanille\u00a0\u00bb et arr\u00eatez-vous sur les sites cl\u00e9s qui rendent Taha&rsquo;a si c\u00e9l\u00e8bre.<\/p>\n<p class=\"\" data-start=\"268\" data-end=\"470\">Au programme : visite d\u2019une plantation de vanille traditionnelle pour d\u00e9couvrir les techniques ancestrales de culture, d\u00e9gustation et visite de la distillerie de rhum PARIPARI, ainsi qu\u2019une d\u00e9couverte d\u2019une ferme perli\u00e8re.<\/p>\n<p class=\"\" data-start=\"472\" data-end=\"610\">C\u00f4t\u00e9 lagon, profitez d\u2019une session de snorkeling dans le c\u00e9l\u00e8bre jardin de corail, v\u00e9ritable sanctuaire abritant poissons multicolores, tortues, raies et requins \u00e0 pointes noires.<\/p>\n<p class=\"\" data-start=\"612\" data-end=\"864\">Un d\u00e9jeuner polyn\u00e9sien traditionnel vous sera servi sur un motu priv\u00e9, les pieds dans l\u2019eau, install\u00e9 \u00e0 des tables au bord du lagon !<br data-start=\"735\" data-end=\"738\">Apr\u00e8s le d\u00e9jeuner, participez \u00e0 des activit\u00e9s culturelles telles que des d\u00e9monstrations d\u2019ouverture de noix de coco, des techniques de tressage, et d\u2019autres surprises !<\/p>\n","protected":false},"excerpt":{"rendered":"<p class=\"\" data-start=\"61\" data-end=\"160\"><strong data-start=\"61\" data-end=\"160\">Taha\u2019a en une journ\u00e9e : Vanille \ud83c\udf3f, Perles \ud83d\udc8e &amp; Jardins de corail \ud83d\udc20 \u2014 Un avant-go\u00fbt de paradis sur l\u2019eau \ud83c\udf34\ud83d\udea4<\/strong><\/p>\n<p class=\"\" data-start=\"162\" data-end=\"227\">\n","protected":false},"featured_media":1275,"comment_status":"open","ping_status":"closed","template":"","meta":{"inline_featured_image":false},"country":[],"product_brand":[],"product_cat":[171],"product_tag":[181],"class_list":{"0":"post-4914","1":"product","2":"type-product","3":"status-publish","4":"has-post-thumbnail","6":"product_cat-activites","7":"product_tag-raiatea-fr","9":"first","10":"instock","11":"shipping-taxable","12":"purchasable","13":"product-type-simple"},"acf":[],"_links":{"self":[{"href":"https:\/\/stayinn.travel\/fr\/wp-json\/wp\/v2\/product\/4914","targetHints":{"allow":["GET"]}}],"collection":[{"href":"https:\/\/stayinn.travel\/fr\/wp-json\/wp\/v2\/product"}],"about":[{"href":"https:\/\/stayinn.travel\/fr\/wp-json\/wp\/v2\/types\/product"}],"replies":[{"embeddable":true,"href":"https:\/\/stayinn.travel\/fr\/wp-json\/wp\/v2\/comments?post=4914"}],"wp:featuredmedia":[{"embeddable":true,"href":"https:\/\/stayinn.travel\/fr\/wp-json\/wp\/v2\/media\/1275"}],"wp:attachment":[{"href":"https:\/\/stayinn.travel\/fr\/wp-json\/wp\/v2\/media?parent=4914"}],"wp:term":[{"taxonomy":"country","embeddable":true,"href":"https:\/\/stayinn.travel\/fr\/wp-json\/wp\/v2\/country?post=4914"},{"taxonomy":"product_brand","embeddable":true,"href":"https:\/\/stayinn.travel\/fr\/wp-json\/wp\/v2\/product_brand?post=4914"},{"taxonomy":"product_cat","embeddable":true,"href":"https:\/\/stayinn.travel\/fr\/wp-json\/wp\/v2\/product_cat?post=4914"},{"taxonomy":"product_tag","embeddable":true,"href":"https:\/\/stayinn.travel\/fr\/wp-json\/wp\/v2\/product_tag?post=4914"}],"curies":[{"name":"wp","href":"https:\/\/api.w.org\/{rel}","templated":true}]}}