{"id":4920,"date":"2025-05-20T02:34:18","date_gmt":"2025-05-20T02:34:18","guid":{"rendered":"https:\/\/stayinn.travel\/product\/bora-bora-jet-ski-2h\/"},"modified":"2026-04-21T22:28:08","modified_gmt":"2026-04-21T22:28:08","slug":"bora-bora-jet-ski-2h","status":"publish","type":"product","link":"https:\/\/stayinn.travel\/fr\/product\/bora-bora-jet-ski-2h\/","title":{"rendered":"BORA BORA &#8211; Jet Ski &#8211; 2H"},"content":{"rendered":"<p class=\"\" data-start=\"157\" data-end=\"392\">Vivez une aventure inoubliable de 2 heures en jet ski \u00e0 travers les eaux cristallines du lagon de Bora Bora ! Guid\u00e9 par un expert local passionn\u00e9, explorez les paysages \u00e0 couper le souffle de l\u2019\u00eele et faites plusieurs arr\u00eats pour immortaliser des souvenirs magiques. <\/p>\n<p class=\"\" data-start=\"394\" data-end=\"556\">Profitez d\u2019une baignade dans un paradis digne d\u2019une carte postale avant de vous r\u00e9galer avec de d\u00e9licieuses rafra\u00eechissements : eau fra\u00eeche, jus de fruits locaux, fruits tropicaux et un savoureux g\u00e2teau \u00e0 la noix de coco.<\/p>\n<p class=\"\" data-start=\"558\" data-end=\"683\">Une excursion unique alliant sensations, d\u00e9couvertes et d\u00e9tente pour une exp\u00e9rience authentique au c\u0153ur du joyau polyn\u00e9sien.<\/p>\n<p class=\"\" data-start=\"685\" data-end=\"726\">\n","protected":false},"excerpt":{"rendered":"<article class=\"text-token-text-primary w-full\" dir=\"auto\" data-testid=\"conversation-turn-568\" data-scroll-anchor=\"false\">\n<div class=\"text-base my-auto mx-auto py-5 [--thread-content-margin:--spacing(4)] @[37rem]:[--thread-content-margin:--spacing(6)] @[72rem]:[--thread-content-margin:--spacing(16)] px-(--thread-content-margin)\">\n<div class=\"[--thread-content-max-width:32rem] @[34rem]:[--thread-content-max-width:40rem] @[64rem]:[--thread-content-max-width:48rem] mx-auto flex max-w-(--thread-content-max-width) flex-1 text-base gap-4 md:gap-5 lg:gap-6 group\/turn-messages focus-visible:outline-hidden\" tabindex=\"-1\">\n<div class=\"group\/conversation-turn relative flex w-full min-w-0 flex-col agent-turn\">\n<div class=\"relative flex-col gap-1 md:gap-3\">\n<div class=\"flex max-w-full flex-col grow\">\n<div class=\"min-h-8 text-message relative flex w-full flex-col items-end gap-2 text-start break-words whitespace-normal [.text-message+&amp;]:mt-5\" dir=\"auto\" data-message-author-role=\"assistant\" data-message-id=\"beb39942-692f-413d-a1ae-c7673faac4d7\" data-message-model-slug=\"gpt-4o\">\n<div class=\"flex w-full flex-col gap-1 empty:hidden first:pt-[3px]\">\n<div class=\"markdown prose dark:prose-invert w-full break-words light\">\n<p class=\"\" data-start=\"531\" data-end=\"584\"><strong data-start=\"685\" data-end=\"726\" data-is-last-node=\"\">Surfez les vagues, ressentez le Mana ! \ud83c\udf0a\ud83c\udfdd\ufe0f\u2728 <\/strong><\/p>\n<\/div>\n<\/div>\n<\/div>\n<\/div>\n<\/div>\n<\/div>\n<\/div>\n<\/div>\n<\/article>\n<article class=\"text-token-text-primary w-full\" dir=\"auto\" data-testid=\"conversation-turn-569\" data-scroll-anchor=\"false\">\n<h5 class=\"sr-only\"><\/h5>\n<\/article>\n","protected":false},"featured_media":2156,"comment_status":"open","ping_status":"closed","template":"","meta":{"inline_featured_image":false},"country":[],"product_brand":[],"product_cat":[171],"product_tag":[184],"class_list":{"0":"post-4920","1":"product","2":"type-product","3":"status-publish","4":"has-post-thumbnail","6":"product_cat-activites","7":"product_tag-bora-bora-fr","9":"first","10":"instock","11":"shipping-taxable","12":"purchasable","13":"product-type-simple"},"acf":[],"_links":{"self":[{"href":"https:\/\/stayinn.travel\/fr\/wp-json\/wp\/v2\/product\/4920","targetHints":{"allow":["GET"]}}],"collection":[{"href":"https:\/\/stayinn.travel\/fr\/wp-json\/wp\/v2\/product"}],"about":[{"href":"https:\/\/stayinn.travel\/fr\/wp-json\/wp\/v2\/types\/product"}],"replies":[{"embeddable":true,"href":"https:\/\/stayinn.travel\/fr\/wp-json\/wp\/v2\/comments?post=4920"}],"wp:featuredmedia":[{"embeddable":true,"href":"https:\/\/stayinn.travel\/fr\/wp-json\/wp\/v2\/media\/2156"}],"wp:attachment":[{"href":"https:\/\/stayinn.travel\/fr\/wp-json\/wp\/v2\/media?parent=4920"}],"wp:term":[{"taxonomy":"country","embeddable":true,"href":"https:\/\/stayinn.travel\/fr\/wp-json\/wp\/v2\/country?post=4920"},{"taxonomy":"product_brand","embeddable":true,"href":"https:\/\/stayinn.travel\/fr\/wp-json\/wp\/v2\/product_brand?post=4920"},{"taxonomy":"product_cat","embeddable":true,"href":"https:\/\/stayinn.travel\/fr\/wp-json\/wp\/v2\/product_cat?post=4920"},{"taxonomy":"product_tag","embeddable":true,"href":"https:\/\/stayinn.travel\/fr\/wp-json\/wp\/v2\/product_tag?post=4920"}],"curies":[{"name":"wp","href":"https:\/\/api.w.org\/{rel}","templated":true}]}}