{"id":4923,"date":"2025-05-22T23:00:29","date_gmt":"2025-05-22T23:00:29","guid":{"rendered":"https:\/\/stayinn.travel\/product\/bora-bora-plongee-sous-marine\/"},"modified":"2026-04-21T21:20:30","modified_gmt":"2026-04-21T21:20:30","slug":"bora-bora-plongee-sous-marine","status":"publish","type":"product","link":"https:\/\/stayinn.travel\/fr\/product\/bora-bora-plongee-sous-marine\/","title":{"rendered":"BORA BORA &#8211; Plong\u00e9e sous-marine"},"content":{"rendered":"<p>Paradis des plongeurs, la Polyn\u00e9sie est sans aucun doute LA destination pour se lancer dans la plong\u00e9e sous-marine. Que vous soyez d\u00e9butant ou plongeur exp\u00e9riment\u00e9, ne manquez pas l\u2019occasion de faire votre premi\u00e8re plong\u00e9e dans ce lieu embl\u00e9matique, o\u00f9 les lagons scintillent de centaines de nuances de bleu et foisonnent d\u2019une vie marine incroyable ! Une fois arriv\u00e9 sur le site de plong\u00e9e, vous enfilez votre gilet de stabilisation, vous vous asseyez au bord du bateau, comptez jusqu\u2019\u00e0 trois\u2026 et basculez dans un autre monde ! <\/p>\n<p data-start=\"87\" data-end=\"371\"><strong>Dans le lagon calme et turquoise<\/strong>, glissez aux c\u00f4t\u00e9s des majestueuses raies manta, des gracieuses raies aigles et des douces tortues de mer, tout en explorant des jardins de corail color\u00e9s et grouillants de vie.<\/p>\n<p data-start=\"373\" data-end=\"659\"><strong>Avancez plus loin dans l\u2019oc\u00e9an ouvert<\/strong> et ressentez l\u2019excitation de croiser des requins pointe noire et des requins citron, ainsi que l\u2019impressionnant poisson Napol\u00e9on, le tout dans le d\u00e9cor spectaculaire du r\u00e9cif ext\u00e9rieur de Bora Bora. Chaque plong\u00e9e est un instant unique suspendu dans le temps \u2014 entre \u00e9merveillement, adr\u00e9naline et s\u00e9r\u00e9nit\u00e9. <\/p>\n<p>\u2705 Chaque plong\u00e9e dure entre 45 et 60 minutes<br data-start=\"113\" data-end=\"116\">\u2705 La profondeur de plong\u00e9e varie de 15 \u00e0 29 m\u00e8tres maximum<br data-start=\"175\" data-end=\"178\">\u2705 Plong\u00e9es en petits groupes pour une exp\u00e9rience personnalis\u00e9e<br data-start=\"231\" data-end=\"234\">\u2705 \u00c9quipement de plong\u00e9e complet fourni sans frais suppl\u00e9mentaires<br data-start=\"446\" data-end=\"449\">\u2705 Air ou Nitrox disponible (sans frais suppl\u00e9mentaires)<br data-start=\"496\" data-end=\"499\">\u2705 Transferts gratuits inclus<\/p>\n","protected":false},"excerpt":{"rendered":"<p data-start=\"68\" data-end=\"145\"><strong data-start=\"68\" data-end=\"144\">\ud83c\udf0a Plongez au c\u0153ur de Bora Bora \u2014 raies manta, requins et magie \u00e0 chaque bulle \ud83d\udc22\ud83e\udd88\ud83d\udc20<\/strong><\/p>\n<p data-start=\"147\" data-end=\"231\" data-is-last-node=\"\" data-is-only-node=\"\">\n","protected":false},"featured_media":1531,"comment_status":"open","ping_status":"closed","template":"","meta":{"inline_featured_image":false},"country":[],"product_brand":[],"product_cat":[171],"product_tag":[184],"class_list":{"0":"post-4923","1":"product","2":"type-product","3":"status-publish","4":"has-post-thumbnail","6":"product_cat-activites","7":"product_tag-bora-bora-fr","9":"first","10":"instock","11":"shipping-taxable","12":"purchasable","13":"product-type-simple"},"acf":[],"_links":{"self":[{"href":"https:\/\/stayinn.travel\/fr\/wp-json\/wp\/v2\/product\/4923","targetHints":{"allow":["GET"]}}],"collection":[{"href":"https:\/\/stayinn.travel\/fr\/wp-json\/wp\/v2\/product"}],"about":[{"href":"https:\/\/stayinn.travel\/fr\/wp-json\/wp\/v2\/types\/product"}],"replies":[{"embeddable":true,"href":"https:\/\/stayinn.travel\/fr\/wp-json\/wp\/v2\/comments?post=4923"}],"wp:featuredmedia":[{"embeddable":true,"href":"https:\/\/stayinn.travel\/fr\/wp-json\/wp\/v2\/media\/1531"}],"wp:attachment":[{"href":"https:\/\/stayinn.travel\/fr\/wp-json\/wp\/v2\/media?parent=4923"}],"wp:term":[{"taxonomy":"country","embeddable":true,"href":"https:\/\/stayinn.travel\/fr\/wp-json\/wp\/v2\/country?post=4923"},{"taxonomy":"product_brand","embeddable":true,"href":"https:\/\/stayinn.travel\/fr\/wp-json\/wp\/v2\/product_brand?post=4923"},{"taxonomy":"product_cat","embeddable":true,"href":"https:\/\/stayinn.travel\/fr\/wp-json\/wp\/v2\/product_cat?post=4923"},{"taxonomy":"product_tag","embeddable":true,"href":"https:\/\/stayinn.travel\/fr\/wp-json\/wp\/v2\/product_tag?post=4923"}],"curies":[{"name":"wp","href":"https:\/\/api.w.org\/{rel}","templated":true}]}}