{"id":4925,"date":"2025-05-22T21:59:46","date_gmt":"2025-05-22T21:59:46","guid":{"rendered":"https:\/\/stayinn.travel\/product\/bora-bora-excursion-privee-en-bateau-ponton-6h\/"},"modified":"2026-04-21T21:26:11","modified_gmt":"2026-04-21T21:26:11","slug":"bora-bora-excursion-privee-en-bateau-ponton-6h","status":"publish","type":"product","link":"https:\/\/stayinn.travel\/fr\/product\/bora-bora-excursion-privee-en-bateau-ponton-6h\/","title":{"rendered":"BORA BORA \u2013 Excursion priv\u00e9e en bateau ponton \u2013 6H"},"content":{"rendered":"<p data-start=\"223\" data-end=\"392\">Embarquez pour <strong data-start=\"235\" data-end=\"284\">un voyage luxueux, priv\u00e9 et inoubliable<\/strong> \u00e0 travers le lagon cristallin de Bora Bora \u00e0 bord d\u2019un confortable bateau ponton <strong data-start=\"367\" data-end=\"391\">priv\u00e9 enti\u00e8rement \u00e9quip\u00e9.<\/strong><\/p>\n<p data-start=\"394\" data-end=\"489\">Au cours de cette <strong data-start=\"406\" data-end=\"426\">aventure de 6 heures<\/strong>, explorez les tr\u00e9sors les plus magnifiques et cach\u00e9s de l\u2019\u00eele :<\/p>\n<p data-start=\"491\" data-end=\"783\">\ud83d\udc20 Faites de la plong\u00e9e avec tuba dans les <strong data-start=\"513\" data-end=\"530\">jardins de coraux<\/strong> vibrants qui regorgent de poissons tropicaux,<br data-start=\"558\" data-end=\"561\">\ud83e\udd88 Nagez avec les <strong data-start=\"574\" data-end=\"598\">requins et les raies<\/strong> dans leur habitat naturel,<br data-start=\"624\" data-end=\"627\">\ud83c\udf0a Et &#8211; si la nature le permet &#8211; observez les <strong data-start=\"663\" data-end=\"686\">gracieuses raies manta<\/strong> qui glissent dans le lagon.<br data-start=\"714\" data-end=\"717\">Tout cela dans des <strong data-start=\"724\" data-end=\"757\">endroits isol\u00e9s et intacts<\/strong>, uniquement accessibles par bateau.<\/p>\n<p data-start=\"785\" data-end=\"894\">Pour rendre cette exp\u00e9rience encore plus exceptionnelle, savourez<strong data-start=\"840\" data-end=\"874\"> un d\u00e9licieux d\u00e9jeuner barbecue<\/strong> polyn\u00e9sien servi au c\u0153ur du paradis :<\/p>\n<p data-start=\"896\" data-end=\"1035\">\ud83d\udd25 Sp\u00e9cialit\u00e9s grill\u00e9es pr\u00e9par\u00e9es fra\u00eechement,<br data-start=\"934\" data-end=\"937\">\ud83c\udf4d Fruits de saison et saveurs locales,<br data-start=\"974\" data-end=\"977\">\ud83e\udd65 Ambiance traditionnelle de l&rsquo;\u00eele dans un cadre idyllique de motu.<\/p>\n<p data-start=\"1037\" data-end=\"1179\">Tout est inclus pour votre plus grand confort :<br data-start=\"1086\" data-end=\"1089\">\ud83e\udddc\u200d\u2642\ufe0f \u00c9quipement de plong\u00e9e avec tuba,<br data-start=\"1116\" data-end=\"1119\">\ud83e\udd64 Glaci\u00e8re avec boissons rafra\u00eechissantes,<br data-start=\"1157\" data-end=\"1160\">\ud83e\uddfa Serviettes de bain fournies.<\/p>\n<p data-start=\"1181\" data-end=\"1334\">Une journ\u00e9e compl\u00e8te<strong data-start=\"1195\" data-end=\"1220\"> d\u2019exploration exclusive<\/strong>, <strong data-start=\"1222\" data-end=\"1244\">d\u2019immersion culturelle<\/strong> et de<strong data-start=\"1250\" data-end=\"1271\"> d\u00e9lices culinaires<\/strong>, loin de la foule. \ud83c\udf3a<\/p>\n<p data-start=\"850\" data-end=\"1000\"><strong>\u27a1\ufe0f Jusqu\u2019\u00e0 4 personnes<\/strong><\/p>\n","protected":false},"excerpt":{"rendered":"<p><strong data-start=\"968\" data-end=\"1000\">\u2728\ud83d\udc8e Priv\u00e9, exclusif, magique &amp; d\u00e9jeuner barbecue polyn\u00e9sien \ud83d\udc20\ud83c\udf4d <\/strong><\/p>\n","protected":false},"featured_media":2376,"comment_status":"open","ping_status":"closed","template":"","meta":{"inline_featured_image":false},"country":[],"product_brand":[],"product_cat":[171],"product_tag":[184],"class_list":{"0":"post-4925","1":"product","2":"type-product","3":"status-publish","4":"has-post-thumbnail","6":"product_cat-activites","7":"product_tag-bora-bora-fr","9":"first","10":"instock","11":"shipping-taxable","12":"purchasable","13":"product-type-simple"},"acf":[],"_links":{"self":[{"href":"https:\/\/stayinn.travel\/fr\/wp-json\/wp\/v2\/product\/4925","targetHints":{"allow":["GET"]}}],"collection":[{"href":"https:\/\/stayinn.travel\/fr\/wp-json\/wp\/v2\/product"}],"about":[{"href":"https:\/\/stayinn.travel\/fr\/wp-json\/wp\/v2\/types\/product"}],"replies":[{"embeddable":true,"href":"https:\/\/stayinn.travel\/fr\/wp-json\/wp\/v2\/comments?post=4925"}],"wp:featuredmedia":[{"embeddable":true,"href":"https:\/\/stayinn.travel\/fr\/wp-json\/wp\/v2\/media\/2376"}],"wp:attachment":[{"href":"https:\/\/stayinn.travel\/fr\/wp-json\/wp\/v2\/media?parent=4925"}],"wp:term":[{"taxonomy":"country","embeddable":true,"href":"https:\/\/stayinn.travel\/fr\/wp-json\/wp\/v2\/country?post=4925"},{"taxonomy":"product_brand","embeddable":true,"href":"https:\/\/stayinn.travel\/fr\/wp-json\/wp\/v2\/product_brand?post=4925"},{"taxonomy":"product_cat","embeddable":true,"href":"https:\/\/stayinn.travel\/fr\/wp-json\/wp\/v2\/product_cat?post=4925"},{"taxonomy":"product_tag","embeddable":true,"href":"https:\/\/stayinn.travel\/fr\/wp-json\/wp\/v2\/product_tag?post=4925"}],"curies":[{"name":"wp","href":"https:\/\/api.w.org\/{rel}","templated":true}]}}