{"id":8915,"date":"2025-09-26T16:52:56","date_gmt":"2025-09-26T16:52:56","guid":{"rendered":"https:\/\/stayinn.travel\/product\/mirissa-villa-dream-of-sri-lanka-2\/"},"modified":"2025-10-02T11:56:30","modified_gmt":"2025-10-02T11:56:30","slug":"mirissa-villa-dream-of-sri-lanka-2","status":"publish","type":"product","link":"https:\/\/stayinn.travel\/fr\/product\/mirissa-villa-dream-of-sri-lanka-2\/","title":{"rendered":"MIRISSA &#8211; Villa Dream of Sri Lanka"},"content":{"rendered":"<p>Villa Dream of Sri Lanka \u2013 Une immersion tropicale \u00e0 deux pas des plages et de l\u2019oc\u00e9an<\/p>\n<p>Mirissa, perle enchanteresse de la c\u00f4te sud du Sri Lanka, s\u00e9duit par ses plages dor\u00e9es, ses cocotiers majestueux, et ses eaux turquoise parfaites pour le surf ou l&rsquo;observation des baleines. Ce village c\u00f4tier paisible est devenu un v\u00e9ritable havre de paix pour les voyageurs en qu\u00eate de d\u00e9connexion, m\u00ealant traditions sri lankaises et ambiance boh\u00e8me chic. Ses restaurants en bord de mer, ses march\u00e9s color\u00e9s et ses petites criques confidentielles vous offrent une exp\u00e9rience authentique, entre mer, nature, et hospitalit\u00e9 locale.<\/p>\n<p>Nich\u00e9e \u00e0 seulement quelques minutes \u00e0 pied de la plage, la Villa Dream of Sri Lanka vous invite \u00e0 une parenth\u00e8se hors du temps. Cette somptueuse villa d\u2019architecte marie avec \u00e9l\u00e9gance l\u2019authenticit\u00e9 des mat\u00e9riaux locaux \u2013 bois, paille, corde, b\u00e9ton cir\u00e9 \u2013 \u00e0 une modernit\u00e9 sobre et raffin\u00e9e. D\u00e8s l\u2019entr\u00e9e, vous serez envelopp\u00e9 dans une atmosph\u00e8re sereine et chaleureuse, o\u00f9 chaque d\u00e9tail semble pens\u00e9 pour vous faire d\u00e9crocher du quotidien.<\/p>\n<p>Poussez la porte\u2026 et commencez la visite.<\/p>\n<p>La villa s\u2019organise autour de quatre suites spacieuses, toutes \u00e9quip\u00e9es de lits queen size et de litterie haut de gamme. Chaque chambre dispose de sa propre salle de bain privative, certaines avec douches ext\u00e9rieures en b\u00e9ton cir\u00e9 qui invitent \u00e0 des moments de d\u00e9tente en pleine nature, seul ou \u00e0 deux. Les plafonds cath\u00e9drale accentuent la sensation d\u2019espace et de libert\u00e9, tout en apportant fra\u00eecheur et clart\u00e9.<\/p>\n<p>Le c\u0153ur de la maison, c\u2019est cette magnifique salle \u00e0 manger ouverte sur la piscine d\u2019angle, un lieu de vie convivial id\u00e9al pour partager des repas, des jeux ou des lectures \u00e0 l\u2019ombre des palmiers. La cuisine, enti\u00e8rement \u00e9quip\u00e9e, ravira les amateurs de cuisine maison comme les fans de smoothies tropicaux. Et si l\u2019envie vous prend de vous isoler, plusieurs coins lecture, terrasses ombrag\u00e9es ou hamacs n\u2019attendent que vous.<\/p>\n<p>Le loft en duplex, v\u00e9ritable petit cocon dans la villa, accueille jusqu\u2019\u00e0 cinq personnes (id\u00e9al pour deux adultes et trois enfants), offrant \u00e0 chacun son intimit\u00e9, m\u00eame dans un s\u00e9jour \u00e0 12. Et pour ceux qui voyagent avec de jeunes enfants ou en groupe, des canap\u00e9s-lits et un lit b\u00e9b\u00e9 sont \u00e0 disposition sur demande.<\/p>\n<p>Enfin, c\u00f4t\u00e9 ext\u00e9rieur, la villa est un paradis tropical : jardin priv\u00e9, bassin paisible, espace barbecue, acc\u00e8s rapide \u00e0 la plage\u2026 Le tout dans un quartier r\u00e9sidentiel calme, loin du tumulte touristique mais \u00e0 seulement quelques minutes \u00e0 pied des commodit\u00e9s.<\/p>\n<p>Cr\u00e9ez votre exp\u00e9rience inoubliable entre amis ou en famille, dans une villa qui a tout pr\u00e9vu pour votre bien-\u00eatre.<\/p>\n<p>\u2705 Points forts<br \/>\n<br \/>  \u00c0 seulement 200 m\u00e8tres de la plage, dans un quartier paisible<\/p>\n<p> \ufe0f 4 suites avec salle de bain + mezzanine avec couchages suppl\u00e9mentaires<\/p>\n<p>  Piscine d\u2019angle sublime attenante \u00e0 l\u2019espace de vie<\/p>\n<p>  D\u00e9coration m\u00ealant mat\u00e9riaux naturels et design moderne<\/p>\n<p> \u200d\u2642\ufe0f Multiples espaces de d\u00e9tente pour une vie \u00e0 plusieurs en toute s\u00e9r\u00e9nit\u00e9<\/p>\n<p>  \u00c0 proximit\u00e9 :<br \/>\n<br \/>Restaurants et bars de plage \u00e0 5 min \u00e0 pied<\/p>\n<p>Spots de surf, excursions en mer (baleines, dauphins)<\/p>\n<p>March\u00e9s, supermarch\u00e9s et pharmacies \u00e0 moins de 10 min<\/p>\n<p>Coconut Tree Hill, Secret Beach, temples bouddhistes, yoga centers<\/p>\n<p>\u2139\ufe0f Informations &#038; Conditions :<br \/>\n<br \/>Animaux accept\u00e9s<\/p>\n<p>Acc\u00e8s mobilit\u00e9 r\u00e9duite<\/p>\n<p>Climatisation, Wi-Fi, lave-linge, TV<\/p>\n<p>Les f\u00eates et rassemblements sont strictement interdits au sein du logement.<\/p>\n<p>Toute r\u00e9servation est soumise obligatoirement \u00e0 l\u2019acceptation sans restriction de nos conditions g\u00e9n\u00e9rales de vente visibles ici : Conditions g\u00e9n\u00e9rales Stayinn<\/p>\n","protected":false},"excerpt":{"rendered":"<p>Villa Dream of Sri Lanka \u2013 Une immersion tropicale \u00e0 deux pas des plages et de l\u2019oc\u00e9an Mirissa, perle enchanteresse de la c\u00f4te sud du Sri Lanka, s\u00e9duit par ses plages dor\u00e9es, ses cocotiers majestueux, et ses eaux turquoise parfaites pour le surf ou l&rsquo;observation des baleines. Ce village c\u00f4tier paisible est devenu un v\u00e9ritable [&hellip;]<\/p>\n","protected":false},"featured_media":8910,"comment_status":"open","ping_status":"closed","template":"","meta":{"inline_featured_image":false},"country":[],"product_brand":[],"product_cat":[170],"product_tag":[],"class_list":{"0":"post-8915","1":"product","2":"type-product","3":"status-publish","4":"has-post-thumbnail","6":"product_cat-hebergement","8":"first","9":"instock","10":"shipping-taxable","11":"purchasable","12":"product-type-simple"},"acf":[],"_links":{"self":[{"href":"https:\/\/stayinn.travel\/fr\/wp-json\/wp\/v2\/product\/8915","targetHints":{"allow":["GET"]}}],"collection":[{"href":"https:\/\/stayinn.travel\/fr\/wp-json\/wp\/v2\/product"}],"about":[{"href":"https:\/\/stayinn.travel\/fr\/wp-json\/wp\/v2\/types\/product"}],"replies":[{"embeddable":true,"href":"https:\/\/stayinn.travel\/fr\/wp-json\/wp\/v2\/comments?post=8915"}],"wp:featuredmedia":[{"embeddable":true,"href":"https:\/\/stayinn.travel\/fr\/wp-json\/wp\/v2\/media\/8910"}],"wp:attachment":[{"href":"https:\/\/stayinn.travel\/fr\/wp-json\/wp\/v2\/media?parent=8915"}],"wp:term":[{"taxonomy":"country","embeddable":true,"href":"https:\/\/stayinn.travel\/fr\/wp-json\/wp\/v2\/country?post=8915"},{"taxonomy":"product_brand","embeddable":true,"href":"https:\/\/stayinn.travel\/fr\/wp-json\/wp\/v2\/product_brand?post=8915"},{"taxonomy":"product_cat","embeddable":true,"href":"https:\/\/stayinn.travel\/fr\/wp-json\/wp\/v2\/product_cat?post=8915"},{"taxonomy":"product_tag","embeddable":true,"href":"https:\/\/stayinn.travel\/fr\/wp-json\/wp\/v2\/product_tag?post=8915"}],"curies":[{"name":"wp","href":"https:\/\/api.w.org\/{rel}","templated":true}]}}