{"id":9163,"date":"2025-10-20T15:57:56","date_gmt":"2025-10-20T15:57:56","guid":{"rendered":"https:\/\/stayinn.travel\/product\/raiatea-uparu-seaside-apartment-2\/"},"modified":"2026-04-16T10:35:26","modified_gmt":"2026-04-16T10:35:26","slug":"raiatea-uparu-seaside-apartment-2","status":"publish","type":"product","link":"https:\/\/stayinn.travel\/fr\/product\/raiatea-uparu-seaside-apartment-2\/","title":{"rendered":"RAIATEA &#8211; Uparu Seaside Apartment"},"content":{"rendered":"<p>S\u00e9journez dans cet appartement de 75m2, en rez-de-chauss\u00e9e d\u2019un petit immeuble d\u2019un \u00e9tage avec piscine et en bord de lagon, alliant le confort d&rsquo;un h\u00f4tel et les avantages d&rsquo;une pension familiale.<\/p>\n<p>Id\u00e9alement situ\u00e9 proche de l\u2019a\u00e9roport et de la ville de Uturoa, cet h\u00e9bergement est id\u00e9al pour les s\u00e9jours en famille ou entre amis.<\/p>\n<p>Il est compos\u00e9 d\u2019une chambre climatis\u00e9e avec un lit King size, et des rangements pour vos effets personnels. <\/p>\n<p>Dans le salon, un canap\u00e9 convertible double permettra d\u2019accueillir 2 personnes suppl\u00e9mentaires. Celui-ci est ouvert sur une cuisine toute \u00e9quip\u00e9e, et est am\u00e9nag\u00e9 d\u2019une t\u00e9l\u00e9vision \u00e9cran plat et d\u2019une connexion internet en wifi gratuite. <\/p>\n<p>La salle de douche, moderne et \u00e9pur\u00e9e, est dot\u00e9e d\u2019une douche \u00e0 l\u2019italienne, d\u2019un coin lavabo et d\u2019un toilette. Le n\u00e9cessaire de toilette (gel douche et shampoing, s\u00e8che-cheveux) vous sera gracieusement mis \u00e0 disposition par vos h\u00f4tes.<\/p>\n<p>L\u2019espace o\u00f9 vous appr\u00e9cierez passer la plupart de votre temps libre sera la terrasse en bord de piscine avec vue imprenable sur le lagon. Elle est \u00e9quip\u00e9e d\u2019une table et de chaises pour d\u00e9guster vos repas et petits-d\u00e9jeuners le matin. <\/p>\n<p>Un Kit de Bienvenu sera offert par vos h\u00f4tes comprenant du th\u00e9, des capsules de caf\u00e9, du sucre et quelques surprises.<\/p>\n<p>Les petits-d\u00e9jeuners et d\u00eeners sont disponible sur place en suppl\u00e9ments. (Nous contacter)<\/p>\n<p>Des \u00e9quipements de loisirs sont disponible sur place :<br \/>\n<br \/>&#8211;\tDes Kayaks gratuits pour partir en exploration dans le lagon et visiter le Motu situ\u00e9 juste en face.<br \/>\n<br \/>&#8211;\tDes v\u00e9los \u00e9lectrique en location en suppl\u00e9ment pour vous balader sur les chemins sauvage de l\u2019\u00eele !<br \/>\n<br \/>Contactez votre conciergerie pour les packages avec Voiture et Excursions ! <\/p>\n<p>LES \u00c9SSENTIELS :<br \/>\n<br \/>* Jusqu\u2019\u00e0 4 personnes<br \/>\n<br \/>* Transferts a\u00e9roport<br \/>\n<br \/>* Restauration possible sur place<br \/>\n<br \/>* Bord de lagon<br \/>\n<br \/>* Piscine<br \/>\n<br \/>* 1 chambre climatis\u00e9e<br \/>\n<br \/>* Internet gratuit en wifi<br \/>\n<br \/>* kayaks et v\u00e9lo <\/p>\n<p>Toute r\u00e9servation est soumise \u00e0 la pleine acceptation de nos conditions g\u00e9n\u00e9rales de vente qui peuvent \u00eatre consult\u00e9es sur notre site StayInn.Vacations en cliquant sur les conditions g\u00e9n\u00e9rales de vente.<\/p>\n<p>Num\u00e9ro d&rsquo;enregistrement : TD21304<br \/><\/p>\n","protected":false},"excerpt":{"rendered":"<p>S\u00e9journez dans cet appartement de 75m2, en rez-de-chauss\u00e9e d\u2019un petit immeuble d\u2019un \u00e9tage avec piscine et en bord de lagon, alliant le confort d&rsquo;un h\u00f4tel et les avantages d&rsquo;une pension familiale. Id\u00e9alement situ\u00e9 proche de l\u2019a\u00e9roport et de la ville de Uturoa, cet h\u00e9bergement est id\u00e9al pour les s\u00e9jours en famille ou entre amis. Il [&hellip;]<\/p>\n","protected":false},"featured_media":9158,"comment_status":"open","ping_status":"closed","template":"","meta":{"inline_featured_image":false},"country":[],"product_brand":[],"product_cat":[170],"product_tag":[],"class_list":{"0":"post-9163","1":"product","2":"type-product","3":"status-publish","4":"has-post-thumbnail","6":"product_cat-hebergement","8":"first","9":"instock","10":"shipping-taxable","11":"purchasable","12":"product-type-simple"},"acf":[],"_links":{"self":[{"href":"https:\/\/stayinn.travel\/fr\/wp-json\/wp\/v2\/product\/9163","targetHints":{"allow":["GET"]}}],"collection":[{"href":"https:\/\/stayinn.travel\/fr\/wp-json\/wp\/v2\/product"}],"about":[{"href":"https:\/\/stayinn.travel\/fr\/wp-json\/wp\/v2\/types\/product"}],"replies":[{"embeddable":true,"href":"https:\/\/stayinn.travel\/fr\/wp-json\/wp\/v2\/comments?post=9163"}],"wp:featuredmedia":[{"embeddable":true,"href":"https:\/\/stayinn.travel\/fr\/wp-json\/wp\/v2\/media\/9158"}],"wp:attachment":[{"href":"https:\/\/stayinn.travel\/fr\/wp-json\/wp\/v2\/media?parent=9163"}],"wp:term":[{"taxonomy":"country","embeddable":true,"href":"https:\/\/stayinn.travel\/fr\/wp-json\/wp\/v2\/country?post=9163"},{"taxonomy":"product_brand","embeddable":true,"href":"https:\/\/stayinn.travel\/fr\/wp-json\/wp\/v2\/product_brand?post=9163"},{"taxonomy":"product_cat","embeddable":true,"href":"https:\/\/stayinn.travel\/fr\/wp-json\/wp\/v2\/product_cat?post=9163"},{"taxonomy":"product_tag","embeddable":true,"href":"https:\/\/stayinn.travel\/fr\/wp-json\/wp\/v2\/product_tag?post=9163"}],"curies":[{"name":"wp","href":"https:\/\/api.w.org\/{rel}","templated":true}]}}