{"id":9195,"date":"2025-10-20T15:57:56","date_gmt":"2025-10-20T15:57:56","guid":{"rendered":"https:\/\/stayinn.travel\/product\/tahiti-condo-orovini-2\/"},"modified":"2026-04-16T10:35:02","modified_gmt":"2026-04-16T10:35:02","slug":"tahiti-condo-orovini-2","status":"publish","type":"product","link":"https:\/\/stayinn.travel\/fr\/product\/tahiti-condo-orovini-2\/","title":{"rendered":"TAHITI &#8211; Condo Orovini"},"content":{"rendered":"<p>TAHITI &#8211; CONDO OROVINI<br \/>\n<br \/>Id\u00e9alement situ\u00e9 au c\u0153ur de Papeete, au sein d&rsquo;une r\u00e9sidence s\u00e9curis\u00e9e avec piscine, cet appartement tout confort, pratique et proche de tout vous s\u00e9duira. Convient parfaitement pour une famille en visite sur Tahiti, un groupe d&rsquo;amis ou des professionnels en mission. Cet h\u00e9bergement b\u00e9n\u00e9ficie d&rsquo;une belle capacit\u00e9 pouvant accueillir  jusqu&rsquo;\u00e0 6 adultes confortablement.<\/p>\n<p>Condo Orovini est spacieux et lumineux. La pi\u00e8ce principale est scind\u00e9e en 2 espaces distincts:<br \/>\n<br \/>&#8211; Une cuisine \u00e9quip\u00e9e avec tout le n\u00e9cessaire pour y pr\u00e9parer vos repas, vous installer \u00e0 table et vous r\u00e9galer.<br \/>\n<br \/>&#8211; Un salon avec Internet en wifi, une Smart TV et un canap\u00e9 lit king size pour les couchages du 5\u00e8me et 6\u00e8me adulte.<\/p>\n<p>La chambre principale avec lit California King size est climatis\u00e9e, avec de nombreux rangements (armoire), une Smart TV et un coin bureau.<br \/>\n<br \/>La chambre d&rsquo;h\u00f4tes avec un lit King size est \u00e9quip\u00e9e de la climatisation, d&rsquo;un ventilateur et d&rsquo;un coin lecture pour la d\u00e9tente.<br \/>\n<br \/>La salle de bain est compos\u00e9e d&rsquo;une double vasque, une douche et un WC avec un s\u00e8che cheveux \u00e0 disposition <\/p>\n<p>Vous appr\u00e9cierez la qui\u00e9tude des lieux, la proximit\u00e9 du centre-ville, centre commercial du Vaima, le March\u00e9 et les restaurants.<\/p>\n<p>A SAVOIR:<br \/>\n<br \/>La piscine se situe en hauteur et offre une vue d\u00e9gag\u00e9e jusqu&rsquo;\u00e0 la mer.<br \/>\n<br \/>Le Parking est libre et gratuit, vous pourrez vous garer facilement le long du b\u00e2timent de la R\u00e9sidence .<br \/>\n<br \/>L&rsquo;acc\u00e8s \u00e0 l&rsquo;immeuble se fait via une porte s\u00e9curis\u00e9e avec digicode.<br \/>\n<br \/>Internet est disponible en wifi, gratuit et illimit\u00e9.<\/p>\n<p>Toute r\u00e9servation est soumise obligatoirement \u00e0 l&rsquo;acceptation sans restrictions de nos conditions g\u00e9n\u00e9rales de vente visible sur notre site Stayinn.Vacations en cliquant sur les conditions g\u00e9n\u00e9rales. <\/p>\n<p>Num\u00e9ro d&rsquo;enregistrement : 1497DTO-MT<\/p>\n<p>* Logement \u00e9ligible \u00e0 la quarantaine.<\/p>\n","protected":false},"excerpt":{"rendered":"<p>TAHITI &#8211; CONDO OROVINI Id\u00e9alement situ\u00e9 au c\u0153ur de Papeete, au sein d&rsquo;une r\u00e9sidence s\u00e9curis\u00e9e avec piscine, cet appartement tout confort, pratique et proche de tout vous s\u00e9duira. Convient parfaitement pour une famille en visite sur Tahiti, un groupe d&rsquo;amis ou des professionnels en mission. Cet h\u00e9bergement b\u00e9n\u00e9ficie d&rsquo;une belle capacit\u00e9 pouvant accueillir jusqu&rsquo;\u00e0 6 [&hellip;]<\/p>\n","protected":false},"featured_media":9190,"comment_status":"open","ping_status":"closed","template":"","meta":{"inline_featured_image":false},"country":[],"product_brand":[],"product_cat":[170],"product_tag":[],"class_list":{"0":"post-9195","1":"product","2":"type-product","3":"status-publish","4":"has-post-thumbnail","6":"product_cat-hebergement","8":"first","9":"instock","10":"shipping-taxable","11":"purchasable","12":"product-type-simple"},"acf":[],"_links":{"self":[{"href":"https:\/\/stayinn.travel\/fr\/wp-json\/wp\/v2\/product\/9195","targetHints":{"allow":["GET"]}}],"collection":[{"href":"https:\/\/stayinn.travel\/fr\/wp-json\/wp\/v2\/product"}],"about":[{"href":"https:\/\/stayinn.travel\/fr\/wp-json\/wp\/v2\/types\/product"}],"replies":[{"embeddable":true,"href":"https:\/\/stayinn.travel\/fr\/wp-json\/wp\/v2\/comments?post=9195"}],"wp:featuredmedia":[{"embeddable":true,"href":"https:\/\/stayinn.travel\/fr\/wp-json\/wp\/v2\/media\/9190"}],"wp:attachment":[{"href":"https:\/\/stayinn.travel\/fr\/wp-json\/wp\/v2\/media?parent=9195"}],"wp:term":[{"taxonomy":"country","embeddable":true,"href":"https:\/\/stayinn.travel\/fr\/wp-json\/wp\/v2\/country?post=9195"},{"taxonomy":"product_brand","embeddable":true,"href":"https:\/\/stayinn.travel\/fr\/wp-json\/wp\/v2\/product_brand?post=9195"},{"taxonomy":"product_cat","embeddable":true,"href":"https:\/\/stayinn.travel\/fr\/wp-json\/wp\/v2\/product_cat?post=9195"},{"taxonomy":"product_tag","embeddable":true,"href":"https:\/\/stayinn.travel\/fr\/wp-json\/wp\/v2\/product_tag?post=9195"}],"curies":[{"name":"wp","href":"https:\/\/api.w.org\/{rel}","templated":true}]}}