{"id":9235,"date":"2025-10-20T15:57:56","date_gmt":"2025-10-20T15:57:56","guid":{"rendered":"https:\/\/stayinn.travel\/product\/moorea-paopao-cottage-2\/"},"modified":"2026-03-23T08:30:37","modified_gmt":"2026-03-23T08:30:37","slug":"moorea-paopao-cottage-2","status":"publish","type":"product","link":"https:\/\/stayinn.travel\/fr\/product\/moorea-paopao-cottage-2\/","title":{"rendered":"MOOREA &#8211; PaoPao Cottage"},"content":{"rendered":"<p>MOOREA \u2013 PaoPao Cottage<br \/>\n<br \/>Situ\u00e9 sur l\u2019\u00eele de Moorea dans le district de Pao-Pao au creux de la Baie de Cook, cet h\u00e9bergement est id\u00e9al pour loger 4 personnes confortablement.<\/p>\n<p>Un petit havre de paix \u00e0 d\u00e9couvrir lors de vos s\u00e9jours \u00e0 Moorea, avec une tr\u00e8s belle vue sur la Baie de Cook. Ce bas de villa de type F2, totalement ind\u00e9pendant, est compos\u00e9 d\u2019une chambre individuelle. Une pi\u00e8ce \u00e0 vivre spacieuse b\u00e9n\u00e9ficiant d&rsquo;un espace nuit pour 2 personnes et une t\u00e9l\u00e9vision \u00e0 \u00e9cran plat. L\u2019espace cuisine est am\u00e9nag\u00e9 avec tout le n\u00e9cessaire pour pr\u00e9parer vos repas pr\u00e9f\u00e9r\u00e9s. Une grande \u00e9tag\u00e8re de rangement est \u00e0 disposition pour vos effets personnels. La literie y est de bonne qualit\u00e9, et vous promet des nuits confortables et reposantes !  La salle de bain est \u00e9quip\u00e9e d\u2019un lavabo, 1 WC et d\u2019une douche, 1 s\u00e8che-cheveux est \u00e0 disposition.<br \/>\n<br \/>Votre endroit favori sera la terrasse, avec transat, table et bancs qui vous y attendent pour vos moments de d\u00e9tente, un ap\u00e9ritif en admirant la vue, vos repas\u2026<\/p>\n<p>Les plus:<br \/>\n<br \/>*Internet est en wifi et gratuit, le code vous sera fourni pour vous connecter facilement.<br \/>\n<br \/>*Un parking est \u00e0 votre disposition (1 v\u00e9hicule) \u00e0 l\u2019\u00e9tage de la propri\u00e9t\u00e9.<br \/>\n<br \/>*Bord de lagon juste en face de votre h\u00e9bergement en acc\u00e8s direct!<\/p>\n<p>Moorea est une \u00eele aux contrastes \u00e9clatants entre Monts et Lagons, on y trouve une histoire passionnante, des l\u00e9gendes envoutantes et des paysages absolument magnifiques. Prenez quelques jours pour aller \u00e0 sa rencontre, elle vous offrira des souvenirs ind\u00e9l\u00e9biles !<\/p>\n<p>Toute r\u00e9servation est soumise obligatoirement \u00e0 l&rsquo;acceptation sans restriction de nos conditions g\u00e9n\u00e9rales de vente visible sur notre site Stayinn.Vacations en cliquant sur les conditions g\u00e9n\u00e9rales. <\/p>\n<p>Num\u00e9ro d&rsquo;enregistrement : 491DTO-MT<\/p>\n","protected":false},"excerpt":{"rendered":"<p>MOOREA \u2013 PaoPao Cottage Situ\u00e9 sur l\u2019\u00eele de Moorea dans le district de Pao-Pao au creux de la Baie de Cook, cet h\u00e9bergement est id\u00e9al pour loger 4 personnes confortablement. Un petit havre de paix \u00e0 d\u00e9couvrir lors de vos s\u00e9jours \u00e0 Moorea, avec une tr\u00e8s belle vue sur la Baie de Cook. Ce bas [&hellip;]<\/p>\n","protected":false},"featured_media":9230,"comment_status":"open","ping_status":"closed","template":"","meta":{"inline_featured_image":false},"country":[],"product_brand":[],"product_cat":[170],"product_tag":[],"class_list":{"0":"post-9235","1":"product","2":"type-product","3":"status-publish","4":"has-post-thumbnail","6":"product_cat-hebergement","8":"first","9":"instock","10":"shipping-taxable","11":"purchasable","12":"product-type-simple"},"acf":[],"_links":{"self":[{"href":"https:\/\/stayinn.travel\/fr\/wp-json\/wp\/v2\/product\/9235","targetHints":{"allow":["GET"]}}],"collection":[{"href":"https:\/\/stayinn.travel\/fr\/wp-json\/wp\/v2\/product"}],"about":[{"href":"https:\/\/stayinn.travel\/fr\/wp-json\/wp\/v2\/types\/product"}],"replies":[{"embeddable":true,"href":"https:\/\/stayinn.travel\/fr\/wp-json\/wp\/v2\/comments?post=9235"}],"wp:featuredmedia":[{"embeddable":true,"href":"https:\/\/stayinn.travel\/fr\/wp-json\/wp\/v2\/media\/9230"}],"wp:attachment":[{"href":"https:\/\/stayinn.travel\/fr\/wp-json\/wp\/v2\/media?parent=9235"}],"wp:term":[{"taxonomy":"country","embeddable":true,"href":"https:\/\/stayinn.travel\/fr\/wp-json\/wp\/v2\/country?post=9235"},{"taxonomy":"product_brand","embeddable":true,"href":"https:\/\/stayinn.travel\/fr\/wp-json\/wp\/v2\/product_brand?post=9235"},{"taxonomy":"product_cat","embeddable":true,"href":"https:\/\/stayinn.travel\/fr\/wp-json\/wp\/v2\/product_cat?post=9235"},{"taxonomy":"product_tag","embeddable":true,"href":"https:\/\/stayinn.travel\/fr\/wp-json\/wp\/v2\/product_tag?post=9235"}],"curies":[{"name":"wp","href":"https:\/\/api.w.org\/{rel}","templated":true}]}}