{"id":9251,"date":"2025-10-20T15:57:56","date_gmt":"2025-10-20T15:57:56","guid":{"rendered":"https:\/\/stayinn.travel\/product\/moorea-villa-mouaroa-legends-2\/"},"modified":"2026-04-16T10:36:02","modified_gmt":"2026-04-16T10:36:02","slug":"moorea-villa-mouaroa-legends-2","status":"publish","type":"product","link":"https:\/\/stayinn.travel\/fr\/product\/moorea-villa-mouaroa-legends-2\/","title":{"rendered":"MOOREA &#8211; Villa Mouaroa Legends"},"content":{"rendered":"<p>MOOREA &#8211; Villa Mouaroa <\/p>\n<p>Situ\u00e9e \u00e0 Tiahura dans une R\u00e9sidence priv\u00e9e et s\u00e9curis\u00e9e, la Villa Mouaroa pouvant accueillir jusqu\u2019\u00e0 6 personnes, vous transportera dans une ambiance Polyn\u00e9sienne en toute \u00e9l\u00e9gance. Sa d\u00e9coration se veut \u00e9pur\u00e9e et harmonieuse. Elle est \u00e9rig\u00e9e en bois et domine la vall\u00e9e, ses magnifiques montagnes et une partie du lagon. <\/p>\n<p>La villa est compos\u00e9e de 2 chambres climatis\u00e9es au rez-de-chauss\u00e9e. La suite parentale et son lit King size, dispose de sa salle de douche et son WC priv\u00e9, et une deuxi\u00e8me chambre avec 2 lits simples tous deux recouvert de leur moustiquaires. La mezzanine sera ouverte pour permetre d\u2019accueillir 2 personnes en suppl\u00e9ment dans un lit double. <\/p>\n<p>La pi\u00e8ce \u00e0 vivre est un compos\u00e9 d&rsquo;un espace salon ventil\u00e9 naturellement avec son acc\u00e8s directe sur la terrasse et son jacuzzi, de canap\u00e9s et d\u2019une t\u00e9l\u00e9vision Netflix \u00e9cran plat ouvert sur une cuisine moderne et enti\u00e8rement \u00e9quip\u00e9e. Depuis la cuisine acc\u00e9dez \u00e0 la deuxi\u00e8me terrasse priv\u00e9e et ombrag\u00e9e pour prendre vos petits d\u00e9jeuners.<\/p>\n<p>La terrasse est un v\u00e9ritable patio \u00e0 ciel ouvert et est enti\u00e8rement am\u00e9nag\u00e9 pour des moments conviviaux en 2 espaces : Le jacuzzi et ses transats et un Fare Potee pour vous d\u00e9tendre, prendre vos repas\u2026 Depuis votre perchoir admirez la vue panoramique et ressourcez-vous dans cet environnement exceptionnel.<\/p>\n<p>L\u2019\u00eele de Moorea, l\u2019\u00eele s\u0153ur, comme on l\u2019appelle ici, est un petit bout de paradis, situ\u00e9 \u00e0 seulement 30 minutes en ferry ou 20 minutes d\u2019avion de l\u2019\u00eele de Tahiti (17 Km), en Polyn\u00e9sie fran\u00e7aise. Sa nature pr\u00e9serv\u00e9e, sauvage et majestueuse est incontournable. Elle vous embarquera dans des d\u00e9cors uniques dignes d\u2019un film de cin\u00e9ma. Moorea signifie aussi L\u00e9zard (Mo&rsquo;o) jaune (Rea), vous croiserez ce petit reptile inoffensif appel\u00e9 \u00ab\u00a0Gecko\u00a0\u00bb r\u00e9guli\u00e8rement.<\/p>\n<p>LES \u00c9SSENTIELS :<br \/>\n<br \/>* Chambres climatis\u00e9es<br \/>\n<br \/>* Internet en wifi<br \/>\n<br \/>* Jacuzzi<br \/>\n<br \/>* Moderne et confortable<br \/>\n<br \/>* Localisation exceptionnelle<\/p>\n<p>LES POINTS D\u2019INT\u00c9R\u00caTS:<\/p>\n<p>A PIEDS<br \/>\n<br \/>* 5 minutes du Restaurant le Steak House<br \/>\n<br \/>* 5 minutes du Dolphin Center de l&rsquo;\u00eele<br \/>\n<br \/>* 10 minutes d&rsquo;un magasin d&rsquo;alimentation Tiahura<br \/>\n<br \/>* 25 minutes de la plage des Tipaniers<\/p>\n<p>EN VOITURE<br \/>\n<br \/>* 5 minutes de la plage des Tipaniers<br \/>\n<br \/>* 5 minutes du centre commercial Le Petit Village (boutique souvenir, station essence)<br \/>\n<br \/>* 10 minutes Magic Mountain View<br \/>\n<br \/>* 13 minutes Plage Ta&rsquo;ahiamanu<br \/>\n<br \/>* 18 minutes du Belv\u00e9d\u00e8re<br \/>\n<br \/>* 25 minutes du centre urbain de Maharepa (supermarch\u00e9, banque, pharmacie, centre m\u00e9dical etc\u2026).<br \/>\n<br \/>* 20 minutes de l\u2019usine de jus de fruit ROTUI.<br \/>\n<br \/>* 30 minutes de l&rsquo;a\u00e9roport.<br \/>\n<br \/>* 35 minutes de l&#8217;embarcad\u00e8re des ferries.<\/p>\n<p>Toute r\u00e9servation est soumise obligatoirement \u00e0 l&rsquo;acceptation sans restrictions de nos conditions g\u00e9n\u00e9rales de vente visible sur notre site Stayinn.Vacations en cliquant sur les conditions g\u00e9n\u00e9rales.<\/p>\n<p>Num\u00e9ro d&rsquo;enregistrement : 1311 DTO-MT<br \/><\/p>\n","protected":false},"excerpt":{"rendered":"<p>MOOREA &#8211; Villa Mouaroa Situ\u00e9e \u00e0 Tiahura dans une R\u00e9sidence priv\u00e9e et s\u00e9curis\u00e9e, la Villa Mouaroa pouvant accueillir jusqu\u2019\u00e0 6 personnes, vous transportera dans une ambiance Polyn\u00e9sienne en toute \u00e9l\u00e9gance. Sa d\u00e9coration se veut \u00e9pur\u00e9e et harmonieuse. Elle est \u00e9rig\u00e9e en bois et domine la vall\u00e9e, ses magnifiques montagnes et une partie du lagon. La [&hellip;]<\/p>\n","protected":false},"featured_media":9246,"comment_status":"open","ping_status":"closed","template":"","meta":{"inline_featured_image":false},"country":[],"product_brand":[],"product_cat":[170],"product_tag":[],"class_list":{"0":"post-9251","1":"product","2":"type-product","3":"status-publish","4":"has-post-thumbnail","6":"product_cat-hebergement","8":"first","9":"instock","10":"shipping-taxable","11":"purchasable","12":"product-type-simple"},"acf":[],"_links":{"self":[{"href":"https:\/\/stayinn.travel\/fr\/wp-json\/wp\/v2\/product\/9251","targetHints":{"allow":["GET"]}}],"collection":[{"href":"https:\/\/stayinn.travel\/fr\/wp-json\/wp\/v2\/product"}],"about":[{"href":"https:\/\/stayinn.travel\/fr\/wp-json\/wp\/v2\/types\/product"}],"replies":[{"embeddable":true,"href":"https:\/\/stayinn.travel\/fr\/wp-json\/wp\/v2\/comments?post=9251"}],"wp:featuredmedia":[{"embeddable":true,"href":"https:\/\/stayinn.travel\/fr\/wp-json\/wp\/v2\/media\/9246"}],"wp:attachment":[{"href":"https:\/\/stayinn.travel\/fr\/wp-json\/wp\/v2\/media?parent=9251"}],"wp:term":[{"taxonomy":"country","embeddable":true,"href":"https:\/\/stayinn.travel\/fr\/wp-json\/wp\/v2\/country?post=9251"},{"taxonomy":"product_brand","embeddable":true,"href":"https:\/\/stayinn.travel\/fr\/wp-json\/wp\/v2\/product_brand?post=9251"},{"taxonomy":"product_cat","embeddable":true,"href":"https:\/\/stayinn.travel\/fr\/wp-json\/wp\/v2\/product_cat?post=9251"},{"taxonomy":"product_tag","embeddable":true,"href":"https:\/\/stayinn.travel\/fr\/wp-json\/wp\/v2\/product_tag?post=9251"}],"curies":[{"name":"wp","href":"https:\/\/api.w.org\/{rel}","templated":true}]}}