{"id":9267,"date":"2025-10-20T15:57:56","date_gmt":"2025-10-20T15:57:56","guid":{"rendered":"https:\/\/stayinn.travel\/product\/moorea-pool-mountain-fare-ora-2\/"},"modified":"2026-04-16T10:34:46","modified_gmt":"2026-04-16T10:34:46","slug":"moorea-pool-mountain-fare-ora-2","status":"publish","type":"product","link":"https:\/\/stayinn.travel\/fr\/product\/moorea-pool-mountain-fare-ora-2\/","title":{"rendered":"MOOREA &#8211; Pool Mountain Fare Ora"},"content":{"rendered":"<p>La Villa POOL MOUNTAIN \u00e0 MOOREA, est le parfait \u00e9crin pour des vacances reposantes en famille ou entre amis. <\/p>\n<p>D&rsquo;inspiration Balinaise, et \u00e0 l&rsquo;int\u00e9rieur de magnifiques murs en pierres de Moorea, la propri\u00e9t\u00e9 se d\u00e9compose en quatre \u00e9l\u00e9ments s&rsquo;articulant autour de la piscine.<br \/>\n<br \/>La d\u00e9coration comme l&rsquo;atmosph\u00e8re typique Indon\u00e9sien se marie parfaitement avec la vie Polyn\u00e9sienne. <\/p>\n<p>Le module principal dispose de deux chambres et d&rsquo;une salle de douche compl\u00e8te (lavabo, douche et WC).<\/p>\n<p>Le second module est une magnifique suite parentale comprenant une grande chambre \u00e0 coucher, un coin salon avec fauteuil, et une salle de bain compl\u00e8te avec baignoire.<\/p>\n<p>Dans le dernier module, vous profiterez d&rsquo;une belle cuisine enti\u00e8rement \u00e9quip\u00e9e ouverte sur une la salle \u00e0 manger. Une machine \u00e0 laver est \u00e0 votre disposition.<\/p>\n<p>Toutes les salles d\u2019eau sont \u00e9quip\u00e9es de rangements, ainsi que d\u2019un WC.<\/p>\n<p>Vous pourrez profiter aussi du \u00a0\u00bb FARE POTE \u00a0\u00bb (espace couvert attenant \u00e0 la terrasse), l&rsquo;endroit convivial privil\u00e9gi\u00e9 et id\u00e9ale Polyn\u00e9sien pour les repas, l&rsquo;ap\u00e9ritif, l&rsquo;\u00e9change\u2026 ou encore pour la sieste dans le hamac\u2026<\/p>\n<p>Cette villa poss\u00e8de tout le confort n\u00e9cessaire pour accueillir 6 personnes, dans un endroit de qualit\u00e9, calme et fleuri.<br \/>\n<br \/>Elle est id\u00e9ale pour des vacances reposantes entre amis, couple ou famille, id\u00e9al aussi pour un s\u00e9minaire professionnel ou des pauses relaxantes au bord de la piscine.<\/p>\n<p>L&rsquo;\u00eele de MOOREA offre beaucoup de choses \u00e0 d\u00e9couvrir, nous vous conseillons de louer un v\u00e9hicule pendant tout ou partie de votre s\u00e9jour. N&rsquo;h\u00e9sitez pas a contacter notre \u00e9quipe ou notre service de conciergerie pour tout renseignement, pour r\u00e9server un v\u00e9hicule, des activit\u00e9s et\/ou tous les services dont vous aurez besoin pendant votre s\u00e9jour.<br \/>\n<br \/>Nous sommes l\u00e0 pour \u00e7a ! <\/p>\n<p>Comme dans tout lieu tropical, il est possible que vous croisiez des insectes, petits l\u00e9zards ou moustiques. Ces h\u00f4tes discrets font simplement partie de l\u2019\u00e9cosyst\u00e8me naturel qui entoure le logement.<\/p>\n<p>Pour votre confort, le fare est \u00e9quip\u00e9 d&rsquo;anti-moustiques et nous prenons soin de maintenir l\u2019espace propre et agr\u00e9able. Profitez de cette immersion comme une v\u00e9ritable parenth\u00e8se tropicale, o\u00f9 le calme de la nature est au rendez-vous.  <\/p>\n<p>LES POINTS D\u2019INT\u00c9R\u00caTS:<\/p>\n<p>A PIEDS<br \/>\n<br \/>10 min de la plage public de sable blanc : \u00a0\u00bb Haaru Public beach Park\u00a0\u00bb.<br \/>\n<br \/>5 min de l\u2019h\u00f4tel intercontinental o\u00f9 vous pourrez boire de nombreux cocktails.<br \/>\n<br \/>10 min des tous les commerces et restaurants.<\/p>\n<p>EN VOITURE<br \/>\n<br \/>25 min du centre urbain de Maharepa (supermarch\u00e9, banque, pharmacie, centre m\u00e9dical etc\u2026).<br \/>\n<br \/>20 min de l\u2019usine de jus de fruit ROTUI.<br \/>\n<br \/>30 min de l&rsquo;a\u00e9roport.<br \/>\n<br \/>35 min de l&#8217;embarcad\u00e8re des ferries.<\/p>\n<p>Toute r\u00e9servation est soumise obligatoirement \u00e0 l&rsquo;acceptation sans restrictions de nos conditions g\u00e9n\u00e9rales de vente visible sur notre site Stayinn.Vacations en cliquant sur les conditions generales.<br \/>\n<br \/>Les animaux ne sont pas admis dans cette location<\/p>\n<p>Num\u00e9ro d&rsquo;enregistrement : 972DTO-MT<\/p>\n","protected":false},"excerpt":{"rendered":"<p>La Villa POOL MOUNTAIN \u00e0 MOOREA, est le parfait \u00e9crin pour des vacances reposantes en famille ou entre amis. D&rsquo;inspiration Balinaise, et \u00e0 l&rsquo;int\u00e9rieur de magnifiques murs en pierres de Moorea, la propri\u00e9t\u00e9 se d\u00e9compose en quatre \u00e9l\u00e9ments s&rsquo;articulant autour de la piscine. La d\u00e9coration comme l&rsquo;atmosph\u00e8re typique Indon\u00e9sien se marie parfaitement avec la vie [&hellip;]<\/p>\n","protected":false},"featured_media":9262,"comment_status":"open","ping_status":"closed","template":"","meta":{"inline_featured_image":false},"country":[],"product_brand":[],"product_cat":[170],"product_tag":[],"class_list":{"0":"post-9267","1":"product","2":"type-product","3":"status-publish","4":"has-post-thumbnail","6":"product_cat-hebergement","8":"first","9":"instock","10":"shipping-taxable","11":"purchasable","12":"product-type-simple"},"acf":[],"_links":{"self":[{"href":"https:\/\/stayinn.travel\/fr\/wp-json\/wp\/v2\/product\/9267","targetHints":{"allow":["GET"]}}],"collection":[{"href":"https:\/\/stayinn.travel\/fr\/wp-json\/wp\/v2\/product"}],"about":[{"href":"https:\/\/stayinn.travel\/fr\/wp-json\/wp\/v2\/types\/product"}],"replies":[{"embeddable":true,"href":"https:\/\/stayinn.travel\/fr\/wp-json\/wp\/v2\/comments?post=9267"}],"wp:featuredmedia":[{"embeddable":true,"href":"https:\/\/stayinn.travel\/fr\/wp-json\/wp\/v2\/media\/9262"}],"wp:attachment":[{"href":"https:\/\/stayinn.travel\/fr\/wp-json\/wp\/v2\/media?parent=9267"}],"wp:term":[{"taxonomy":"country","embeddable":true,"href":"https:\/\/stayinn.travel\/fr\/wp-json\/wp\/v2\/country?post=9267"},{"taxonomy":"product_brand","embeddable":true,"href":"https:\/\/stayinn.travel\/fr\/wp-json\/wp\/v2\/product_brand?post=9267"},{"taxonomy":"product_cat","embeddable":true,"href":"https:\/\/stayinn.travel\/fr\/wp-json\/wp\/v2\/product_cat?post=9267"},{"taxonomy":"product_tag","embeddable":true,"href":"https:\/\/stayinn.travel\/fr\/wp-json\/wp\/v2\/product_tag?post=9267"}],"curies":[{"name":"wp","href":"https:\/\/api.w.org\/{rel}","templated":true}]}}