{"id":9275,"date":"2025-10-20T15:57:56","date_gmt":"2025-10-20T15:57:56","guid":{"rendered":"https:\/\/stayinn.travel\/product\/tahaa-private-beach-snorkeling-villa-2\/"},"modified":"2026-04-16T10:34:47","modified_gmt":"2026-04-16T10:34:47","slug":"tahaa-private-beach-snorkeling-villa-2","status":"publish","type":"product","link":"https:\/\/stayinn.travel\/fr\/product\/tahaa-private-beach-snorkeling-villa-2\/","title":{"rendered":"TAHAA &#8211; Private Beach &#038; Snorkeling Villa"},"content":{"rendered":"<p>TAHAA &#8211; Villa de Plage Priv\u00e9e<\/p>\n<p>\u00c0 seulement 15 minutes en bateau de l&rsquo;a\u00e9roport de Raiatea et 45 minutes en avion de Tahiti, bienvenue sur l&rsquo;\u00eele de Tahaa, \u00e9galement appel\u00e9e l&rsquo;\u00cele de la Vanille ! Encore authentique et pr\u00e9serv\u00e9e, cette \u00eele offre une exp\u00e9rience polyn\u00e9sienne unique, remplie de tranquillit\u00e9. Une \u00eele isol\u00e9e, o\u00f9 le temps semble s&rsquo;\u00eatre arr\u00eat\u00e9, d\u00e9couvrez les charmes et le rythme de la vie locale.<\/p>\n<p>La Villa est id\u00e9alement situ\u00e9e le long d&rsquo;une plage de sable blanc, juste devant le r\u00e9cif corallien naturel de l&rsquo;\u00cele Ouest.<br \/>\n<br \/>Il offre un snorkeling \u00e0 couper le souffle sur une propri\u00e9t\u00e9 enti\u00e8rement priv\u00e9e de 6 hectares (12 acres).<br \/>\n<br \/>Au c\u0153ur de cette propri\u00e9t\u00e9 priv\u00e9e et isol\u00e9e, ce logement \u00e9l\u00e9gant vous offrira \u00e0 la fois des merveilles marines et un paysage tropical luxuriant et verdoyant. Le terrain entretenu offre tranquillit\u00e9 et isolement ; rien que pour vous.<br \/>\n<br \/>Cette maison est compos\u00e9e de 3 modules reli\u00e9s par une terrasse donnant sur l&rsquo;eau. La zone de terrasse est un salon et une aire de repas ext\u00e9rieurs, naturellement ventil\u00e9s par la brise marine ; elle deviendra rapidement votre endroit pr\u00e9f\u00e9r\u00e9 pour se d\u00e9tendre, se retrouver en famille ou entre amis pour un d\u00eener ou un ap\u00e9ritif, tout en admirant la beaut\u00e9 de la lagune.<br \/>\n<br \/>Les 2 chambres sont climatis\u00e9es et \u00e9quip\u00e9es de lits queen-size. La chambre principale dispose de sa propre salle de bain privative. La deuxi\u00e8me chambre comprend 2 lits simples suppl\u00e9mentaires et une deuxi\u00e8me salle de bain est \u00e0 la disposition des occupants.<br \/>\n<br \/>La cuisine et le bar am\u00e9ricains modernes et tr\u00e8s bien \u00e9quip\u00e9s seront \u00e0 votre disposition pour pr\u00e9parer vos repas. Le salon confortable, spacieux et lumineux offre un coin TV pour d\u00e9couvrir les programmes fran\u00e7ais et polyn\u00e9siens. Le Wi-Fi, bien s\u00fbr, est standard.<br \/>\n<br \/>Aussi belle et confortable que soit la maison, la propri\u00e9t\u00e9 est la v\u00e9ritable star (apr\u00e8s l&rsquo;eau). L&rsquo;immense plage priv\u00e9e vous invite \u00e0 nager, vous d\u00e9tendre, faire du kayak (\u00e0 votre disposition) et bronzer. Vous pouvez marcher, vous promener ou faire du jogging le long du chemin herbeux de demi-mile, semblable \u00e0 un parc, soigneusement entretenu, \u00e0 travers les 12 acres (6 hectares) de merveilleux terrain verdoyant, enti\u00e8rement exclusif et compl\u00e8tement priv\u00e9, prot\u00e9g\u00e9 par deux portails verrouill\u00e9s. Un quai en eau profonde \u00e0 l&rsquo;extr\u00e9mit\u00e9 de la propri\u00e9t\u00e9 offre une piscine naturelle ferm\u00e9e qui est parfaite pour plonger (les enfants adorent !). De grandes zones herbeuses ouvertes offrent d&rsquo;innombrables heures de jeux sur terre lorsque tout le monde a besoin de se s\u00e9cher un moment.<br \/>\n<br \/>Apportez vos masques et tubas pour explorer la vie marine ; une superbe exploration sous-marine en eau profonde vous attend, s&rsquo;\u00e9tendant sur 500 m\u00e8tres (1 800 pieds) d&rsquo;un quai \u00e0 l&rsquo;autre. Tout \u00e0 vous et \u00e0 vous seul. Apr\u00e8s une session de plong\u00e9e avec tuba, profitez d&rsquo;un cocktail au coucher du soleil sur la plage, avec vue sur Bora Bora et Raiatea.<br \/>\n<br \/>La navette de Raiatea effectue un aller-retour quotidien vers Raiatea, \u00e0 seulement 10 minutes \u00e0 pied via le village de Poutoru.<\/p>\n<p>Pour plus d&rsquo;informations sur les transferts de propri\u00e9t\u00e9, veuillez nous contacter.<br \/>\n<br \/>Veuillez noter que vous aurez acc\u00e8s \u00e0 Internet via un wifi gratuit et illimit\u00e9.<\/p>\n<p>L&rsquo;\u00eele de Tahaa, \u00e9galement appel\u00e9e \u00ab\u00a0Le Secret\u00a0\u00bb, vous invitera \u00e0 d\u00e9couvrir la vie traditionnelle, calme et paisible des Polyn\u00e9siens. En parcourant les sentiers de l&rsquo;\u00eele, les voyageurs d\u00e9couvriront une v\u00e9g\u00e9tation pr\u00e9serv\u00e9e, un environnement naturel o\u00f9 l&rsquo;air embaum\u00e9 de vanille se m\u00eale \u00e0 la brise. Visitez la Maison de la Vanille, la Rhumerie, passez une journ\u00e9e au Motu, visitez une ferme perli\u00e8re&#8230; Tahaa partage le m\u00eame lagon que son \u00eele s\u0153ur Raiatea, profitez de l&rsquo;occasion pour visiter les 2 \u00eeles. Une travers\u00e9e en taxi-bateau priv\u00e9 vers Raiatea peut \u00eatre organis\u00e9e sur demande, tout comme la location d&rsquo;un v\u00e9hicule pour des vacances en toute libert\u00e9.<\/p>\n<p>Pour les surfeurs exp\u00e9riment\u00e9s, le seul spot de surf \u00e0 TAHAA, le spot PLEI PLEI, est situ\u00e9 devant la villa et est rapidement accessible en bateau.<\/p>\n<p>Contactez-nous pour plus d&rsquo;informations.<\/p>\n<p>Toutes les r\u00e9servations sont soumises \u00e0 l&rsquo;acceptation sans r\u00e9serve de nos conditions g\u00e9n\u00e9rales de vente visibles sur notre site web Stayinn.Vacations en cliquant sur les conditions g\u00e9n\u00e9rales.<\/p>\n<p>Num\u00e9ro de r\u00e9f\u00e9rencement : 661DTO-MT<\/p>\n","protected":false},"excerpt":{"rendered":"<p>TAHAA &#8211; Villa de Plage Priv\u00e9e \u00c0 seulement 15 minutes en bateau de l&rsquo;a\u00e9roport de Raiatea et 45 minutes en avion de Tahiti, bienvenue sur l&rsquo;\u00eele de Tahaa, \u00e9galement appel\u00e9e l&rsquo;\u00cele de la Vanille ! Encore authentique et pr\u00e9serv\u00e9e, cette \u00eele offre une exp\u00e9rience polyn\u00e9sienne unique, remplie de tranquillit\u00e9. Une \u00eele isol\u00e9e, o\u00f9 le temps [&hellip;]<\/p>\n","protected":false},"featured_media":9270,"comment_status":"open","ping_status":"closed","template":"","meta":{"inline_featured_image":false},"country":[],"product_brand":[],"product_cat":[170],"product_tag":[],"class_list":{"0":"post-9275","1":"product","2":"type-product","3":"status-publish","4":"has-post-thumbnail","6":"product_cat-hebergement","8":"first","9":"instock","10":"shipping-taxable","11":"purchasable","12":"product-type-simple"},"acf":[],"_links":{"self":[{"href":"https:\/\/stayinn.travel\/fr\/wp-json\/wp\/v2\/product\/9275","targetHints":{"allow":["GET"]}}],"collection":[{"href":"https:\/\/stayinn.travel\/fr\/wp-json\/wp\/v2\/product"}],"about":[{"href":"https:\/\/stayinn.travel\/fr\/wp-json\/wp\/v2\/types\/product"}],"replies":[{"embeddable":true,"href":"https:\/\/stayinn.travel\/fr\/wp-json\/wp\/v2\/comments?post=9275"}],"wp:featuredmedia":[{"embeddable":true,"href":"https:\/\/stayinn.travel\/fr\/wp-json\/wp\/v2\/media\/9270"}],"wp:attachment":[{"href":"https:\/\/stayinn.travel\/fr\/wp-json\/wp\/v2\/media?parent=9275"}],"wp:term":[{"taxonomy":"country","embeddable":true,"href":"https:\/\/stayinn.travel\/fr\/wp-json\/wp\/v2\/country?post=9275"},{"taxonomy":"product_brand","embeddable":true,"href":"https:\/\/stayinn.travel\/fr\/wp-json\/wp\/v2\/product_brand?post=9275"},{"taxonomy":"product_cat","embeddable":true,"href":"https:\/\/stayinn.travel\/fr\/wp-json\/wp\/v2\/product_cat?post=9275"},{"taxonomy":"product_tag","embeddable":true,"href":"https:\/\/stayinn.travel\/fr\/wp-json\/wp\/v2\/product_tag?post=9275"}],"curies":[{"name":"wp","href":"https:\/\/api.w.org\/{rel}","templated":true}]}}