{"id":9283,"date":"2025-10-20T15:57:56","date_gmt":"2025-10-20T15:57:56","guid":{"rendered":"https:\/\/stayinn.travel\/product\/tahiti-the-calis-luxury-villa-2\/"},"modified":"2026-04-16T10:35:07","modified_gmt":"2026-04-16T10:35:07","slug":"tahiti-the-calis-luxury-villa-2","status":"publish","type":"product","link":"https:\/\/stayinn.travel\/fr\/product\/tahiti-the-calis-luxury-villa-2\/","title":{"rendered":"TAHITI &#8211;  The Cali&rsquo;s Luxury Villa"},"content":{"rendered":"<p>TAHITI &#8211;  The Cali&rsquo;s Luxury Villa <\/p>\n<p>Tahiti, avec sa capitale Papeete, est l&rsquo;\u00eele la plus grande et la plus peupl\u00e9e de Polyn\u00e9sie. En arrivant, vous serez envo\u00fbt\u00e9 par son aspect sauvage et authentique, digne d\u2019un d\u00e9cor de film de cin\u00e9ma ! Cette \u00eele montagneuse, avec le mont Orohena comme point culminant \u00e0 2 241 m, d&rsquo;origine volcanique est divis\u00e9e en deux parties, Tahiti Nui, la plus grande et Tahiti Iti (la presqu&rsquo;\u00eele) toutes deux entour\u00e9es d&rsquo;un magnifique lagon et son r\u00e9cif corallien.<br \/>\n<br \/>Moorea, sa voisine, est une \u00eele paradisiaque \u00e0 30 minutes en ferry de Tahiti, son lagon de cristal et ses paysages \u00e0 couper le souffle vous garantiront une exp\u00e9rience unique.<\/p>\n<p>Une superbe villa priv\u00e9e de luxe de 250 m\u00b2, r\u00e9cemment \u00e9difi\u00e9e avec sa magnifique piscine miroir refl\u00e9tant la meilleure vue de tout Tahiti sur l\u2018\u00eele s\u0153ur vous attend!<\/p>\n<p>Cette maison d\u2019architecte de grand standing, au calme dans une r\u00e9sidence priv\u00e9e, se veut moderne, et High Tech, et propose des prestations haut de gamme et un service client des plus soign\u00e9. La Villa peut accueillir 6 personnes confortablement dans 3 spacieuses chambres avec leur salle de douche privative. Les deux chambres qui se situent \u00e0 l\u2019\u00e9tage sont climatis\u00e9es. <\/p>\n<p>La chambre parentale avec ses grandes baies vitr\u00e9e et sans vis-\u00e0-vis dispose d\u2019un lit 200&#215;200, une t\u00e9l\u00e9vision \u00e9cran plat avec toute les chaines et d\u2019une baignoire dans la chambre qui vous permettra de vous relaxer dans un bain de mousse tout en profitant de la vue.<\/p>\n<p>La deuxi\u00e8me chambre de l\u2019\u00e9tage dispose d\u2019un lit 180&#215;200, d\u2019une t\u00e9l\u00e9vision et de sa terrasse privative<\/p>\n<p>La troisi\u00e8me chambre se situe au rez-de-chauss\u00e9e et est \u00e9quip\u00e9e d\u2019un lit Queen Size qui donne directement sur la terrasse avec sa piscine miroir.<\/p>\n<p>Le salon cath\u00e9dral offre \u00e0 la pi\u00e8ce de vie une magnifique hauteur sous plafond, et ainsi, une luminosit\u00e9 et une sensation d&rsquo;espace qui d\u00e9fient toute concurrence.  Il est am\u00e9nag\u00e9 avec un grand canap\u00e9 d\u2019angle en cuire blanc et une t\u00e9l\u00e9vision \u00e9cran plat avec toute les cha\u00eenes. <\/p>\n<p>L\u2019\u00e9l\u00e9gante cuisine \u00e0 \u00e9t\u00e9 pens\u00e9e dans un style \u00e9pur\u00e9 et moderne avec tous ses \u00e9l\u00e9ments qui sont int\u00e9gr\u00e9s de fa\u00e7on \u00e0 se fondre dans le d\u00e9cor. La cuisine est ouverte sur le salon avec un vaste \u00eelot central et ses chaises hautes. Vous y trouverez un r\u00e9frig\u00e9rateur cong\u00e9lateur, un four, un micro onde, un lave vaisselle, une cafeti\u00e8re et m\u00eame une cave \u00e0 vin !<br \/>\n<br \/>Il est possible de r\u00e9server les services d\u2019un Chef priv\u00e9 et d\u2019un Ma\u00eetre d\u2019h\u00f4tel pour vos repas sur mesure et personnalis\u00e9 durant votre s\u00e9jour.<\/p>\n<p>Sur la terrasse vous trouverez le principale attrait de cette villa, sa magnifique piscine miroir avec sa pleine vue d\u00e9gag\u00e9e sur Moorea. Son salon de jardin \u00e0 \u00e9t\u00e9 con\u00e7u pour \u00eatre \u00e0 hauteur de piscine et ne voir seulement que l\u2019horizon, la mer et Moorea. Vous aurez la sensation de pouvoir plonger directement dans le lagon. Autour de la piscine, transats, canap\u00e9s ext\u00e9rieur, chaises et tables hautes lumineuse pour vos ap\u00e9ritifs seront \u00e0 votre enti\u00e8re disposition. <\/p>\n<p>Ce logement hors du commun vous offrira une exp\u00e9rience et des souvenirs inoubliables. Profitez des magnifiques couchers de soleil qu\u2019offre cet h\u00e9bergement sur l\u2019\u00eele s\u0153ur, Moorea.<br \/>\n<br \/>Pour une libert\u00e9 optimale, nous vous recommandons de louer un v\u00e9hicule. Vous pourrez ainsi visiter l\u2019\u00eele par la route et vous d\u00e9placer en toute autonomie.<br \/>\n<br \/>Il est possible de louer un v\u00e9hicule haut de gamme comme un Porsche Cayenne ou bien d\u2019avoir un chauffeur priv\u00e9 lors de votre s\u00e9jour.<\/p>\n<p>LES  \u00c9SSENTIELS :<br \/>\n<br \/>*Villa de Luxe<br \/>\n<br \/>*Piscine priv\u00e9e<br \/>\n<br \/>*Magnifique vue<br \/>\n<br \/>*2 Chambres climatis\u00e9es<br \/>\n<br \/>*Moderne et confortable<br \/>\n<br \/>*Internet fibre gratuit en wifi<br \/>\n<br \/>*Tr\u00e8s bonne g\u00e9olocalisation <\/p>\n<p>Num\u00e9ro d&rsquo;enregistrement : 424DTO-MT<br \/><\/p>\n","protected":false},"excerpt":{"rendered":"<p>TAHITI &#8211; The Cali&rsquo;s Luxury Villa Tahiti, avec sa capitale Papeete, est l&rsquo;\u00eele la plus grande et la plus peupl\u00e9e de Polyn\u00e9sie. En arrivant, vous serez envo\u00fbt\u00e9 par son aspect sauvage et authentique, digne d\u2019un d\u00e9cor de film de cin\u00e9ma ! Cette \u00eele montagneuse, avec le mont Orohena comme point culminant \u00e0 2 241 m, [&hellip;]<\/p>\n","protected":false},"featured_media":9278,"comment_status":"open","ping_status":"closed","template":"","meta":{"inline_featured_image":false},"country":[],"product_brand":[],"product_cat":[170],"product_tag":[],"class_list":{"0":"post-9283","1":"product","2":"type-product","3":"status-publish","4":"has-post-thumbnail","6":"product_cat-hebergement","8":"first","9":"instock","10":"shipping-taxable","11":"purchasable","12":"product-type-simple"},"acf":[],"_links":{"self":[{"href":"https:\/\/stayinn.travel\/fr\/wp-json\/wp\/v2\/product\/9283","targetHints":{"allow":["GET"]}}],"collection":[{"href":"https:\/\/stayinn.travel\/fr\/wp-json\/wp\/v2\/product"}],"about":[{"href":"https:\/\/stayinn.travel\/fr\/wp-json\/wp\/v2\/types\/product"}],"replies":[{"embeddable":true,"href":"https:\/\/stayinn.travel\/fr\/wp-json\/wp\/v2\/comments?post=9283"}],"wp:featuredmedia":[{"embeddable":true,"href":"https:\/\/stayinn.travel\/fr\/wp-json\/wp\/v2\/media\/9278"}],"wp:attachment":[{"href":"https:\/\/stayinn.travel\/fr\/wp-json\/wp\/v2\/media?parent=9283"}],"wp:term":[{"taxonomy":"country","embeddable":true,"href":"https:\/\/stayinn.travel\/fr\/wp-json\/wp\/v2\/country?post=9283"},{"taxonomy":"product_brand","embeddable":true,"href":"https:\/\/stayinn.travel\/fr\/wp-json\/wp\/v2\/product_brand?post=9283"},{"taxonomy":"product_cat","embeddable":true,"href":"https:\/\/stayinn.travel\/fr\/wp-json\/wp\/v2\/product_cat?post=9283"},{"taxonomy":"product_tag","embeddable":true,"href":"https:\/\/stayinn.travel\/fr\/wp-json\/wp\/v2\/product_tag?post=9283"}],"curies":[{"name":"wp","href":"https:\/\/api.w.org\/{rel}","templated":true}]}}