{"id":9299,"date":"2025-10-20T15:57:57","date_gmt":"2025-10-20T15:57:57","guid":{"rendered":"https:\/\/stayinn.travel\/product\/moorea-villa-pool-chill-2\/"},"modified":"2026-04-16T10:35:39","modified_gmt":"2026-04-16T10:35:39","slug":"moorea-villa-pool-chill-2","status":"publish","type":"product","link":"https:\/\/stayinn.travel\/fr\/product\/moorea-villa-pool-chill-2\/","title":{"rendered":"MOOREA &#8211; VILLA POOL &#038; CHILL"},"content":{"rendered":"<p>Offrez-vous une escapade inoubliable dans cette magnifique villa, id\u00e9alement situ\u00e9e pour un s\u00e9jour alliant d\u00e9tente, luxe et nature. <\/p>\n<p>Tout a \u00e9t\u00e9 pens\u00e9 pour que vous passiez un pur moment de bonheur \u00e0 la villa POOL &#038; CHILL<br \/>\n<br \/>Une d\u00e9coration soign\u00e9e et raffin\u00e9e, de grands espaces, de beaux mat\u00e9riaux, des \u00e9quipements de qualit\u00e9, une belle vue \u00e9chapp\u00e9e mer, tous les ingr\u00e9dients sont r\u00e9unis pour passer un merveilleux s\u00e9jour.<\/p>\n<p>La grande pi\u00e8ce de vie lumineuse vous offre une vaste cuisine am\u00e9ricaine enti\u00e8rement \u00e9quip\u00e9e : plaques de cuisson, four, micro ondes, lave vaisselle, appareils \u00e9lectrom\u00e9nager, plan de travail, tout le n\u00e9cessaire pour pr\u00e9parer et prendre vos repas .<br \/>\n<br \/>L&rsquo;espace salon est \u00e9quip\u00e9 d&rsquo;un grand canap\u00e9 d&rsquo;angle pr\u00e9vu pour l&rsquo;ensemble des convives et d&rsquo;un coin TV<br \/>\n<br \/>Un cabinet de toilette est situ\u00e9 \u00e0 l&rsquo;entr\u00e9e avec wc et lavabo.<\/p>\n<p>Une machine \u00e0 laver est \u00e0 votre disposition.<br \/>\n<br \/>WIFI gratuit<\/p>\n<p>Les chambres sont situ\u00e9es \u00e0 l&rsquo;\u00e9tage :<br \/>\n<br \/>La suite parentale avec balcon priv\u00e9 offrant une vue mer spectaculaire et une salle d\u2019eau privative pour plus d\u2019intimit\u00e9.<br \/>\n<br \/>Deux autres chambres spacieuses, id\u00e9ales pour accueillir famille ou amis, compl\u00e8tent cet \u00e9tage. Un matelas au sol est disponible au besoin pour un enfant en bas \u00e2ge (sur demande).<br \/>\n<br \/>La salle d&rsquo;eau avec wc et toilette dessert ces 2 chambres.<\/p>\n<p>L&rsquo;ext\u00e9rieur :<br \/>\n<br \/>Grande terrasse couverte avec piscine priv\u00e9e et \u00e9chapp\u00e9e mer  pour des moments de relaxation en plein air.<br \/>\n<br \/>Profitez du mobilier de jardin confortable, de la table de repas ext\u00e9rieure et du barbecue, parfaits pour vos repas en famille ou entre amis.<\/p>\n<p>Proche de toutes commodit\u00e9s, vous \u00eates \u00e0 quelques minutes des plages, commerces et restaurants, tout en \u00e9tant dans un environnement calme, propice \u00e0 la zenitude et \u00e0 la s\u00e9r\u00e9nit\u00e9.<\/p>\n<p>Cette villa est l\u2019endroit r\u00eav\u00e9 pour des vacances en famille ou entre amis, o\u00f9 chaque d\u00e9tail a \u00e9t\u00e9 pens\u00e9 pour garantir un s\u00e9jour inoubliable.<br \/>\n<br \/>Profitez de la piscine, du calme environnant, et laissez-vous envo\u00fbter par la beaut\u00e9 du lagon et des paysages.<\/p>\n<p>R\u00e9servez d\u00e8s maintenant pour vivre un moment de pur bonheur !<\/p>\n<p>Toute r\u00e9servation est soumise obligatoirement \u00e0 l&rsquo;acceptation sans restriction de nos conditions g\u00e9n\u00e9rales de vente visible sur notre site Stayinn.Vacations en cliquant sur les conditions g\u00e9n\u00e9rales.<\/p>\n<p>Num\u00e9ro d&rsquo;enregistrement : 2006DTO-MT<\/p>\n","protected":false},"excerpt":{"rendered":"<p>Offrez-vous une escapade inoubliable dans cette magnifique villa, id\u00e9alement situ\u00e9e pour un s\u00e9jour alliant d\u00e9tente, luxe et nature. Tout a \u00e9t\u00e9 pens\u00e9 pour que vous passiez un pur moment de bonheur \u00e0 la villa POOL &#038; CHILL Une d\u00e9coration soign\u00e9e et raffin\u00e9e, de grands espaces, de beaux mat\u00e9riaux, des \u00e9quipements de qualit\u00e9, une belle vue [&hellip;]<\/p>\n","protected":false},"featured_media":9294,"comment_status":"open","ping_status":"closed","template":"","meta":{"inline_featured_image":false},"country":[],"product_brand":[],"product_cat":[170],"product_tag":[],"class_list":{"0":"post-9299","1":"product","2":"type-product","3":"status-publish","4":"has-post-thumbnail","6":"product_cat-hebergement","8":"first","9":"instock","10":"shipping-taxable","11":"purchasable","12":"product-type-simple"},"acf":[],"_links":{"self":[{"href":"https:\/\/stayinn.travel\/fr\/wp-json\/wp\/v2\/product\/9299","targetHints":{"allow":["GET"]}}],"collection":[{"href":"https:\/\/stayinn.travel\/fr\/wp-json\/wp\/v2\/product"}],"about":[{"href":"https:\/\/stayinn.travel\/fr\/wp-json\/wp\/v2\/types\/product"}],"replies":[{"embeddable":true,"href":"https:\/\/stayinn.travel\/fr\/wp-json\/wp\/v2\/comments?post=9299"}],"wp:featuredmedia":[{"embeddable":true,"href":"https:\/\/stayinn.travel\/fr\/wp-json\/wp\/v2\/media\/9294"}],"wp:attachment":[{"href":"https:\/\/stayinn.travel\/fr\/wp-json\/wp\/v2\/media?parent=9299"}],"wp:term":[{"taxonomy":"country","embeddable":true,"href":"https:\/\/stayinn.travel\/fr\/wp-json\/wp\/v2\/country?post=9299"},{"taxonomy":"product_brand","embeddable":true,"href":"https:\/\/stayinn.travel\/fr\/wp-json\/wp\/v2\/product_brand?post=9299"},{"taxonomy":"product_cat","embeddable":true,"href":"https:\/\/stayinn.travel\/fr\/wp-json\/wp\/v2\/product_cat?post=9299"},{"taxonomy":"product_tag","embeddable":true,"href":"https:\/\/stayinn.travel\/fr\/wp-json\/wp\/v2\/product_tag?post=9299"}],"curies":[{"name":"wp","href":"https:\/\/api.w.org\/{rel}","templated":true}]}}