{"id":9307,"date":"2025-10-20T15:57:57","date_gmt":"2025-10-20T15:57:57","guid":{"rendered":"https:\/\/stayinn.travel\/product\/moorea-fare-hanahei-2\/"},"modified":"2026-04-16T10:35:31","modified_gmt":"2026-04-16T10:35:31","slug":"moorea-fare-hanahei-2","status":"publish","type":"product","link":"https:\/\/stayinn.travel\/fr\/product\/moorea-fare-hanahei-2\/","title":{"rendered":"MOOREA &#8211; Fare HANAHEI"},"content":{"rendered":"<p>Ia ora na e Maeva au FARE HANAHEI \u00e0 Moorea, un v\u00e9ritable havre de paix, id\u00e9alement situ\u00e9 sur la commune de Maharepa, proche de toutes commodit\u00e9s.<br \/>\n<br \/>Cette magnifique villa vous offre 3 chambres climatis\u00e9es dont 1 avec ventilateur, dont une suite parentale avec salle de bain privative, et 2 autres salles d&rsquo;eau pour votre confort.<br \/>\n<br \/>Une autre pi\u00e8ce \u00e9quip\u00e9e en bureau est \u00e9galement \u00e0 votre disposition.<br \/>\n<br \/>Un lit b\u00e9b\u00e9 est disponible au sein de la villa.<br \/>\n<br \/>Rien n&rsquo;a \u00e9t\u00e9 laiss\u00e9 au hasard : les diff\u00e9rentes pi\u00e8ces de cette villa sont spacieuses, chaleureuses, \u00e9quip\u00e9es avec de beaux mat\u00e9riaux et  la d\u00e9coration est soign\u00e9e.<br \/>\n<br \/>Profitez d&rsquo;une grande cuisine ind\u00e9pendante  enti\u00e8rement \u00e9quip\u00e9e pour pr\u00e9parer de d\u00e9licieux repas, puis d\u00e9tendez-vous au bord de la belle piscine entour\u00e9e d&rsquo;un jardin luxuriant pour les activit\u00e9s en plein air qui feront le bonheur des petits comme des grands.<br \/>\n<br \/> Tout a \u00e9t\u00e9 pens\u00e9 pour que vous ne manquiez de rien.<br \/>\n<br \/>Un espace lingerie est \u00e0 votre disposition pendant votre s\u00e9jour : lave linge et s\u00e8che linge.<br \/>\n<br \/>Laissez-vous s\u00e9duire par le calme et la s\u00e9r\u00e9nit\u00e9 de ce lieu d&rsquo;exception.  Une vue magique sur les montagnes et un aper\u00e7u mer depuis le jardin.<br \/>\n<br \/>Endroit de r\u00eave pour profiter pleinement de votre s\u00e9jour \u00e0 Moorea en famille ou entre amis.<br \/>\n<br \/>R\u00e9servez d\u00e8s maintenant votre s\u00e9jour inoubliable au FARE HANAHEI.<br \/>\n<br \/>Coup de coeur assur\u00e9 !<\/p>\n<p>Les plus de cette location :<br \/>\n<br \/>&#8211; villa avec piscine<br \/>\n<br \/>&#8211; proche magasins et restaurants<br \/>\n<br \/>&#8211; non loin de la plage publique Temae<br \/>\n<br \/>&#8211; au calme<br \/>\n<br \/>&#8211; sans vis \u00e0 vis<br \/>\n<br \/>&#8211; belles prestations<br \/>\n<br \/>&#8211; vues magnifiques montagnes et aper\u00e7u mer<\/p>\n<p>Toute r\u00e9servation est soumise obligatoirement \u00e0 l&rsquo;acceptation sans restrictions de nos conditions g\u00e9n\u00e9rales de vente visibles sur notre site Stayinn.Vacations en cliquant sur les conditions g\u00e9n\u00e9rales.<\/p>\n","protected":false},"excerpt":{"rendered":"<p>Ia ora na e Maeva au FARE HANAHEI \u00e0 Moorea, un v\u00e9ritable havre de paix, id\u00e9alement situ\u00e9 sur la commune de Maharepa, proche de toutes commodit\u00e9s. Cette magnifique villa vous offre 3 chambres climatis\u00e9es dont 1 avec ventilateur, dont une suite parentale avec salle de bain privative, et 2 autres salles d&rsquo;eau pour votre confort. [&hellip;]<\/p>\n","protected":false},"featured_media":9302,"comment_status":"open","ping_status":"closed","template":"","meta":{"inline_featured_image":false},"country":[],"product_brand":[],"product_cat":[170],"product_tag":[],"class_list":{"0":"post-9307","1":"product","2":"type-product","3":"status-publish","4":"has-post-thumbnail","6":"product_cat-hebergement","8":"first","9":"instock","10":"shipping-taxable","11":"purchasable","12":"product-type-simple"},"acf":[],"_links":{"self":[{"href":"https:\/\/stayinn.travel\/fr\/wp-json\/wp\/v2\/product\/9307","targetHints":{"allow":["GET"]}}],"collection":[{"href":"https:\/\/stayinn.travel\/fr\/wp-json\/wp\/v2\/product"}],"about":[{"href":"https:\/\/stayinn.travel\/fr\/wp-json\/wp\/v2\/types\/product"}],"replies":[{"embeddable":true,"href":"https:\/\/stayinn.travel\/fr\/wp-json\/wp\/v2\/comments?post=9307"}],"wp:featuredmedia":[{"embeddable":true,"href":"https:\/\/stayinn.travel\/fr\/wp-json\/wp\/v2\/media\/9302"}],"wp:attachment":[{"href":"https:\/\/stayinn.travel\/fr\/wp-json\/wp\/v2\/media?parent=9307"}],"wp:term":[{"taxonomy":"country","embeddable":true,"href":"https:\/\/stayinn.travel\/fr\/wp-json\/wp\/v2\/country?post=9307"},{"taxonomy":"product_brand","embeddable":true,"href":"https:\/\/stayinn.travel\/fr\/wp-json\/wp\/v2\/product_brand?post=9307"},{"taxonomy":"product_cat","embeddable":true,"href":"https:\/\/stayinn.travel\/fr\/wp-json\/wp\/v2\/product_cat?post=9307"},{"taxonomy":"product_tag","embeddable":true,"href":"https:\/\/stayinn.travel\/fr\/wp-json\/wp\/v2\/product_tag?post=9307"}],"curies":[{"name":"wp","href":"https:\/\/api.w.org\/{rel}","templated":true}]}}