{"id":9323,"date":"2025-10-20T15:57:57","date_gmt":"2025-10-20T15:57:57","guid":{"rendered":"https:\/\/stayinn.travel\/product\/moorea-villa-maoe-pool-pmr-2\/"},"modified":"2026-04-16T10:34:55","modified_gmt":"2026-04-16T10:34:55","slug":"moorea-villa-maoe-pool-pmr-2","status":"publish","type":"product","link":"https:\/\/stayinn.travel\/fr\/product\/moorea-villa-maoe-pool-pmr-2\/","title":{"rendered":"MOOREA &#8211; Villa Maoe Pool (PMR)"},"content":{"rendered":"<p>MOOREA &#8211; Villa Maoe Pool (PMR) <\/p>\n<p>UNE VILLA ECO-FRIENDLY ET ACCESSIBLE AUX PERSONNES A MOBILITE REDUITE A MOOREA ! <\/p>\n<p>R\u00e9servez pour vos vacances ou short break une villa \u00e9cologique et d\u2019architecte avec piscine priv\u00e9e et jardin cl\u00f4tur\u00e9, pouvant accueillir confortablement 9 personnes.<br \/>\n<br \/>Id\u00e9ale pour les s\u00e9jours en famille ou entre amis, cet endroit vous offrira convivialit\u00e9 et tranquillit\u00e9. La propri\u00e9t\u00e9 est situ\u00e9e \u00e0 Afareaitu c\u00f4t\u00e9 montagne, proche du quai des ferries, dans un quartier calme et familial. <\/p>\n<p>La villa se veut \u00e9cologique et autonome en \u00e9nergie. L\u2019\u00e9lectricit\u00e9 est produite par des panneaux photovolta\u00efques plac\u00e9s sous la toiture, et l\u2019eau est assur\u00e9e par des panneaux solaires et un ballon de stockage de 300 L. Elle a \u00e9t\u00e9 enti\u00e8rement adapt\u00e9e pour l\u2019accueil des personnes \u00e0 mobilit\u00e9 r\u00e9duite gr\u00e2ce \u00e0 ses cheminements facilement praticable , sa rampe d\u2019acc\u00e8s, ses pi\u00e8ces de vies et les 2 chambres spacieuses.<\/p>\n<p>La propri\u00e9t\u00e9 est compos\u00e9e d\u2019un s\u00e9jour meubl\u00e9, climatis\u00e9 et \u00e9quip\u00e9 avec canap\u00e9 d\u2019angle (convertible en un lit simple pour le 9\u00e8me occupant), fauteuils, Smart TV \u00e9cran plat. Une cuisine enti\u00e8rement \u00e9quip\u00e9e pour y pr\u00e9parer vos repas et r\u00e9galer vos convives.<br \/>\n<br \/>La chambre principale est climatis\u00e9e avec lit King Size, placard et un coffre-fort pour y ranger vos objets de valeur. La deuxi\u00e8me chambre est \u00e9quip\u00e9e avec un lit Queen Size et un placard de rangement. La mezzanine climatis\u00e9e elle aussi, peut accueillir 4 personnes il y a 1 lit Queen size et 1 lit double, 1 commode de rangement et une \u00e9tag\u00e8re pour vos effets personnels.<br \/>\n<br \/>La salle de bain de la villa est compos\u00e9e de 2 meubles-lavabos, un toilette, une baignoire et une douche \u00e0 l\u2019italienne. Un deuxi\u00e8me toilette ind\u00e9pendant avec lave-mains est \u00e0 disposition. Un lave-linge est \u00e0 disposition pour vous dans la maison.<br \/>\n<br \/>La terrasse est couverte et sera votre lieu pr\u00e9f\u00e9r\u00e9 pour vos ap\u00e9ritifs, les repas ou encore un moment de lecture ou de repos. Tables, chaises et canap\u00e9 meublent cet endroit d\u2019o\u00f9 vous pourrez surveiller vos enfants lors de leurs baignades.<br \/>\n<br \/>La piscine, enti\u00e8rement carrel\u00e9e, avec un espace adapt\u00e9 pour les enfants en bas \u00e2ge, fera le bonheur des petits et des grands. Un Parasoleil et les chaises longues n\u2019attendent que vous ! Chaque d\u00e9but de soir\u00e9e sera anim\u00e9 par un jeu de lumi\u00e8re multicolores, admirez et profitez de ces moments.<br \/>\n<br \/>Le jardin est enti\u00e8rement cl\u00f4tur\u00e9, vos bambins sont en s\u00e9curit\u00e9. Il y a un abri pour votre v\u00e9hicule.<\/p>\n<p>LES ESSENTIELS<br \/>\n<br \/>*Villa Eco-friendly et \u00e9nerg\u00e9tiquement autonome en harmonie avec notre Fenua<br \/>\n<br \/>*Adapt\u00e9e pour accueillir une personne \u00e0 mobilit\u00e9 r\u00e9duite (PMR)<br \/>\n<br \/>*Piscine priv\u00e9e avec jeu de lumi\u00e8re multicolores chaque d\u00e9but de soir\u00e9e<br \/>\n<br \/>*Climatisation de tout l\u2019ensemble avec split-syst\u00e8me t\u00e9l\u00e9command\u00e9e<br \/>\n<br \/>*Equipements de qualit\u00e9<br \/>\n<br \/>*Internet en fibre optique et illimit\u00e9<br \/>\n<br \/>*Smart TV avec Netflix<br \/>\n<br \/>*Barbecue<br \/>\n<br \/>*Eau du robinet potable<br \/>\n<br \/>*Entretien r\u00e9gulier de la piscine (contr\u00f4le de l\u2019eau et nettoyage)<br \/>\n<br \/>*Les coqs et les poules, visiteurs occasionnels du jardin font partis du quartier et de la vie de l\u2019\u00eele.<\/p>\n<p>Num\u00e9ro d&rsquo;enregistrement : 1417DTO-MT<\/p>\n","protected":false},"excerpt":{"rendered":"<p>MOOREA &#8211; Villa Maoe Pool (PMR) UNE VILLA ECO-FRIENDLY ET ACCESSIBLE AUX PERSONNES A MOBILITE REDUITE A MOOREA ! R\u00e9servez pour vos vacances ou short break une villa \u00e9cologique et d\u2019architecte avec piscine priv\u00e9e et jardin cl\u00f4tur\u00e9, pouvant accueillir confortablement 9 personnes. Id\u00e9ale pour les s\u00e9jours en famille ou entre amis, cet endroit vous offrira [&hellip;]<\/p>\n","protected":false},"featured_media":9318,"comment_status":"open","ping_status":"closed","template":"","meta":{"inline_featured_image":false},"country":[],"product_brand":[],"product_cat":[170],"product_tag":[],"class_list":{"0":"post-9323","1":"product","2":"type-product","3":"status-publish","4":"has-post-thumbnail","6":"product_cat-hebergement","8":"first","9":"instock","10":"shipping-taxable","11":"purchasable","12":"product-type-simple"},"acf":[],"_links":{"self":[{"href":"https:\/\/stayinn.travel\/fr\/wp-json\/wp\/v2\/product\/9323","targetHints":{"allow":["GET"]}}],"collection":[{"href":"https:\/\/stayinn.travel\/fr\/wp-json\/wp\/v2\/product"}],"about":[{"href":"https:\/\/stayinn.travel\/fr\/wp-json\/wp\/v2\/types\/product"}],"replies":[{"embeddable":true,"href":"https:\/\/stayinn.travel\/fr\/wp-json\/wp\/v2\/comments?post=9323"}],"wp:featuredmedia":[{"embeddable":true,"href":"https:\/\/stayinn.travel\/fr\/wp-json\/wp\/v2\/media\/9318"}],"wp:attachment":[{"href":"https:\/\/stayinn.travel\/fr\/wp-json\/wp\/v2\/media?parent=9323"}],"wp:term":[{"taxonomy":"country","embeddable":true,"href":"https:\/\/stayinn.travel\/fr\/wp-json\/wp\/v2\/country?post=9323"},{"taxonomy":"product_brand","embeddable":true,"href":"https:\/\/stayinn.travel\/fr\/wp-json\/wp\/v2\/product_brand?post=9323"},{"taxonomy":"product_cat","embeddable":true,"href":"https:\/\/stayinn.travel\/fr\/wp-json\/wp\/v2\/product_cat?post=9323"},{"taxonomy":"product_tag","embeddable":true,"href":"https:\/\/stayinn.travel\/fr\/wp-json\/wp\/v2\/product_tag?post=9323"}],"curies":[{"name":"wp","href":"https:\/\/api.w.org\/{rel}","templated":true}]}}