{"id":9339,"date":"2025-10-20T15:57:57","date_gmt":"2025-10-20T15:57:57","guid":{"rendered":"https:\/\/stayinn.travel\/product\/tahiti-villa-zen-2\/"},"modified":"2026-04-16T10:35:38","modified_gmt":"2026-04-16T10:35:38","slug":"tahiti-villa-zen-2","status":"publish","type":"product","link":"https:\/\/stayinn.travel\/fr\/product\/tahiti-villa-zen-2\/","title":{"rendered":"TAHITI &#8211; Villa Zen"},"content":{"rendered":"<p>Villa Zen &#8211; Un havre de paix \u00e0 Pic Rouge, Papeete, Tahiti<\/p>\n<p>Bienvenue \u00e0 la Villa Zen, un \u00e9crin de s\u00e9r\u00e9nit\u00e9 nich\u00e9 au c\u0153ur des hauteurs de Papeete, \u00e0 Pic Rouge. Avec une vue imprenable sur la mer et les montagnes, cette villa est id\u00e9ale pour les grands groupes ou les familles en qu\u00eate de confort et de d\u00e9tente.<\/p>\n<p>Une villa spacieuse et tout \u00e9quip\u00e9e<br \/>\n<br \/>D\u00e9couvrez un espace \u00e0 la fois moderne et chaleureux, pens\u00e9 pour votre bien-\u00eatre :<\/p>\n<p>4 chambres  : trois avec lits queen size et une avec un lit king size, toutes am\u00e9nag\u00e9es avec soin pour des nuits paisibles.<br \/>\n<br \/>2 salles de bain \u00e9quip\u00e9es de douches, serviettes fournies, et d\u2019une machine \u00e0 laver pour un s\u00e9jour sans souci.<br \/>\n<br \/>Une cuisine am\u00e9ricaine \u00e9quip\u00e9e : frigo, four, micro-ondes, lave-vaisselle, cafeti\u00e8re, friteuse, presse-agrumes, et bien plus encore pour pr\u00e9parer vos repas en toute simplicit\u00e9.<br \/>\n<br \/>Espace ext\u00e9rieur priv\u00e9 : plongez dans la piscine privative ou d\u00e9tendez-vous sur la terrasse en bois tout en admirant la vue exceptionnelle.<br \/>\n<br \/>Confort et commodit\u00e9s<br \/>\n<br \/>La Villa Zen combine confort moderne et praticit\u00e9 :<\/p>\n<p>Wifi et t\u00e9l\u00e9vision connect\u00e9e pour vos divertissements.<br \/>\n<br \/>Parking privatif pouvant accueillir 3 v\u00e9hicules.<br \/>\n<br \/>Une escapade parfaite<\/p>\n<p>  Les atouts de la Villa Zen :<\/p>\n<p>Vue panoramique mer et montagne.<br \/>\n<br \/>Piscine privative et grande terrasse id\u00e9ale pour se d\u00e9tendre.<br \/>\n<br \/>Maison spacieuse, parfaite pour des groupes jusqu\u2019\u00e0 12 personnes (incluant le bungalow).<br \/>\n<br \/>Profitez d\u2019un s\u00e9jour musical : un piano blanc est install\u00e9 dans la Villa Zen pour votre plaisir. Id\u00e9al pour les amateurs de musique !<\/p>\n<p>\u00c0 proximit\u00e9<br \/>\n<br \/>Profitez de la localisation id\u00e9ale de la villa, \u00e0 quelques minutes des commodit\u00e9s et sites touristiques :<br \/>\n<br \/>Commerces : Champion Paofai (5 km), Carrefour Faa\u2019a (5,3 km).<br \/>\n<br \/>Restaurants : Meherio Tahitian Bistro (5,7 km), Le Moana (7,5 km).<br \/>\n<br \/>Plages : Plage Lafayette (13 km), Pointe V\u00e9nus (17,7 km).<br \/>\n<br \/>Sites touristiques : Parc Paofai (5,5 km), Parc Vairai (10,6 km).<\/p>\n<p>R\u00e8gles de la maison<br \/>\n<br \/>Interdiction de fumer \u00e0 l\u2019int\u00e9rieur.<br \/>\n<br \/>Les animaux ne sont pas admis.<br \/>\n<br \/>Les f\u00eates et rassemblements sont strictement interdits pour pr\u00e9server la tranquillit\u00e9 des lieux.<br \/>\n<br \/>Veuillez \u00e0 prendre soin de ce piano et l&rsquo;utiliser avec pr\u00e9caution lors de votre s\u00e9jour <\/p>\n<p>  Num\u00e9ro d\u2019enregistrement : 2924DTO-MT<\/p>\n","protected":false},"excerpt":{"rendered":"<p>Villa Zen &#8211; Un havre de paix \u00e0 Pic Rouge, Papeete, Tahiti Bienvenue \u00e0 la Villa Zen, un \u00e9crin de s\u00e9r\u00e9nit\u00e9 nich\u00e9 au c\u0153ur des hauteurs de Papeete, \u00e0 Pic Rouge. Avec une vue imprenable sur la mer et les montagnes, cette villa est id\u00e9ale pour les grands groupes ou les familles en qu\u00eate de [&hellip;]<\/p>\n","protected":false},"featured_media":9334,"comment_status":"open","ping_status":"closed","template":"","meta":{"inline_featured_image":false},"country":[],"product_brand":[],"product_cat":[170],"product_tag":[],"class_list":{"0":"post-9339","1":"product","2":"type-product","3":"status-publish","4":"has-post-thumbnail","6":"product_cat-hebergement","8":"first","9":"instock","10":"shipping-taxable","11":"purchasable","12":"product-type-simple"},"acf":[],"_links":{"self":[{"href":"https:\/\/stayinn.travel\/fr\/wp-json\/wp\/v2\/product\/9339","targetHints":{"allow":["GET"]}}],"collection":[{"href":"https:\/\/stayinn.travel\/fr\/wp-json\/wp\/v2\/product"}],"about":[{"href":"https:\/\/stayinn.travel\/fr\/wp-json\/wp\/v2\/types\/product"}],"replies":[{"embeddable":true,"href":"https:\/\/stayinn.travel\/fr\/wp-json\/wp\/v2\/comments?post=9339"}],"wp:featuredmedia":[{"embeddable":true,"href":"https:\/\/stayinn.travel\/fr\/wp-json\/wp\/v2\/media\/9334"}],"wp:attachment":[{"href":"https:\/\/stayinn.travel\/fr\/wp-json\/wp\/v2\/media?parent=9339"}],"wp:term":[{"taxonomy":"country","embeddable":true,"href":"https:\/\/stayinn.travel\/fr\/wp-json\/wp\/v2\/country?post=9339"},{"taxonomy":"product_brand","embeddable":true,"href":"https:\/\/stayinn.travel\/fr\/wp-json\/wp\/v2\/product_brand?post=9339"},{"taxonomy":"product_cat","embeddable":true,"href":"https:\/\/stayinn.travel\/fr\/wp-json\/wp\/v2\/product_cat?post=9339"},{"taxonomy":"product_tag","embeddable":true,"href":"https:\/\/stayinn.travel\/fr\/wp-json\/wp\/v2\/product_tag?post=9339"}],"curies":[{"name":"wp","href":"https:\/\/api.w.org\/{rel}","templated":true}]}}