{"id":9379,"date":"2025-10-20T15:57:57","date_gmt":"2025-10-20T15:57:57","guid":{"rendered":"https:\/\/stayinn.travel\/product\/tahiti-iti-bungalow-rahiti-2\/"},"modified":"2026-04-16T10:35:42","modified_gmt":"2026-04-16T10:35:42","slug":"tahiti-iti-bungalow-rahiti-2","status":"publish","type":"product","link":"https:\/\/stayinn.travel\/fr\/product\/tahiti-iti-bungalow-rahiti-2\/","title":{"rendered":"TAHITI ITI &#8211; Bungalow Rahiti"},"content":{"rendered":"<p>BUNGALOW RAHITI &#8211; TEAHUPOO<\/p>\n<p>\u00c9vadez-vous \u00e0 Teahupo&rsquo;o ce studio de 42 m\u00b2, climatis\u00e9, offre un lit queen-size et un canap\u00e9 convertible. Profitez d&rsquo;une salle de bain moderne, d&rsquo;une cuisine enti\u00e8rement \u00e9quip\u00e9e, et d&rsquo;une terrasse couverte avec vue sur l&rsquo;oc\u00e9an. Parking, TV, internet fibre, linge fourni, machine \u00e0 laver et barbecue inclus. <\/p>\n<p>Le Bungalow RAHITI est bien plus qu\u2019un simple logement \u2013 c\u2019est le point de d\u00e9part id\u00e9al pour d\u00e9couvrir la beaut\u00e9 de Teahupo&rsquo;o, tout en profitant d\u2019un s\u00e9jour tranquille, confortable et inoubliable. Venez vivre un moment magique!<\/p>\n<p>Ce que vous allez adorer :<\/p>\n<p>-Vue sur l&rsquo;oc\u00e9an : un r\u00e9veil en douceur avec le bruit des vagues et un coucher de soleil magique.<br \/>\n<br \/>-Parking priv\u00e9 : pour votre tranquillit\u00e9, chaque s\u00e9jour comprend une place de parking r\u00e9serv\u00e9e.<br \/>\n<br \/>-Wi-Fi haut d\u00e9bit : pour rester connect\u00e9 ou planifier vos aventures sans souci.<br \/>\n<br \/>-Espace ext\u00e9rieur : une terrasse pour savourer un barbecue avec vue sur la mer.<\/p>\n<p>\u00c9quipements inclus :<\/p>\n<p>-Cuisine \u00e9quip\u00e9e : micro-ondes, r\u00e9frig\u00e9rateur, cuiseur \u00e0 riz, grille-pain, et tout le n\u00e9cessaire pour cuisiner vos petits plats.<br \/>\n<br \/>-Linge fourni : draps et serviettes inclus pour un confort total.<br \/>\n<br \/>Machine \u00e0 laver : pratique pour prolonger votre s\u00e9jour sans souci.<br \/>\n<br \/>-Divertissement : TV avec antenne pour des soir\u00e9es cocooning.<br \/>\n<br \/>-Climatisation : pour une temp\u00e9rature id\u00e9ale<\/p>\n<p>Toute r\u00e9servation est soumise obligatoirement \u00e0 l&rsquo;acceptation sans restrictions de nos conditions g\u00e9n\u00e9rales de vente visible sur notre site Stayinn.Vacations en cliquant sur les conditions generales.<\/p>\n<p>3802DTO-MT<\/p>\n","protected":false},"excerpt":{"rendered":"<p>BUNGALOW RAHITI &#8211; TEAHUPOO \u00c9vadez-vous \u00e0 Teahupo&rsquo;o ce studio de 42 m\u00b2, climatis\u00e9, offre un lit queen-size et un canap\u00e9 convertible. Profitez d&rsquo;une salle de bain moderne, d&rsquo;une cuisine enti\u00e8rement \u00e9quip\u00e9e, et d&rsquo;une terrasse couverte avec vue sur l&rsquo;oc\u00e9an. Parking, TV, internet fibre, linge fourni, machine \u00e0 laver et barbecue inclus. Le Bungalow RAHITI est [&hellip;]<\/p>\n","protected":false},"featured_media":9374,"comment_status":"open","ping_status":"closed","template":"","meta":{"inline_featured_image":false},"country":[],"product_brand":[],"product_cat":[170],"product_tag":[],"class_list":{"0":"post-9379","1":"product","2":"type-product","3":"status-publish","4":"has-post-thumbnail","6":"product_cat-hebergement","8":"first","9":"instock","10":"shipping-taxable","11":"purchasable","12":"product-type-simple"},"acf":[],"_links":{"self":[{"href":"https:\/\/stayinn.travel\/fr\/wp-json\/wp\/v2\/product\/9379","targetHints":{"allow":["GET"]}}],"collection":[{"href":"https:\/\/stayinn.travel\/fr\/wp-json\/wp\/v2\/product"}],"about":[{"href":"https:\/\/stayinn.travel\/fr\/wp-json\/wp\/v2\/types\/product"}],"replies":[{"embeddable":true,"href":"https:\/\/stayinn.travel\/fr\/wp-json\/wp\/v2\/comments?post=9379"}],"wp:featuredmedia":[{"embeddable":true,"href":"https:\/\/stayinn.travel\/fr\/wp-json\/wp\/v2\/media\/9374"}],"wp:attachment":[{"href":"https:\/\/stayinn.travel\/fr\/wp-json\/wp\/v2\/media?parent=9379"}],"wp:term":[{"taxonomy":"country","embeddable":true,"href":"https:\/\/stayinn.travel\/fr\/wp-json\/wp\/v2\/country?post=9379"},{"taxonomy":"product_brand","embeddable":true,"href":"https:\/\/stayinn.travel\/fr\/wp-json\/wp\/v2\/product_brand?post=9379"},{"taxonomy":"product_cat","embeddable":true,"href":"https:\/\/stayinn.travel\/fr\/wp-json\/wp\/v2\/product_cat?post=9379"},{"taxonomy":"product_tag","embeddable":true,"href":"https:\/\/stayinn.travel\/fr\/wp-json\/wp\/v2\/product_tag?post=9379"}],"curies":[{"name":"wp","href":"https:\/\/api.w.org\/{rel}","templated":true}]}}