{"id":9395,"date":"2025-10-20T15:57:57","date_gmt":"2025-10-20T15:57:57","guid":{"rendered":"https:\/\/stayinn.travel\/product\/tahiti-studio-manomano-maoti-2\/"},"modified":"2026-04-16T10:36:29","modified_gmt":"2026-04-16T10:36:29","slug":"tahiti-studio-manomano-maoti-2","status":"publish","type":"product","link":"https:\/\/stayinn.travel\/fr\/product\/tahiti-studio-manomano-maoti-2\/","title":{"rendered":"TAHITI &#8211; Studio ManoMano Maoti"},"content":{"rendered":"<p>TAHITI &#8211; Studio Manomano Maoti<br \/>\n<br \/>Situ\u00e9 sur la c\u00f4te ouest de Tahiti, \u00e0 Papara, le  Studio Manomano Maoti vous offre un cadre privil\u00e9gi\u00e9 en bord de plage, au c\u0153ur d\u2019une propri\u00e9t\u00e9 familiale calme et verdoyante. Vous profiterez d\u2019un acc\u00e8s quasi-priv\u00e9 au sable blanc et \u00e0 un lagon d\u2019exception, id\u00e9al pour la d\u00e9tente, le snorkeling ou une sortie en kayak.<\/p>\n<p>Avec ses 45 m\u00b2 habitables, le studio climatis\u00e9 permet d\u2019accueillir jusqu\u2019\u00e0 4 personnes gr\u00e2ce \u00e0 ses couchages en mezzanine<\/p>\n<p>Le studio c\u00f4t\u00e9 jardin se compose d\u2019une cuisine \u00e9quip\u00e9e (plaque de cuisson \u00e0 gaz , r\u00e9frig\u00e9rateur , bouilloire, cafeti\u00e8re et grille-pain) , d&rsquo;une salle \u00e0 manger et d\u2019une terrasse ouverte sur le jardin.<\/p>\n<p>Le s\u00e9jour comprend 2 lits simples avec possibilit\u00e9 de les assembl\u00e9s et 1 lit queen size au niveau de la mezzanine.<\/p>\n<p>La salle de bain \u00e9quip\u00e9e de tout le n\u00e9cessaire ( gel douche \/ shampoings) et un changement de linge de lit tous les 3 jours. <\/p>\n<p>Sur demande, nous pouvons mettre gratuitement \u00e0 votre disposition un lit parapluie, un s\u00e8che-cheveux et un micro-ondes. Un service de blanchisserie est \u00e9galement disponible en suppl\u00e9ment. Il est possible d\u2019ajouter des matelas suppl\u00e9mentaires (1 500 XPF par personne), \u00e0 r\u00e9gler directement sur place.<\/p>\n<p>\u00c0 proximit\u00e9 du lodge ( -100 m \u00e0 pied)<br \/>\n<br \/>Marae Mahaeatea du lodge<br \/>\n<br \/>plage de la Taharuu et baignade en rivi\u00e8re<br \/>\n<br \/>Magasin LS PROXI TAHARUU<br \/>\n<br \/>Snack BEACH BURGER<br \/>\n<br \/>Pizzeria La Ventienne <\/p>\n<p>Les essentiels :<br \/>\n<br \/>petit d\u00e9jeuner + d\u00eener possible sur demande sur place<br \/>\n<br \/>Service m\u00e9nage effectu\u00e9 tous les 3 jours pour les longs s\u00e9jours<br \/>\n<br \/>Wifi illimit\u00e9e gratuit<br \/>\n<br \/>Proche spot de Surf Taharuu<br \/>\n<br \/>location \u00e9quipements nautiques ( paddle , kayaks , planche de surf )<br \/>\n<br \/>spot de snorkeling juste en face <\/p>\n<p>Les \u00e9v\u00e9nements ou tout autres f\u00eates sont interdites au sein du bungalow<br \/>\n<br \/>Une caution est demand\u00e9e pour tout paiement par esp\u00e8ces, virement ou ch\u00e8que . Celle ci n\u2019est pas encaiss\u00e9e et vous sera restitu\u00e9 au check out \u00e0 l&rsquo;agence STAYINN VACATIONS<br \/>\n<br \/>Toute r\u00e9servation est soumise obligatoirement \u00e0 l&rsquo;acceptation sans restriction de nos conditions g\u00e9n\u00e9rales de vente visible sur notre site Stayinn.Vacations en cliquant sur les conditions g\u00e9n\u00e9rales.<\/p>\n","protected":false},"excerpt":{"rendered":"<p>TAHITI &#8211; Studio Manomano Maoti Situ\u00e9 sur la c\u00f4te ouest de Tahiti, \u00e0 Papara, le Studio Manomano Maoti vous offre un cadre privil\u00e9gi\u00e9 en bord de plage, au c\u0153ur d\u2019une propri\u00e9t\u00e9 familiale calme et verdoyante. Vous profiterez d\u2019un acc\u00e8s quasi-priv\u00e9 au sable blanc et \u00e0 un lagon d\u2019exception, id\u00e9al pour la d\u00e9tente, le snorkeling ou [&hellip;]<\/p>\n","protected":false},"featured_media":9390,"comment_status":"open","ping_status":"closed","template":"","meta":{"inline_featured_image":false},"country":[],"product_brand":[],"product_cat":[170],"product_tag":[],"class_list":{"0":"post-9395","1":"product","2":"type-product","3":"status-publish","4":"has-post-thumbnail","6":"product_cat-hebergement","8":"first","9":"instock","10":"shipping-taxable","11":"purchasable","12":"product-type-simple"},"acf":[],"_links":{"self":[{"href":"https:\/\/stayinn.travel\/fr\/wp-json\/wp\/v2\/product\/9395","targetHints":{"allow":["GET"]}}],"collection":[{"href":"https:\/\/stayinn.travel\/fr\/wp-json\/wp\/v2\/product"}],"about":[{"href":"https:\/\/stayinn.travel\/fr\/wp-json\/wp\/v2\/types\/product"}],"replies":[{"embeddable":true,"href":"https:\/\/stayinn.travel\/fr\/wp-json\/wp\/v2\/comments?post=9395"}],"wp:featuredmedia":[{"embeddable":true,"href":"https:\/\/stayinn.travel\/fr\/wp-json\/wp\/v2\/media\/9390"}],"wp:attachment":[{"href":"https:\/\/stayinn.travel\/fr\/wp-json\/wp\/v2\/media?parent=9395"}],"wp:term":[{"taxonomy":"country","embeddable":true,"href":"https:\/\/stayinn.travel\/fr\/wp-json\/wp\/v2\/country?post=9395"},{"taxonomy":"product_brand","embeddable":true,"href":"https:\/\/stayinn.travel\/fr\/wp-json\/wp\/v2\/product_brand?post=9395"},{"taxonomy":"product_cat","embeddable":true,"href":"https:\/\/stayinn.travel\/fr\/wp-json\/wp\/v2\/product_cat?post=9395"},{"taxonomy":"product_tag","embeddable":true,"href":"https:\/\/stayinn.travel\/fr\/wp-json\/wp\/v2\/product_tag?post=9395"}],"curies":[{"name":"wp","href":"https:\/\/api.w.org\/{rel}","templated":true}]}}