{"id":9587,"date":"2025-10-20T15:57:58","date_gmt":"2025-10-20T15:57:58","guid":{"rendered":"https:\/\/stayinn.travel\/product\/fakarava-fare-coco-2-2\/"},"modified":"2026-04-16T10:36:26","modified_gmt":"2026-04-16T10:36:26","slug":"fakarava-fare-coco-2-2","status":"publish","type":"product","link":"https:\/\/stayinn.travel\/fr\/product\/fakarava-fare-coco-2-2\/","title":{"rendered":"FAKARAVA &#8211; Fare Tuaniu Iti"},"content":{"rendered":"<p>Bienvenue au Fare Tuaniu Iti  un studio cosy nich\u00e9 au c\u0153ur d\u2019une cocoteraie, \u00e0 moins de 200 m\u00e8tres de la plage.<br \/>\n<br \/>Avec sa d\u00e9coration simple mais r\u00e9cente, il offre un cadre paisible et confortable pour d\u00e9couvrir la qui\u00e9tude de Fakarava.<\/p>\n<p>Le logement est con\u00e7u comme un espace ouvert type studio. Il accueille 2 personnes et peut recevoir une 3\u1d49 personne en lit d\u2019appoint. L\u2019espace nuit comprend un lit queen size (160&#215;200), la climatisation et le Wi-Fi pour un confort optimal.<\/p>\n<p>Un coin kitchenette permet de pr\u00e9parer des repas simples (plaques \u00e0 gaz, r\u00e9frig\u00e9rateur, bouilloire). La salle de bain priv\u00e9e est \u00e9quip\u00e9e d\u2019une douche, d\u2019un lavabo et de toilettes.<\/p>\n<p>\u00c0 l\u2019ext\u00e9rieur, une terrasse privative donne sur le jardin de cocotiers, parfaite pour se d\u00e9tendre apr\u00e8s une journ\u00e9e d\u2019exploration. Un kayak est mis gratuitement \u00e0 disposition, et vous pouvez louer v\u00e9los, scooters ou voitures pour parcourir l\u2019\u00eele \u00e0 votre rythme.<\/p>\n<p>En cas d\u2019arriv\u00e9e anticip\u00e9e ou de d\u00e9part tardif, vous b\u00e9n\u00e9ficiez d\u2019un acc\u00e8s \u00e0 une salle de bain commune pour d\u00e9poser vos bagages et vous rafra\u00eechir avant ou apr\u00e8s votre s\u00e9jour. Vous pourrez \u00e9galement laisser vos bagages dans la buanderie commune.<\/p>\n<p>Les Essentiels:<\/p>\n<p>Studio cosy et r\u00e9cent dans une cocoteraie <\/p>\n<p>\u00c0 moins de 200 m de la plage<\/p>\n<p>Espace chambre ouvert avec lit queen size + lit d\u2019appoint possible<\/p>\n<p>Climatisation et Wi-Fi inclus<\/p>\n<p>Coin kitchenette am\u00e9nag\u00e9 (plaques, frigo, bouilloire)<\/p>\n<p>Salle de bain priv\u00e9e avec douche et WC<\/p>\n<p>Acc\u00e8s salle de bain pour arriv\u00e9es\/d\u00e9parts hors horaires<\/p>\n<p>Terrasse privative avec vue sur jardin<\/p>\n<p>Kayak gratuit, v\u00e9los\/scooters\/voitures disponibles \u00e0 la location<\/p>\n<p>Parking gratuit sur place<\/p>\n<p>\u00c0 proximit\u00e9<\/p>\n<p>Plage \u00e0 moins de 200 m<\/p>\n<p>Restaurants et options de restauration \u00e0 proximit\u00e9<\/p>\n<p>Les transferts taxi sont organis\u00e9s depuis l\u2019a\u00e9roport :<\/p>\n<p>1600 XPF \/ personne (A\/R), \u00e0 r\u00e9gler sur place en esp\u00e8ces<\/p>\n<p>Merci de communiquer vos horaires de vol en avance pour organiser votre transfert.<\/p>\n<p>Les f\u00eates et rassemblements sont strictement interdits au sein du logement.<br \/>\n<br \/>Toute r\u00e9servation est soumise obligatoirement \u00e0 l\u2019acceptation sans restriction de nos conditions g\u00e9n\u00e9rales de vente visibles sur notre site Stayinn.Vacations en cliquant sur conditions g\u00e9n\u00e9rales.<br \/>\n<br \/>Num\u00e9ro d\u2019enregistrement : 4579DTO-MT<\/p>\n","protected":false},"excerpt":{"rendered":"<p>Bienvenue au Fare Tuaniu Iti un studio cosy nich\u00e9 au c\u0153ur d\u2019une cocoteraie, \u00e0 moins de 200 m\u00e8tres de la plage. Avec sa d\u00e9coration simple mais r\u00e9cente, il offre un cadre paisible et confortable pour d\u00e9couvrir la qui\u00e9tude de Fakarava. Le logement est con\u00e7u comme un espace ouvert type studio. Il accueille 2 personnes et [&hellip;]<\/p>\n","protected":false},"featured_media":9582,"comment_status":"open","ping_status":"closed","template":"","meta":{"inline_featured_image":false},"country":[],"product_brand":[],"product_cat":[170],"product_tag":[],"class_list":{"0":"post-9587","1":"product","2":"type-product","3":"status-publish","4":"has-post-thumbnail","6":"product_cat-hebergement","8":"first","9":"instock","10":"shipping-taxable","11":"purchasable","12":"product-type-simple"},"acf":[],"_links":{"self":[{"href":"https:\/\/stayinn.travel\/fr\/wp-json\/wp\/v2\/product\/9587","targetHints":{"allow":["GET"]}}],"collection":[{"href":"https:\/\/stayinn.travel\/fr\/wp-json\/wp\/v2\/product"}],"about":[{"href":"https:\/\/stayinn.travel\/fr\/wp-json\/wp\/v2\/types\/product"}],"replies":[{"embeddable":true,"href":"https:\/\/stayinn.travel\/fr\/wp-json\/wp\/v2\/comments?post=9587"}],"wp:featuredmedia":[{"embeddable":true,"href":"https:\/\/stayinn.travel\/fr\/wp-json\/wp\/v2\/media\/9582"}],"wp:attachment":[{"href":"https:\/\/stayinn.travel\/fr\/wp-json\/wp\/v2\/media?parent=9587"}],"wp:term":[{"taxonomy":"country","embeddable":true,"href":"https:\/\/stayinn.travel\/fr\/wp-json\/wp\/v2\/country?post=9587"},{"taxonomy":"product_brand","embeddable":true,"href":"https:\/\/stayinn.travel\/fr\/wp-json\/wp\/v2\/product_brand?post=9587"},{"taxonomy":"product_cat","embeddable":true,"href":"https:\/\/stayinn.travel\/fr\/wp-json\/wp\/v2\/product_cat?post=9587"},{"taxonomy":"product_tag","embeddable":true,"href":"https:\/\/stayinn.travel\/fr\/wp-json\/wp\/v2\/product_tag?post=9587"}],"curies":[{"name":"wp","href":"https:\/\/api.w.org\/{rel}","templated":true}]}}