{"id":9675,"date":"2025-10-20T15:57:59","date_gmt":"2025-10-20T15:57:59","guid":{"rendered":"https:\/\/stayinn.travel\/product\/bora-bora-blue-pearl-studio-2\/"},"modified":"2026-04-16T10:35:50","modified_gmt":"2026-04-16T10:35:50","slug":"bora-bora-blue-pearl-studio-2","status":"publish","type":"product","link":"https:\/\/stayinn.travel\/fr\/product\/bora-bora-blue-pearl-studio-2\/","title":{"rendered":"BORA BORA &#8211; Blue Pearl Studio"},"content":{"rendered":"<p>Bienvenue au Blue Pearl Studio, un charmant appartement id\u00e9alement situ\u00e9 \u00e0 Anau, sur la magnifique \u00eele de Bora Bora. Install\u00e9 dans une r\u00e9sidence s\u00e9curis\u00e9e, ce logement en bord de mer vous offre un cadre exceptionnel, \u00e0 la fois paisible et pratique, pour d\u00e9couvrir toutes les merveilles du \u00ab\u202fjoyau du Pacifique\u202f\u00bb.<\/p>\n<p>\u00c0 seulement quelques pas du lagon, vous profitez d\u2019un acc\u00e8s direct \u00e0 la mer et d\u2019une vue imprenable sur les eaux turquoise de Bora Bora. La r\u00e9sidence se trouve \u00e0 15 minutes de la fameuse plage de Matira et ses bases d\u2019activit\u00e9s nautiques, dont le snorkeling, tr\u00e8s r\u00e9put\u00e9 dans ce secteur pour sa richesse marine.<\/p>\n<p>C\u2019est l\u2019endroit parfait pour se d\u00e9tendre, explorer les fonds marins ou partir en excursion autour de l\u2019\u00eele et de son c\u00e9l\u00e8bre motu.<\/p>\n<p>Enti\u00e8rement r\u00e9nov\u00e9 et d\u00e9cor\u00e9 avec soin, Blue Pearl Studio, peut accueillir jusqu\u2019\u00e0 4 personnes. Il dispose :<\/p>\n<p>d\u2019un lit queen size s\u00e9par\u00e9 par une cloison pour plus d\u2019intimit\u00e9,<\/p>\n<p>d\u2019un canap\u00e9 convertible,<\/p>\n<p>d\u2019une salle de bain moderne avec douche \u00e0 l\u2019italienne et produits de toilette,<\/p>\n<p>d\u2019un espace salon avec une TV 140 pouces avec Netflix.<\/p>\n<p>La kitchenette est enti\u00e8rement \u00e9quip\u00e9e :<br \/>\n<br \/>\u2615 cafeti\u00e8re, bouilloire, grille-pain, r\u00e9frig\u00e9rateur, lave-vaisselle, four et plaques de cuisson \u2013 tout est pr\u00e9vu pour vos repas en toute autonomie.<\/p>\n<p>Les petits plus<br \/>\n<br \/>Vue mer depuis votre terrasse priv\u00e9e,<\/p>\n<p>Parking priv\u00e9 gratuit,<\/p>\n<p>WIFI haut d\u00e9bit,<\/p>\n<p>Kayak \u00e0 disposition pour 2 personnes, avec gilets enfants inclus,<\/p>\n<p>Climatisation, coffre-fort, machine \u00e0 laver.<br \/>\n<br \/>Logement non fumeur, animaux non accept\u00e9s.<\/p>\n<p>Toute r\u00e9servation est soumise obligatoirement \u00e0 l&rsquo;acceptation sans restriction de nos conditions g\u00e9n\u00e9rales de vente visible sur notre site Stayinn.Vacations en cliquant sur les conditions g\u00e9n\u00e9rales.<\/p>\n<p>Num\u00e9ro d&rsquo;enregistrement : 2788DTO-MT<\/p>\n","protected":false},"excerpt":{"rendered":"<p>Bienvenue au Blue Pearl Studio, un charmant appartement id\u00e9alement situ\u00e9 \u00e0 Anau, sur la magnifique \u00eele de Bora Bora. Install\u00e9 dans une r\u00e9sidence s\u00e9curis\u00e9e, ce logement en bord de mer vous offre un cadre exceptionnel, \u00e0 la fois paisible et pratique, pour d\u00e9couvrir toutes les merveilles du \u00ab\u202fjoyau du Pacifique\u202f\u00bb. \u00c0 seulement quelques pas du [&hellip;]<\/p>\n","protected":false},"featured_media":9670,"comment_status":"open","ping_status":"closed","template":"","meta":{"inline_featured_image":false},"country":[],"product_brand":[],"product_cat":[170],"product_tag":[],"class_list":{"0":"post-9675","1":"product","2":"type-product","3":"status-publish","4":"has-post-thumbnail","6":"product_cat-hebergement","8":"first","9":"instock","10":"shipping-taxable","11":"purchasable","12":"product-type-simple"},"acf":[],"_links":{"self":[{"href":"https:\/\/stayinn.travel\/fr\/wp-json\/wp\/v2\/product\/9675","targetHints":{"allow":["GET"]}}],"collection":[{"href":"https:\/\/stayinn.travel\/fr\/wp-json\/wp\/v2\/product"}],"about":[{"href":"https:\/\/stayinn.travel\/fr\/wp-json\/wp\/v2\/types\/product"}],"replies":[{"embeddable":true,"href":"https:\/\/stayinn.travel\/fr\/wp-json\/wp\/v2\/comments?post=9675"}],"wp:featuredmedia":[{"embeddable":true,"href":"https:\/\/stayinn.travel\/fr\/wp-json\/wp\/v2\/media\/9670"}],"wp:attachment":[{"href":"https:\/\/stayinn.travel\/fr\/wp-json\/wp\/v2\/media?parent=9675"}],"wp:term":[{"taxonomy":"country","embeddable":true,"href":"https:\/\/stayinn.travel\/fr\/wp-json\/wp\/v2\/country?post=9675"},{"taxonomy":"product_brand","embeddable":true,"href":"https:\/\/stayinn.travel\/fr\/wp-json\/wp\/v2\/product_brand?post=9675"},{"taxonomy":"product_cat","embeddable":true,"href":"https:\/\/stayinn.travel\/fr\/wp-json\/wp\/v2\/product_cat?post=9675"},{"taxonomy":"product_tag","embeddable":true,"href":"https:\/\/stayinn.travel\/fr\/wp-json\/wp\/v2\/product_tag?post=9675"}],"curies":[{"name":"wp","href":"https:\/\/api.w.org\/{rel}","templated":true}]}}