{"id":9763,"date":"2025-10-20T15:57:59","date_gmt":"2025-10-20T15:57:59","guid":{"rendered":"https:\/\/stayinn.travel\/product\/manihi-manihi-pool-lodge-2\/"},"modified":"2026-04-16T10:35:37","modified_gmt":"2026-04-16T10:35:37","slug":"manihi-manihi-pool-lodge-2","status":"publish","type":"product","link":"https:\/\/stayinn.travel\/fr\/product\/manihi-manihi-pool-lodge-2\/","title":{"rendered":"MANIHI &#8211; Manihi Pool Lodge"},"content":{"rendered":"<p>Bienvenue \u00e0 Manihi, \u00eelot de sable paradisiaque dans l&rsquo;archipel des Tuamotu ! S\u00e9journez dans un bungalow charmant de 45 m\u00b2 en bord de piscine, nich\u00e9 dans un cadre tropical d&rsquo;exception pour une escapade en famille ou entre amis. Ce logement peut accueillir jusqu&rsquo;\u00e0 4 personnes et vous propose un confort optimal pour un s\u00e9jour inoubliable.<\/p>\n<p>Le bungalow comprend une chambre agr\u00e9able avec une literie de qualit\u00e9, un espace jardin priv\u00e9 avec mobilier pour vos moments de d\u00e9tente en ext\u00e9rieur, ainsi qu\u2019un coffre-fort pour vos effets personnels et un acc\u00e8s internet Wi-Fi. Vous pourrez profiter d&rsquo;une piscine partag\u00e9e pour vous rafra\u00eechir, ainsi que d&rsquo;une t\u00e9l\u00e9vision pour vos soir\u00e9es.<br \/>\n<br \/>Le logement accueillera 2 enfants moins de 12 ans dans un canap\u00e9 lit dans le salon. <\/p>\n<p>Profitez de la pension compl\u00e8te incluse dans votre r\u00e9servation.<br \/>\n<br \/>La pension met en avant une restauration de qualit\u00e9, m\u00ealant finesse fran\u00e7aise et inspirations polyn\u00e9siennes. Savourez des plats raffin\u00e9s \u00e9labor\u00e9s avec des produits locaux et servis dans un cadre paradisiaque et chaleureux. Pour sublimer votre exp\u00e9rience, une belle cave \u00e0 vin propose une s\u00e9lection de crus soigneusement choisis, parfaits pour accompagner vos repas et vous faire d\u00e9couvrir de nouvelles saveurs.<\/p>\n<p>Au programme : p\u00eache, masque et tuba, farniente sous les cocotiers, visite de l&rsquo;\u00eele, la ferme perli\u00e8re, pique-nique sur des Motu, d\u00e9couverte de l&rsquo;atoll en bateau &#8230;<br \/>\n<br \/>Une salle de sport est \u00e0 votre disposition dans la pension.<br \/>\n<br \/>Le club de plong\u00e9e sous-marine de l&rsquo;\u00eele saura vous emmener sur les meilleurs spots pour d\u00e9couvrir les merveilles de l&rsquo;atoll ! <\/p>\n<p>C&rsquo;est l&rsquo;endroit id\u00e9al pour vous ressourcer et explorer la beaut\u00e9 de la Polyn\u00e9sie.<\/p>\n","protected":false},"excerpt":{"rendered":"<p>Bienvenue \u00e0 Manihi, \u00eelot de sable paradisiaque dans l&rsquo;archipel des Tuamotu ! S\u00e9journez dans un bungalow charmant de 45 m\u00b2 en bord de piscine, nich\u00e9 dans un cadre tropical d&rsquo;exception pour une escapade en famille ou entre amis. Ce logement peut accueillir jusqu&rsquo;\u00e0 4 personnes et vous propose un confort optimal pour un s\u00e9jour inoubliable. [&hellip;]<\/p>\n","protected":false},"featured_media":9758,"comment_status":"open","ping_status":"closed","template":"","meta":{"inline_featured_image":false},"country":[],"product_brand":[],"product_cat":[170],"product_tag":[],"class_list":{"0":"post-9763","1":"product","2":"type-product","3":"status-publish","4":"has-post-thumbnail","6":"product_cat-hebergement","8":"first","9":"instock","10":"shipping-taxable","11":"purchasable","12":"product-type-simple"},"acf":[],"_links":{"self":[{"href":"https:\/\/stayinn.travel\/fr\/wp-json\/wp\/v2\/product\/9763","targetHints":{"allow":["GET"]}}],"collection":[{"href":"https:\/\/stayinn.travel\/fr\/wp-json\/wp\/v2\/product"}],"about":[{"href":"https:\/\/stayinn.travel\/fr\/wp-json\/wp\/v2\/types\/product"}],"replies":[{"embeddable":true,"href":"https:\/\/stayinn.travel\/fr\/wp-json\/wp\/v2\/comments?post=9763"}],"wp:featuredmedia":[{"embeddable":true,"href":"https:\/\/stayinn.travel\/fr\/wp-json\/wp\/v2\/media\/9758"}],"wp:attachment":[{"href":"https:\/\/stayinn.travel\/fr\/wp-json\/wp\/v2\/media?parent=9763"}],"wp:term":[{"taxonomy":"country","embeddable":true,"href":"https:\/\/stayinn.travel\/fr\/wp-json\/wp\/v2\/country?post=9763"},{"taxonomy":"product_brand","embeddable":true,"href":"https:\/\/stayinn.travel\/fr\/wp-json\/wp\/v2\/product_brand?post=9763"},{"taxonomy":"product_cat","embeddable":true,"href":"https:\/\/stayinn.travel\/fr\/wp-json\/wp\/v2\/product_cat?post=9763"},{"taxonomy":"product_tag","embeddable":true,"href":"https:\/\/stayinn.travel\/fr\/wp-json\/wp\/v2\/product_tag?post=9763"}],"curies":[{"name":"wp","href":"https:\/\/api.w.org\/{rel}","templated":true}]}}