{"id":9795,"date":"2025-10-20T15:58:00","date_gmt":"2025-10-20T15:58:00","guid":{"rendered":"https:\/\/stayinn.travel\/product\/tahiti-iti-fare-komako-spot-2\/"},"modified":"2025-10-20T16:08:54","modified_gmt":"2025-10-20T16:08:54","slug":"tahiti-iti-fare-komako-spot-2","status":"publish","type":"product","link":"https:\/\/stayinn.travel\/fr\/product\/tahiti-iti-fare-komako-spot-2\/","title":{"rendered":"TAHITI ITI &#8211; Fare Komako Spot"},"content":{"rendered":"<p>D\u00e9couvrez le Fare Komako  un h\u00e9bergement charmant situ\u00e9 \u00e0 Toahotu, parfait pour un s\u00e9jour en famille ou entre amis.<br \/>\n<br \/>Cette location peut accueillir jusqu&rsquo;\u00e0 6 personnes confortablement, offrant un cadre id\u00e9al pour des vacances polyn\u00e9siennes inoubliables.<br \/>\n<br \/>Le Fare Komako est l&rsquo;un des deux Fare pr\u00e9sents sur la propri\u00e9t\u00e9. Il est parfaitement ind\u00e9pendant et s\u00e9par\u00e9 de l&rsquo;autre logement. Aucun vis \u00e0 vis.<\/p>\n<p>La maison dispose de deux chambres ind\u00e9pendantes :<br \/>\n<br \/>&#8211; une chambre parentale climatis\u00e9e avec son lit king-size et sa salle d&rsquo;eau privative avec douche et wc<br \/>\n<br \/>&#8211; une 2\u00e8me chambre \u00e9quip\u00e9e de 2 lits individuels (possibilit\u00e9 de les rapprocher pour faire un lit kingsize)<br \/>\n<br \/>&#8211; une salle d&rsquo;eau ind\u00e9pendante avec douche et wc<\/p>\n<p>La vaste pi\u00e8ce de vie est compos\u00e9e d&rsquo;un espace salon tv avec 2 autres lits individuels<\/p>\n<p>La cuisine am\u00e9ricaine enti\u00e8rement \u00e9quip\u00e9e vous permettra de concocter de d\u00e9licieux repas. Elle comprend tous les \u00e9quipements n\u00e9cessaires : r\u00e9frig\u00e9rateur, cong\u00e9lateur, machine \u00e0 caf\u00e9, four, micro-ondes, et bien plus encore. <\/p>\n<p>\u00c0 l&rsquo;ext\u00e9rieur, vous appr\u00e9cierez une terrasse couverte de 30 m2 o\u00f9 vous pourrez prendre vos repas en admirant le coucher du soleil et un vaste jardin avec transats, tables, chaises et barbecue.<br \/>\n<br \/>Acc\u00e8s direct \u00e0 la mer et vue \u00e0 couper le souffle.<br \/>\n<br \/>Le terrain est enti\u00e8rement cl\u00f4tur\u00e9, offrant intimit\u00e9 et s\u00e9curit\u00e9.<br \/>\n<br \/>Le parking priv\u00e9 situ\u00e9 \u00e0 l&rsquo;arri\u00e8re du Fare peut accueillir jusqu&rsquo;\u00e0 4 v\u00e9hicules.<\/p>\n<p>Les amateurs de sports nautiques seront ravis : kayak, paddle et une zone de plage priv\u00e9e sont \u00e0 votre disposition.<br \/>\n<br \/>Parfait pour les familles et groupes de jeunes, cet h\u00e9bergement promet des vacances dynamiques et relaxantes.<\/p>\n<p>Alors n&rsquo;attendez plus, r\u00e9servez votre s\u00e9jour dans ce secret spot, coup de coeur garanti !!!<\/p>\n","protected":false},"excerpt":{"rendered":"<p>D\u00e9couvrez le Fare Komako un h\u00e9bergement charmant situ\u00e9 \u00e0 Toahotu, parfait pour un s\u00e9jour en famille ou entre amis. Cette location peut accueillir jusqu&rsquo;\u00e0 6 personnes confortablement, offrant un cadre id\u00e9al pour des vacances polyn\u00e9siennes inoubliables. Le Fare Komako est l&rsquo;un des deux Fare pr\u00e9sents sur la propri\u00e9t\u00e9. Il est parfaitement ind\u00e9pendant et s\u00e9par\u00e9 de [&hellip;]<\/p>\n","protected":false},"featured_media":9790,"comment_status":"open","ping_status":"closed","template":"","meta":{"inline_featured_image":false},"country":[],"product_brand":[],"product_cat":[170],"product_tag":[],"class_list":{"0":"post-9795","1":"product","2":"type-product","3":"status-publish","4":"has-post-thumbnail","6":"product_cat-hebergement","8":"first","9":"instock","10":"shipping-taxable","11":"purchasable","12":"product-type-simple"},"acf":[],"_links":{"self":[{"href":"https:\/\/stayinn.travel\/fr\/wp-json\/wp\/v2\/product\/9795","targetHints":{"allow":["GET"]}}],"collection":[{"href":"https:\/\/stayinn.travel\/fr\/wp-json\/wp\/v2\/product"}],"about":[{"href":"https:\/\/stayinn.travel\/fr\/wp-json\/wp\/v2\/types\/product"}],"replies":[{"embeddable":true,"href":"https:\/\/stayinn.travel\/fr\/wp-json\/wp\/v2\/comments?post=9795"}],"wp:featuredmedia":[{"embeddable":true,"href":"https:\/\/stayinn.travel\/fr\/wp-json\/wp\/v2\/media\/9790"}],"wp:attachment":[{"href":"https:\/\/stayinn.travel\/fr\/wp-json\/wp\/v2\/media?parent=9795"}],"wp:term":[{"taxonomy":"country","embeddable":true,"href":"https:\/\/stayinn.travel\/fr\/wp-json\/wp\/v2\/country?post=9795"},{"taxonomy":"product_brand","embeddable":true,"href":"https:\/\/stayinn.travel\/fr\/wp-json\/wp\/v2\/product_brand?post=9795"},{"taxonomy":"product_cat","embeddable":true,"href":"https:\/\/stayinn.travel\/fr\/wp-json\/wp\/v2\/product_cat?post=9795"},{"taxonomy":"product_tag","embeddable":true,"href":"https:\/\/stayinn.travel\/fr\/wp-json\/wp\/v2\/product_tag?post=9795"}],"curies":[{"name":"wp","href":"https:\/\/api.w.org\/{rel}","templated":true}]}}