{"id":9939,"date":"2025-10-20T15:58:01","date_gmt":"2025-10-20T15:58:01","guid":{"rendered":"https:\/\/stayinn.travel\/product\/maupiti-fare-motu-maupiti-2\/"},"modified":"2026-04-16T10:35:53","modified_gmt":"2026-04-16T10:35:53","slug":"maupiti-fare-motu-maupiti-2","status":"publish","type":"product","link":"https:\/\/stayinn.travel\/fr\/product\/maupiti-fare-motu-maupiti-2\/","title":{"rendered":"MAUPITI &#8211; Fare Motu Tarona"},"content":{"rendered":"<p>Situ\u00e9 sur le paisible Motu Tuanai, \u00e0 seulement 5 minutes en bateau de l\u2019\u00eele principale, le Fare Motu Maupiti est une maison au style tropical-chic, pens\u00e9e pour la d\u00e9tente et le d\u00e9paysement. En parfaite harmonie avec la nature environnante et les sublimes nuances de bleu du lagon, il offre un acc\u00e8s direct \u00e0 une plage de sable blanc.<\/p>\n<p>La maison peut accueillir jusqu\u2019\u00e0 4 personnes avec ses deux chambres confortables : l\u2019une au rez-de-chauss\u00e9e, l\u2019autre en mezzanine. La cuisine am\u00e9nag\u00e9e (r\u00e9frig\u00e9rateur, gazini\u00e8re, ustensiles) permet de pr\u00e9parer vos repas comme \u00e0 la maison. La salle de bain s\u00e9par\u00e9e, accessible par un petit chemin, dispose d\u2019eau chaude, de serviettes et de gel douche.<\/p>\n<p>La terrasse, orient\u00e9e vers Bora Bora lorsque le ciel est d\u00e9gag\u00e9, est l\u2019endroit id\u00e9al pour savourer un petit-d\u00e9jeuner en toute intimit\u00e9 ou partager un repas convivial face au lagon.<\/p>\n<p>Les transferts aller-retour depuis l\u2019a\u00e9roport ou le quai sont inclus pour une arriv\u00e9e en toute s\u00e9r\u00e9nit\u00e9. Le petit-d\u00e9jeuner \u00e0 pr\u00e9parer soi-m\u00eame (caf\u00e9, lait, sucre, chocolat, biscottes, beurre et confiture) est \u00e9galement compris dans le tarif. Tout autre transfert est factur\u00e9 1200 XPF par trajet. Pour vos d\u00eeners, il est possible de commander aupr\u00e8s du Restaurant Tarona, avec livraison directement \u00e0 la maison.<\/p>\n<p>\u2728 Un v\u00e9ritable havre de paix, id\u00e9al pour ceux qui recherchent la qui\u00e9tude d\u2019un motu pr\u00e9serv\u00e9 et la magie d\u2019un lagon polyn\u00e9sien.<\/p>\n<p>Points forts du logement<\/p>\n<p>Maison tropical-chic sur motu priv\u00e9, acc\u00e8s direct plage<\/p>\n<p>2 chambres (rez-de-chauss\u00e9e + mezzanine) pour 4 personnes<\/p>\n<p>Cuisine am\u00e9nag\u00e9e et terrasse avec vue sur Bora Bora<\/p>\n<p>Transferts aller-retour inclus + petit-d\u00e9jeuner fourni<\/p>\n<p>Livraison possible depuis le Restaurant Tarona<\/p>\n<p>\u00c0 proximit\u00e9<\/p>\n<p>\u00cele principale : accessible en 5 minutes de bateau<\/p>\n<p>Restaurant Tarona : repas du soir avec livraison en option<\/p>\n<p>Exploration du lagon : plage de sable blanc et snorkeling \u00e0 port\u00e9e de main<\/p>\n<p>Les f\u00eates et rassemblements sont strictement interdits au sein du logement.<\/p>\n<p>Toute r\u00e9servation est soumise obligatoirement \u00e0 l\u2019acceptation sans restriction de nos conditions g\u00e9n\u00e9rales de vente visibles sur notre site Stayinn.Vacations en cliquant sur conditions g\u00e9n\u00e9rales.<\/p>\n<p>Num\u00e9ro d\u2019enregistrement : en cours<\/p>\n","protected":false},"excerpt":{"rendered":"<p>Situ\u00e9 sur le paisible Motu Tuanai, \u00e0 seulement 5 minutes en bateau de l\u2019\u00eele principale, le Fare Motu Maupiti est une maison au style tropical-chic, pens\u00e9e pour la d\u00e9tente et le d\u00e9paysement. En parfaite harmonie avec la nature environnante et les sublimes nuances de bleu du lagon, il offre un acc\u00e8s direct \u00e0 une plage [&hellip;]<\/p>\n","protected":false},"featured_media":9934,"comment_status":"open","ping_status":"closed","template":"","meta":{"inline_featured_image":false},"country":[],"product_brand":[],"product_cat":[170],"product_tag":[],"class_list":{"0":"post-9939","1":"product","2":"type-product","3":"status-publish","4":"has-post-thumbnail","6":"product_cat-hebergement","8":"first","9":"instock","10":"shipping-taxable","11":"purchasable","12":"product-type-simple"},"acf":[],"_links":{"self":[{"href":"https:\/\/stayinn.travel\/fr\/wp-json\/wp\/v2\/product\/9939","targetHints":{"allow":["GET"]}}],"collection":[{"href":"https:\/\/stayinn.travel\/fr\/wp-json\/wp\/v2\/product"}],"about":[{"href":"https:\/\/stayinn.travel\/fr\/wp-json\/wp\/v2\/types\/product"}],"replies":[{"embeddable":true,"href":"https:\/\/stayinn.travel\/fr\/wp-json\/wp\/v2\/comments?post=9939"}],"wp:featuredmedia":[{"embeddable":true,"href":"https:\/\/stayinn.travel\/fr\/wp-json\/wp\/v2\/media\/9934"}],"wp:attachment":[{"href":"https:\/\/stayinn.travel\/fr\/wp-json\/wp\/v2\/media?parent=9939"}],"wp:term":[{"taxonomy":"country","embeddable":true,"href":"https:\/\/stayinn.travel\/fr\/wp-json\/wp\/v2\/country?post=9939"},{"taxonomy":"product_brand","embeddable":true,"href":"https:\/\/stayinn.travel\/fr\/wp-json\/wp\/v2\/product_brand?post=9939"},{"taxonomy":"product_cat","embeddable":true,"href":"https:\/\/stayinn.travel\/fr\/wp-json\/wp\/v2\/product_cat?post=9939"},{"taxonomy":"product_tag","embeddable":true,"href":"https:\/\/stayinn.travel\/fr\/wp-json\/wp\/v2\/product_tag?post=9939"}],"curies":[{"name":"wp","href":"https:\/\/api.w.org\/{rel}","templated":true}]}}