{"id":9947,"date":"2025-10-20T15:58:01","date_gmt":"2025-10-20T15:58:01","guid":{"rendered":"https:\/\/stayinn.travel\/product\/huahine-angele-house-2\/"},"modified":"2026-04-16T10:36:17","modified_gmt":"2026-04-16T10:36:17","slug":"huahine-angele-house-2","status":"publish","type":"product","link":"https:\/\/stayinn.travel\/fr\/product\/huahine-angele-house-2\/","title":{"rendered":"HUAHINE- Ang\u00e8le House"},"content":{"rendered":"<p>Nich\u00e9e au c\u0153ur de Maeva \u00e0 Huahine, Ang\u00e8le House vous invite \u00e0 vivre une parenth\u00e8se authentique dans un cadre verdoyant et paisible. D\u00e8s votre arriv\u00e9e, vous serez s\u00e9duits par le charme simple et convivial de cette maison polyn\u00e9sienne, id\u00e9ale pour partager un s\u00e9jour en famille ou entre amis.<\/p>\n<p>La maison peut accueillir jusqu\u2019\u00e0 4 personnes et dispose de deux chambres climatis\u00e9es, chacune \u00e9quip\u00e9e d\u2019un lit double confortable pour des nuits reposantes apr\u00e8s vos journ\u00e9es de d\u00e9couverte. La salle d\u2019eau comprend une douche, un lavabo et des toilettes.<\/p>\n<p>\u00c0 l\u2019ext\u00e9rieur, profitez d\u2019une cuisine d\u2019\u00e9t\u00e9 couverte et \u00e9quip\u00e9e, parfaite pour pr\u00e9parer vos repas en toute convivialit\u00e9, ainsi qu\u2019une terrasse abrit\u00e9e ouvrant sur un jardin cl\u00f4tur\u00e9, o\u00f9 l\u2019on savoure calme et intimit\u00e9. Angel House est situ\u00e9e sur un terrain familial, ce qui ajoute une atmosph\u00e8re chaleureuse et s\u00e9curisante \u00e0 votre s\u00e9jour.<\/p>\n<p>Pour votre confort, la maison est \u00e9quip\u00e9e de la climatisation, d\u2019un lave-linge et de tous les essentiels pour un s\u00e9jour autonome.<\/p>\n<p>\u2728 S\u00e9jour d\u00e9tente ou d\u00e9couverte active, Ang\u00e8le House vous offre un point de d\u00e9part id\u00e9al pour explorer Huahine dans toute son authenticit\u00e9 ! Nous recommandons la location d&rsquo;une voiture.<\/p>\n<p>Points forts du logement<br \/>\n<br \/>Deux chambres climatis\u00e9es avec lits doubles confortables<\/p>\n<p>Cuisine ext\u00e9rieure de type cuisine d\u2019\u00e9t\u00e9 et terrasse couverte<\/p>\n<p>Jardin cl\u00f4tur\u00e9 offrant tranquillit\u00e9 et s\u00e9curit\u00e9<\/p>\n<p>Lave-linge \u00e0 disposition pour plus d\u2019autonomie<\/p>\n<p>Emplacement authentique sur terrain familial, proche plage et sites culturels<\/p>\n<p>\u00c0 proximit\u00e9<br \/>\n<br \/>Plage du Sofitel : quelques minutes seulement en voiture<\/p>\n<p>Marae et parcs \u00e0 poissons traditionnels : accessibles \u00e0 pied<\/p>\n<p>Village de Fare : \u00e0 environ 6 km, avec commerces, restaurants et services<\/p>\n<p>Mentions obligatoires<br \/>\n<br \/>Les f\u00eates et rassemblements sont strictement interdits au sein du logement.<\/p>\n<p>Toute r\u00e9servation est soumise obligatoirement \u00e0 l\u2019acceptation sans restriction de nos conditions g\u00e9n\u00e9rales de vente visibles sur notre site Stayinn.Vacations en cliquant sur conditions g\u00e9n\u00e9rales.<\/p>\n<p>Num\u00e9ro d\u2019enregistrement : 2411DTO-MT<\/p>\n","protected":false},"excerpt":{"rendered":"<p>Nich\u00e9e au c\u0153ur de Maeva \u00e0 Huahine, Ang\u00e8le House vous invite \u00e0 vivre une parenth\u00e8se authentique dans un cadre verdoyant et paisible. D\u00e8s votre arriv\u00e9e, vous serez s\u00e9duits par le charme simple et convivial de cette maison polyn\u00e9sienne, id\u00e9ale pour partager un s\u00e9jour en famille ou entre amis. La maison peut accueillir jusqu\u2019\u00e0 4 personnes [&hellip;]<\/p>\n","protected":false},"featured_media":9942,"comment_status":"open","ping_status":"closed","template":"","meta":{"inline_featured_image":false},"country":[],"product_brand":[],"product_cat":[170],"product_tag":[],"class_list":{"0":"post-9947","1":"product","2":"type-product","3":"status-publish","4":"has-post-thumbnail","6":"product_cat-hebergement","8":"first","9":"instock","10":"shipping-taxable","11":"purchasable","12":"product-type-simple"},"acf":[],"_links":{"self":[{"href":"https:\/\/stayinn.travel\/fr\/wp-json\/wp\/v2\/product\/9947","targetHints":{"allow":["GET"]}}],"collection":[{"href":"https:\/\/stayinn.travel\/fr\/wp-json\/wp\/v2\/product"}],"about":[{"href":"https:\/\/stayinn.travel\/fr\/wp-json\/wp\/v2\/types\/product"}],"replies":[{"embeddable":true,"href":"https:\/\/stayinn.travel\/fr\/wp-json\/wp\/v2\/comments?post=9947"}],"wp:featuredmedia":[{"embeddable":true,"href":"https:\/\/stayinn.travel\/fr\/wp-json\/wp\/v2\/media\/9942"}],"wp:attachment":[{"href":"https:\/\/stayinn.travel\/fr\/wp-json\/wp\/v2\/media?parent=9947"}],"wp:term":[{"taxonomy":"country","embeddable":true,"href":"https:\/\/stayinn.travel\/fr\/wp-json\/wp\/v2\/country?post=9947"},{"taxonomy":"product_brand","embeddable":true,"href":"https:\/\/stayinn.travel\/fr\/wp-json\/wp\/v2\/product_brand?post=9947"},{"taxonomy":"product_cat","embeddable":true,"href":"https:\/\/stayinn.travel\/fr\/wp-json\/wp\/v2\/product_cat?post=9947"},{"taxonomy":"product_tag","embeddable":true,"href":"https:\/\/stayinn.travel\/fr\/wp-json\/wp\/v2\/product_tag?post=9947"}],"curies":[{"name":"wp","href":"https:\/\/api.w.org\/{rel}","templated":true}]}}