{"id":13241,"date":"2024-11-18T10:28:46","date_gmt":"2024-11-18T10:28:46","guid":{"rendered":"https:\/\/stayinn.travel\/informazioni-legali\/"},"modified":"2026-04-16T02:46:01","modified_gmt":"2026-04-16T02:46:01","slug":"informazioni-legali","status":"publish","type":"page","link":"https:\/\/stayinn.travel\/it\/informazioni-legali\/","title":{"rendered":"Informazioni legali<br> <br> <br>"},"content":{"rendered":"\n<p>L\u2019acquisto di un viaggio presso StayInn Travel implica la piena accettazione delle nostre condizioni generali di vendita e di trasporto. Con la prenotazione, il cliente riconosce e accetta senza riserve tutte le disposizioni in esse contenute. <\/p>\n\n<p>StayInn Travel si riserva il diritto di modificare tali condizioni in qualsiasi momento e senza preavviso. Si consiglia pertanto di consultarle regolarmente durante le visite al nostro sito web. <\/p>\n\n<p>Tutti i contenuti presenti su questo sito, cos\u00ec come i relativi diritti di propriet\u00e0 intellettuale, sono di propriet\u00e0 di StayInn Travel o dei suoi partner.<\/p>\n\n<p>Non vengono concessi diritti d\u2019uso o di propriet\u00e0 su questi contenuti. Qualsiasi utilizzo non autorizzato, totale o parziale, del sito o dei suoi elementi protetti pu\u00f2 comportare azioni legali. <\/p>\n\n<hr class=\"wp-block-separator has-alpha-channel-opacity\"\/>\n\n<h2 class=\"wp-block-heading\"><strong>1. Editore del sito<\/strong><\/h2>\n\n<p>Nome dell\u2019agenzia: STAYINN TRAVEL<br\/> <br\/> <br\/><\/p>\n\n<p>Forma giuridica: SARL<br\/> <br\/> <br\/><\/p>\n\n<p>Capitale sociale: 50 000 XPF<br\/> <br\/> <br\/><\/p>\n\n<p>Sede legale: Route Villierme, R\u00e9sidence Fare Ata, Alloggio 102 \u2013 Papeete.<\/p>\n\n<p>Registrazione: N\u00b0TAHITI E10924 \/ SIRET 931 698 070<\/p>\n\n<p>Licenza \/ Numero di registrazione dell\u2019agenzia di viaggi: 566\/PR<\/p>\n\n<p>Email : contact@stayinn.travel<\/p>\n\n<p>Telefono: +689 89 499 065<br\/> <br\/> <br\/><\/p>\n\n<hr class=\"wp-block-separator has-alpha-channel-opacity\"\/>\n\n<h2 class=\"wp-block-heading\"><strong>2. Direttore della pubblicazione<\/strong><\/h2>\n\n<p>Nome: rappresentante legale<\/p>\n\n<p>Posizione: rappresentante legale<\/p>\n\n<hr class=\"wp-block-separator has-alpha-channel-opacity\"\/>\n\n<h2 class=\"wp-block-heading\"><strong>3. Host del sito<\/strong><\/h2>\n\n<p>Nome: Hostinger International Ltd.<\/p>\n\n<p>Indirizzo: 61 Lordou Vironos Street, 6023 Larnaca, Cipro<\/p>\n\n<p>Telefono : +370 645 03378<\/p>\n\n<p>Email : <a href=\"mailto:support@hostinger.com\" target=\"_blank\" rel=\"noreferrer noopener\">support@hostinger.com<\/a><\/p>\n\n<hr class=\"wp-block-separator has-alpha-channel-opacity\"\/>\n\n<h2 class=\"wp-block-heading\"><strong>4. Propriet\u00e0 intellettuale<\/strong><br\/><\/h2>\n\n<p>Tutti i contenuti di questo sito (testi, immagini, loghi, video, icone, ecc.) sono di propriet\u00e0 di STAYINN TRAVEL o dei suoi partner. Qualsiasi riproduzione, distribuzione, modifica o utilizzo non autorizzato \u00e8 vietato. <\/p>\n\n<hr class=\"wp-block-separator has-alpha-channel-opacity\"\/>\n\n<h2 class=\"wp-block-heading\"><strong>5. Dati personali<\/strong><br\/><\/h2>\n\n<p>In conformit\u00e0 con le normative vigenti in Polinesia Francese e con le raccomandazioni della CNIL-PF, i dati raccolti tramite questo sito (moduli, cookie, newsletter) vengono utilizzati esclusivamente per i servizi offerti da STAYINN TRAVEL.<br\/>Per maggiori informazioni, consultare la nostra Informativa sulla Privacy: <a href=\"https:\/\/stayinn.travel\/it\/informativa-sulla-privacy\/\">https:\/\/stayinn.travel\/privacy-policy\/<\/a><\/p>\n\n<hr class=\"wp-block-separator has-alpha-channel-opacity\"\/>\n\n<h2 class=\"wp-block-heading\"><strong>6. Responsabilit\u00e0<\/strong><br\/><\/h2>\n\n<p>La frase \u00e8 gi\u00e0 corretta.<br\/>Se desideri una versione leggermente pi\u00f9 formale, puoi utilizzare questa:<br\/>STAYINN TRAVEL non pu\u00f2 essere ritenuta responsabile per eventuali errori, omissioni o informazioni obsolete presenti su questo sito. I collegamenti a siti esterni sono forniti unicamente a scopo informativo e STAYINN TRAVEL non \u00e8 responsabile del loro contenuto. <\/p>\n\n<hr class=\"wp-block-separator has-alpha-channel-opacity\"\/>\n\n<h2 class=\"wp-block-heading\"><strong>7. Informazioni specifiche dell\u2019agenzia di viaggi<\/strong><\/h2>\n\n<p>Garanzia finanziaria: 50 000 XPF<\/p>\n\n<p>Assicurazione professionale: AU004386<\/p>\n\n<p><\/p>\n","protected":false},"excerpt":{"rendered":"<p>L\u2019acquisto di un viaggio presso StayInn Travel implica la piena accettazione delle nostre condizioni generali di vendita e di trasporto. Con la prenotazione, il cliente riconosce e accetta senza riserve tutte le disposizioni in esse contenute. StayInn Travel si riserva il diritto di modificare tali condizioni in qualsiasi momento e senza preavviso. Si consiglia pertanto [&hellip;]<\/p>\n","protected":false},"author":1,"featured_media":13401,"parent":0,"menu_order":0,"comment_status":"closed","ping_status":"closed","template":"","meta":{"inline_featured_image":false,"footnotes":""},"class_list":["post-13241","page","type-page","status-publish","has-post-thumbnail","hentry"],"acf":[],"_links":{"self":[{"href":"https:\/\/stayinn.travel\/it\/wp-json\/wp\/v2\/pages\/13241","targetHints":{"allow":["GET"]}}],"collection":[{"href":"https:\/\/stayinn.travel\/it\/wp-json\/wp\/v2\/pages"}],"about":[{"href":"https:\/\/stayinn.travel\/it\/wp-json\/wp\/v2\/types\/page"}],"author":[{"embeddable":true,"href":"https:\/\/stayinn.travel\/it\/wp-json\/wp\/v2\/users\/1"}],"replies":[{"embeddable":true,"href":"https:\/\/stayinn.travel\/it\/wp-json\/wp\/v2\/comments?post=13241"}],"version-history":[{"count":1,"href":"https:\/\/stayinn.travel\/it\/wp-json\/wp\/v2\/pages\/13241\/revisions"}],"predecessor-version":[{"id":13242,"href":"https:\/\/stayinn.travel\/it\/wp-json\/wp\/v2\/pages\/13241\/revisions\/13242"}],"wp:featuredmedia":[{"embeddable":true,"href":"https:\/\/stayinn.travel\/it\/wp-json\/wp\/v2\/media\/13401"}],"wp:attachment":[{"href":"https:\/\/stayinn.travel\/it\/wp-json\/wp\/v2\/media?parent=13241"}],"curies":[{"name":"wp","href":"https:\/\/api.w.org\/{rel}","templated":true}]}}