{"id":10130,"date":"2025-10-20T15:58:02","date_gmt":"2025-10-20T15:58:02","guid":{"rendered":"https:\/\/stayinn.travel\/product\/fare-iolana-2\/"},"modified":"2026-04-16T10:35:32","modified_gmt":"2026-04-16T10:35:32","slug":"fare-iolana-2","status":"publish","type":"product","link":"https:\/\/stayinn.travel\/it\/product\/fare-iolana-2\/","title":{"rendered":"FARE IOLANA"},"content":{"rendered":"<p>\u00c8 nel cuore di questa servit\u00f9 familiare, completamente sicura, che ti diamo il benvenuto per il tuo soggiorno a Punaauia.<\/p>\n<p>Benvenuti a FARE IOLANA, una casa bella, spaziosa e molto ben attrezzata per trascorrere momenti conviviali con la famiglia o gli amici.<\/p>\n<p>Tutto \u00e8 stato pensato e organizzato per non farci mancare nulla<\/p>\n<p>L&#8217;ampio giardino alberato sar\u00e0 un parco giochi per i pi\u00f9 piccoli con in pi\u00f9 un&#8217;altalena e altalene.<br \/>\n<br \/>L&#8217;ampia terrazza coperta sar\u00e0 il luogo ideale per condividere i vostri pasti.<\/p>\n<p>La casa, con una superficie di 135 mq, \u00e8 composta da una bella cucina completamente attrezzata che si apre su un ampio soggiorno con TV.<br \/>\n<br \/>\u00c8 inoltre a vostra disposizione una sala con sala giochi per bambini e ufficio.<\/p>\n<p>Lato notte la casa pu\u00f2 ospitare fino a 8 persone. Tutte le camere sono climatizzate.<br \/>\n<br \/>La camera da letto principale \u00e8 dotata di un letto extra king size (200&#215;200) e di un armadio.<br \/>\n<br \/>La seconda camera pu\u00f2 ospitare 4 persone: 2 letti a castello 140 x 190<br \/>\n<br \/>Un bagno con doccia e WC serve queste due camere da letto.<br \/>\n<br \/>La terza camera si trova in una piccola dependance. Comprende un letto King Size (180 x 200), un divano e un televisore.<br \/>\n<br \/>Nelle vicinanze \u00e8 disponibile un altro bagno con doccia e WC.<\/p>\n<p>Per i pi\u00f9 piccoli sono disponibili su richiesta un lettino, un seggiolone, una vasca da bagno autoportante e un box.<\/p>\n<p>La zona lavanderia \u00e8 dotata di lavatrice e asciugatrice.<\/p>\n<p>A vostra disposizione, inoltre, tutta l&#8217;attrezzatura da spiaggia: maschere, boccagli, pinne, braccioli per i pi\u00f9 piccoli, patatine, secchielli, palettine, l&#8217;attrezzatura completa per trascorrere bellissime giornate in riva al mare.<\/p>\n<p>E la ciliegina sulla torta: accesso privato diretto a una delle pi\u00f9 belle spiagge di sabbia bianca di Tahiti.<br \/>\n<br \/>Acqua cristallina, panorama mozzafiato, felicit\u00e0 pura.<\/p>\n<p>La Fare IOALANA vi promette bei momenti in un ambiente rilassante e magnifico!<br \/>\n<br \/>Cotta assicurata.<\/p>\n<p>Vicino :<br \/>\n<br \/>A 20 minuti dall\u2019aeroporto internazionale di Faa\u2019a<br \/>\n<br \/>A 25 minuti dal centro di Papeete<br \/>\n<br \/>A 30 minuti dal molo dei traghetti per Moorea<br \/>\n<br \/>A 12 minuti dal Museo di Tahiti e delle Isole<br \/>\n<br \/>A 3 minuti dalla spiaggia pubblica Vaiava PK18<br \/>\n<br \/>rimorchi e ristoranti nelle vicinanze<\/p>\n<p>Qualsiasi prenotazione \u00e8 subordinata alla piena accettazione delle nostre condizioni generali di vendita che possono essere consultate sul nostro sito Stayinn.Vacations cliccando sulle condizioni generali di vendita.<\/p>\n<p>Numero di registrazione: 2666 DTO-MT<\/p>\n","protected":false},"excerpt":{"rendered":"<p>\u00c8 nel cuore di questa servit\u00f9 familiare, completamente sicura, che ti diamo il benvenuto per il tuo soggiorno a Punaauia. Benvenuti a FARE IOLANA, una casa bella, spaziosa e molto ben attrezzata per trascorrere momenti conviviali con la famiglia o gli amici. Tutto \u00e8 stato pensato e organizzato per non farci mancare nulla L&#8217;ampio giardino [&hellip;]<\/p>\n","protected":false},"featured_media":10128,"comment_status":"open","ping_status":"closed","template":"","meta":{"inline_featured_image":false},"country":[],"product_brand":[],"product_cat":[217],"product_tag":[],"class_list":{"0":"post-10130","1":"product","2":"type-product","3":"status-publish","4":"has-post-thumbnail","6":"product_cat-alloggi","8":"first","9":"instock","10":"shipping-taxable","11":"purchasable","12":"product-type-simple"},"acf":[],"_links":{"self":[{"href":"https:\/\/stayinn.travel\/it\/wp-json\/wp\/v2\/product\/10130","targetHints":{"allow":["GET"]}}],"collection":[{"href":"https:\/\/stayinn.travel\/it\/wp-json\/wp\/v2\/product"}],"about":[{"href":"https:\/\/stayinn.travel\/it\/wp-json\/wp\/v2\/types\/product"}],"replies":[{"embeddable":true,"href":"https:\/\/stayinn.travel\/it\/wp-json\/wp\/v2\/comments?post=10130"}],"wp:featuredmedia":[{"embeddable":true,"href":"https:\/\/stayinn.travel\/it\/wp-json\/wp\/v2\/media\/10128"}],"wp:attachment":[{"href":"https:\/\/stayinn.travel\/it\/wp-json\/wp\/v2\/media?parent=10130"}],"wp:term":[{"taxonomy":"country","embeddable":true,"href":"https:\/\/stayinn.travel\/it\/wp-json\/wp\/v2\/country?post=10130"},{"taxonomy":"product_brand","embeddable":true,"href":"https:\/\/stayinn.travel\/it\/wp-json\/wp\/v2\/product_brand?post=10130"},{"taxonomy":"product_cat","embeddable":true,"href":"https:\/\/stayinn.travel\/it\/wp-json\/wp\/v2\/product_cat?post=10130"},{"taxonomy":"product_tag","embeddable":true,"href":"https:\/\/stayinn.travel\/it\/wp-json\/wp\/v2\/product_tag?post=10130"}],"curies":[{"name":"wp","href":"https:\/\/api.w.org\/{rel}","templated":true}]}}