{"id":10138,"date":"2025-10-20T15:58:02","date_gmt":"2025-10-20T15:58:02","guid":{"rendered":"https:\/\/stayinn.travel\/product\/tahiti-villa-tokai-2\/"},"modified":"2025-10-20T16:09:06","modified_gmt":"2025-10-20T16:09:06","slug":"tahiti-villa-tokai-2","status":"publish","type":"product","link":"https:\/\/stayinn.travel\/it\/product\/tahiti-villa-tokai-2\/","title":{"rendered":"TAHITI &#8211; VILLA  TOKAI"},"content":{"rendered":"<p>Benvenuti in questa splendida casa vacanze situata sulla penisola di Tahiti, vicino ad Afaahiti.<br \/>\n<br \/>Perfetta per famiglie e gruppi di amici, questa propriet\u00e0 sul mare offre tutto il comfort necessario per una vacanza indimenticabile.<\/p>\n<p>La casa dispone di 4 spaziose camere da letto, di cui 3 con letti king size e 1 con letti singoli, in grado di ospitare fino a 8 persone. I 2 bagni, con doccia e servizi igienici, garantiscono privacy e comodit\u00e0.<\/p>\n<p>La cucina a vista, dotata di tutti gli elettrodomestici essenziali (frigorifero, lavatrice, forno, microonde, macchina da caff\u00e8, tostapane, bollitore), vi permetter\u00e0 di preparare deliziosi pasti in famiglia o con gli amici. Avrete a disposizione anche utensili da cucina e stoviglie.<\/p>\n<p>Per il vostro comfort, la casa \u00e8 completamente climatizzata.<br \/>\n<br \/>Il wifi \u00e8 accessibile in tutta la propriet\u00e0, ideale per soggiorni di lavoro o smart working.<\/p>\n<p>C&#8217;\u00e8 anche una zona lavanderia con lavatrice e asciugatrice sul retro della casa.<\/p>\n<p>All&#8217;esterno, potrete rilassarvi nel bellissimo giardino recintato, arredato con mobili da giardino. La terrazza vi offrir\u00e0 uno spazio ideale per i vostri pasti all&#8217;aperto o momenti di relax.<br \/>\n<br \/>Nella propriet\u00e0 \u00e8 inoltre disponibile un barbecue.<\/p>\n<p>Avrete accesso diretto alla laguna, dove potrete fare il bagno.<br \/>\n<br \/>Le canoe a vostra disposizione vi permetteranno di esplorare i dintorni per semplici passeggiate o sessioni di snorkeling.<\/p>\n<p>Questa propriet\u00e0 \u00e8 ideale per vacanze in famiglia o con gli amici, per un fine settimana rilassante lontano dal caos della citt\u00e0, in un contesto verdeggiante e tranquillo.<\/p>\n<p>Nelle vicinanze:<br \/>\n<br \/>&#8211; Spiaggia pubblica a 200 m<br \/>\n<br \/>&#8211; Panetteria Afaahiti e LS Proxi a 6 minuti<br \/>\n<br \/>&#8211; Carrefour Taravao a 10 minuti<br \/>\n<br \/>&#8211; Belvedere di Taravao a 20 minuti<br \/>\n<br \/>&#8211; Teahupoo a meno di 30 minuti<br \/>\n<br \/>Numerose escursioni e passeggiate nelle vicinanze<\/p>\n<p>Non esitate a contattarci per prenotare il vostro soggiorno indimenticabile!<\/p>\n<p>Ogni prenotazione \u00e8 soggetta all&#8217;accettazione incondizionata delle nostre condizioni generali di vendita, visibili sul nostro sito Stayinn.Vacations cliccando sulle condizioni generali.<\/p>\n","protected":false},"excerpt":{"rendered":"<p>Benvenuti in questa splendida casa vacanze situata sulla penisola di Tahiti, vicino ad Afaahiti. Perfetta per famiglie e gruppi di amici, questa propriet\u00e0 sul mare offre tutto il comfort necessario per una vacanza indimenticabile. La casa dispone di 4 spaziose camere da letto, di cui 3 con letti king size e 1 con letti singoli, [&hellip;]<\/p>\n","protected":false},"featured_media":10136,"comment_status":"open","ping_status":"closed","template":"","meta":{"inline_featured_image":false},"country":[],"product_brand":[],"product_cat":[217],"product_tag":[],"class_list":{"0":"post-10138","1":"product","2":"type-product","3":"status-publish","4":"has-post-thumbnail","6":"product_cat-alloggi","8":"first","9":"instock","10":"shipping-taxable","11":"purchasable","12":"product-type-simple"},"acf":[],"_links":{"self":[{"href":"https:\/\/stayinn.travel\/it\/wp-json\/wp\/v2\/product\/10138","targetHints":{"allow":["GET"]}}],"collection":[{"href":"https:\/\/stayinn.travel\/it\/wp-json\/wp\/v2\/product"}],"about":[{"href":"https:\/\/stayinn.travel\/it\/wp-json\/wp\/v2\/types\/product"}],"replies":[{"embeddable":true,"href":"https:\/\/stayinn.travel\/it\/wp-json\/wp\/v2\/comments?post=10138"}],"wp:featuredmedia":[{"embeddable":true,"href":"https:\/\/stayinn.travel\/it\/wp-json\/wp\/v2\/media\/10136"}],"wp:attachment":[{"href":"https:\/\/stayinn.travel\/it\/wp-json\/wp\/v2\/media?parent=10138"}],"wp:term":[{"taxonomy":"country","embeddable":true,"href":"https:\/\/stayinn.travel\/it\/wp-json\/wp\/v2\/country?post=10138"},{"taxonomy":"product_brand","embeddable":true,"href":"https:\/\/stayinn.travel\/it\/wp-json\/wp\/v2\/product_brand?post=10138"},{"taxonomy":"product_cat","embeddable":true,"href":"https:\/\/stayinn.travel\/it\/wp-json\/wp\/v2\/product_cat?post=10138"},{"taxonomy":"product_tag","embeddable":true,"href":"https:\/\/stayinn.travel\/it\/wp-json\/wp\/v2\/product_tag?post=10138"}],"curies":[{"name":"wp","href":"https:\/\/api.w.org\/{rel}","templated":true}]}}