{"id":10426,"date":"2025-10-20T15:58:04","date_gmt":"2025-10-20T15:58:04","guid":{"rendered":"https:\/\/stayinn.travel\/product\/huahine-bungalow-arii-breakfast-3-2\/"},"modified":"2025-10-20T16:09:17","modified_gmt":"2025-10-20T16:09:17","slug":"huahine-bungalow-arii-breakfast-3-2","status":"publish","type":"product","link":"https:\/\/stayinn.travel\/it\/product\/huahine-bungalow-arii-breakfast-3-2\/","title":{"rendered":"HUAHINE &#8211; Bungalow Arii &#038; Breakfast 3"},"content":{"rendered":"<p>Benvenuti al Bungalow Arii Pool &#038; Breakfast 3<\/p>\n<p>Immergetevi nell&#8217;autenticit\u00e0 polinesiana soggiornando a Huahine, una delle isole pi\u00f9 preservate dell&#8217;arcipelago. Soprannominata &#8220;l&#8217;isola della donna&#8221;, Huahine \u00e8 un vero gioiello naturale, composto da due parti collegate da un ponte: Huahine Nui e Huahine Iti. Qui, il tempo sembra sospeso tra lagune turchesi, spiagge di sabbia bianca, montagne verdeggianti e tradizioni vive. Lontano dai grandi complessi turistici, l&#8217;isola seduce per la sua atmosfera pacifica, i suoi marae (siti sacri) carichi di storia, e i suoi villaggi autentici dove lo stile di vita polinesiano perdura.<\/p>\n<p>\u00c8 nel cuore di questo scenario incantevole che scoprirete il Bungalow Arii Pool &#038; Breakfast, incastonato in una piccola pensione intima circondato da natura lussureggiante. La propriet\u00e0 dispone di 3 bungalow indipendenti e 2 camere, con una bella piscina condivisa ideale per rinfrescarsi e rilassarsi.<\/p>\n<p>Il Bungalow Arii pu\u00f2 ospitare fino a 3 persone con un letto matrimoniale e un letto singolo, dotato di ventilatore per un comfort ottimale. Comprende inoltre un bagno privato con doccia, servizi igienici e asciugamani forniti. Un cambio di biancheria da letto e asciugamani \u00e8 previsto ogni 3 giorni per il tuo benessere.<\/p>\n<p>Potrai usufruire di una kitchenette attrezzata (frigorifero, piano cottura, macchina da caff\u00e8, bollitore), perfetta per i tuoi pasti in totale autonomia. Sono disponibili spazi comuni, tra cui una cucina esterna per le camere d&#8217;albergo e ovviamente, la piscina.<\/p>\n<p>A soli 200 metri, un accesso diretto vi porter\u00e0 a una magnifica spiaggia di sabbia bianca &#8211; il luogo ideale per ammirare il tramonto o semplicemente rilassarsi alla fine della giornata.<\/p>\n<p>Come opzione, gustatevi una deliziosa colazione continentale servita in loco per iniziare bene la giornata.<\/p>\n<p>Gli essenziali del tuo soggiorno:<\/p>\n<p>-Piscina condivisa<br \/>\n<br \/>-Spiaggia raggiungibile a piedi a 200 m<br \/>\n<br \/>-A soli 500 m dal centro di Fare<br \/>\n<br \/>-Biancheria da letto fornita, lavatrice a disposizione<br \/>\n<br \/>-Wifi illimitato<br \/>\n<br \/>-Colazione continentale a pagamento<br \/>\n<br \/>-Trasferimenti aeroportuali e noleggio auto su richiesta (a pagamento)<br \/>\n<br \/>-Animali accettati (previa richiesta)<\/p>\n<p>Ogni prenotazione implica l&#8217;accettazione delle nostre condizioni generali di vendita, consultabili sul nostro sito Stayinn.Vacations nella sezione dedicata.<\/p>\n<p>Numero di registrazione: 568519<\/p>\n","protected":false},"excerpt":{"rendered":"<p>Benvenuti al Bungalow Arii Pool &#038; Breakfast 3 Immergetevi nell&#8217;autenticit\u00e0 polinesiana soggiornando a Huahine, una delle isole pi\u00f9 preservate dell&#8217;arcipelago. Soprannominata &#8220;l&#8217;isola della donna&#8221;, Huahine \u00e8 un vero gioiello naturale, composto da due parti collegate da un ponte: Huahine Nui e Huahine Iti. Qui, il tempo sembra sospeso tra lagune turchesi, spiagge di sabbia bianca, [&hellip;]<\/p>\n","protected":false},"featured_media":10424,"comment_status":"open","ping_status":"closed","template":"","meta":{"inline_featured_image":false},"country":[],"product_brand":[],"product_cat":[217],"product_tag":[],"class_list":{"0":"post-10426","1":"product","2":"type-product","3":"status-publish","4":"has-post-thumbnail","6":"product_cat-alloggi","8":"first","9":"instock","10":"shipping-taxable","11":"purchasable","12":"product-type-simple"},"acf":[],"_links":{"self":[{"href":"https:\/\/stayinn.travel\/it\/wp-json\/wp\/v2\/product\/10426","targetHints":{"allow":["GET"]}}],"collection":[{"href":"https:\/\/stayinn.travel\/it\/wp-json\/wp\/v2\/product"}],"about":[{"href":"https:\/\/stayinn.travel\/it\/wp-json\/wp\/v2\/types\/product"}],"replies":[{"embeddable":true,"href":"https:\/\/stayinn.travel\/it\/wp-json\/wp\/v2\/comments?post=10426"}],"wp:featuredmedia":[{"embeddable":true,"href":"https:\/\/stayinn.travel\/it\/wp-json\/wp\/v2\/media\/10424"}],"wp:attachment":[{"href":"https:\/\/stayinn.travel\/it\/wp-json\/wp\/v2\/media?parent=10426"}],"wp:term":[{"taxonomy":"country","embeddable":true,"href":"https:\/\/stayinn.travel\/it\/wp-json\/wp\/v2\/country?post=10426"},{"taxonomy":"product_brand","embeddable":true,"href":"https:\/\/stayinn.travel\/it\/wp-json\/wp\/v2\/product_brand?post=10426"},{"taxonomy":"product_cat","embeddable":true,"href":"https:\/\/stayinn.travel\/it\/wp-json\/wp\/v2\/product_cat?post=10426"},{"taxonomy":"product_tag","embeddable":true,"href":"https:\/\/stayinn.travel\/it\/wp-json\/wp\/v2\/product_tag?post=10426"}],"curies":[{"name":"wp","href":"https:\/\/api.w.org\/{rel}","templated":true}]}}