{"id":10546,"date":"2025-10-20T15:58:05","date_gmt":"2025-10-20T15:58:05","guid":{"rendered":"https:\/\/stayinn.travel\/product\/moorea-spirito-locale-6\/"},"modified":"2025-10-20T16:09:21","modified_gmt":"2025-10-20T16:09:21","slug":"moorea-spirito-locale-6","status":"publish","type":"product","link":"https:\/\/stayinn.travel\/it\/product\/moorea-spirito-locale-6\/","title":{"rendered":"MOOREA &#8211; Spirito locale 6"},"content":{"rendered":"<p>MOOREA &#8211; Spirito locale 6<\/p>\n<p>Per una fuga o una vacanza a un prezzo contenuto e in un&#8217;atmosfera 100% polinesiana, prenota uno dei nostri bungalow Local Spirit.<\/p>\n<p>Moorea un&#8217;isola paradisiaca a 30 minuti di traghetto da Tahiti, laguna cristallina e paesaggi mozzafiato. Ti aspetta un&#8217;esperienza autentica.<\/p>\n<p>Il bungalow in 2 \u00b0 linea mare, pu\u00f2 ospitare 4 persone, \u00e8 composto da un letto matrimoniale e 2 letti singoli. Ogni bungalow dispone di bagno privato, frigorifero e 1 ventilatore. Proprio accanto al tuo bungalow puoi goderti la cucina esterna da condividere, attrezzata con barbecue, fornello a gas, stoviglie e tutto il necessario per preparare i tuoi pasti.<br \/>\n<br \/>In giardino \u00e8 allestita una zona tavolo e panche per incontrarvi intorno ad un aperitivo serale o ad un pranzo conviviale.<\/p>\n<p>L&#8217;ampio giardino vi trasporter\u00e0 nella storia turistica di questo luogo eccezionale. In effetti ti trovi sul sito del vecchio Club Med dove sono ancora presenti le rovine e le vestigia.<\/p>\n<p>Il mare a pochi passi dal vostro bungalow (a circa 75 metri di distanza) sar\u00e0 il vostro posto preferito, incantevole spiaggia di sabbia bianca, vista sui motus, laguna traslucida dove potrete ammirare i raggi che passano. SUP e remi vengono lasciati a disposizione gratuitamente durante tutto il soggiorno.<\/p>\n<p>Il piccolo extra di Moorea &#8211; Local Spirit \u00e8 la colazione offerta dal tuo Host: pane, marmellata, burro, caff\u00e8 o cioccolata, non \u00e8 fronzoli ma come piace a noi.<\/p>\n<p>Numero di registrazione: 1592DTO-MT<\/p>\n","protected":false},"excerpt":{"rendered":"<p>MOOREA &#8211; Spirito locale 6 Per una fuga o una vacanza a un prezzo contenuto e in un&#8217;atmosfera 100% polinesiana, prenota uno dei nostri bungalow Local Spirit. Moorea un&#8217;isola paradisiaca a 30 minuti di traghetto da Tahiti, laguna cristallina e paesaggi mozzafiato. Ti aspetta un&#8217;esperienza autentica. Il bungalow in 2 \u00b0 linea mare, pu\u00f2 ospitare [&hellip;]<\/p>\n","protected":false},"featured_media":10544,"comment_status":"open","ping_status":"closed","template":"","meta":{"inline_featured_image":false},"country":[],"product_brand":[],"product_cat":[217],"product_tag":[],"class_list":{"0":"post-10546","1":"product","2":"type-product","3":"status-publish","4":"has-post-thumbnail","6":"product_cat-alloggi","8":"first","9":"instock","10":"shipping-taxable","11":"purchasable","12":"product-type-simple"},"acf":[],"_links":{"self":[{"href":"https:\/\/stayinn.travel\/it\/wp-json\/wp\/v2\/product\/10546","targetHints":{"allow":["GET"]}}],"collection":[{"href":"https:\/\/stayinn.travel\/it\/wp-json\/wp\/v2\/product"}],"about":[{"href":"https:\/\/stayinn.travel\/it\/wp-json\/wp\/v2\/types\/product"}],"replies":[{"embeddable":true,"href":"https:\/\/stayinn.travel\/it\/wp-json\/wp\/v2\/comments?post=10546"}],"wp:featuredmedia":[{"embeddable":true,"href":"https:\/\/stayinn.travel\/it\/wp-json\/wp\/v2\/media\/10544"}],"wp:attachment":[{"href":"https:\/\/stayinn.travel\/it\/wp-json\/wp\/v2\/media?parent=10546"}],"wp:term":[{"taxonomy":"country","embeddable":true,"href":"https:\/\/stayinn.travel\/it\/wp-json\/wp\/v2\/country?post=10546"},{"taxonomy":"product_brand","embeddable":true,"href":"https:\/\/stayinn.travel\/it\/wp-json\/wp\/v2\/product_brand?post=10546"},{"taxonomy":"product_cat","embeddable":true,"href":"https:\/\/stayinn.travel\/it\/wp-json\/wp\/v2\/product_cat?post=10546"},{"taxonomy":"product_tag","embeddable":true,"href":"https:\/\/stayinn.travel\/it\/wp-json\/wp\/v2\/product_tag?post=10546"}],"curies":[{"name":"wp","href":"https:\/\/api.w.org\/{rel}","templated":true}]}}