{"id":10578,"date":"2025-10-20T15:58:05","date_gmt":"2025-10-20T15:58:05","guid":{"rendered":"https:\/\/stayinn.travel\/product\/ahe-bungalow-moemoea-lagoon-2-2\/"},"modified":"2026-04-16T10:35:39","modified_gmt":"2026-04-16T10:35:39","slug":"ahe-bungalow-moemoea-lagoon-2-2","status":"publish","type":"product","link":"https:\/\/stayinn.travel\/it\/product\/ahe-bungalow-moemoea-lagoon-2-2\/","title":{"rendered":"AHE &#8211; Bungalow Moemoea Lagoon 2"},"content":{"rendered":"<p>Scopri l&#8217;atollo preservato di Ahe, nel cuore delle Tuamotu, soggiornando in questa pensione a 2 stelle. Incastonato sulle rive di una spiaggia di sabbia rosa, questo indirizzo autentico ed eco-responsabile offre cinque bungalow confortevoli, tutti alimentati ad energia solare e dotati di connessione Wi-Fi.<\/p>\n<p>Ogni bungalow pu\u00f2 ospitare fino a 4 persone e comprende un letto matrimoniale, due letti singoli e un bagno privato con acqua calda.<\/p>\n<p>Potrai rilassarti sulla spiaggia o esplorare la laguna con l&#8217;attrezzatura per lo snorkeling a tua disposizione. Le escursioni sugli atolli vicini ti permetteranno di scoprire la bellezza selvaggia dell&#8217;atollo, mentre gli appassionati di pesca, in laguna, in alto mare o in immersione, saranno appagati dalle opportunit\u00e0 offerte.<\/p>\n<p>Per gli sportivi, un mini campo da basket e un mini golf nel cuore della piantagione di cocco offrono momenti di divertimento unici. Potrete anche usufruire di kayak, giocare a biliardo, calciobalilla o ping-pong. Gli amanti della cultura polinesiana avranno l&#8217;opportunit\u00e0 di imparare il va&#8217;a, la piroga tradizionale, o di scoprire le affascinanti sonorit\u00e0 dell&#8217;ukulele.<\/p>\n<p>Per quanto riguarda la gastronomia, Raita vi far\u00e0 scoprire deliziosi piatti a base di pesce fresco, crostacei e altri prodotti locali, offrendovi un&#8217;autentica immersione culinaria polinesiana. Come punto culminante del vostro soggiorno, la sera prima della vostra partenza, beneficerete di un concerto privato offerto dal vostro ospite, un momento intimo e magico che rimarr\u00e0 impresso nei vostri ricordi.<\/p>\n<p>La pensione completa \u00e8 inoltre possibile, \u00e8 necessario prenotare e pagare direttamente sul posto al momento del vostro arrivo<\/p>\n<p>Tra relax, scoperte e piaceri gastronomici, questo bungalow sulla spiaggia di Ahe \u00e8 un invito a vivere un&#8217;esperienza indimenticabile in un paradiso terrestre, dove ogni tramonto \u00e8 uno spettacolo a s\u00e9 stante.<\/p>\n<p>Prenota subito e lasciati sedurre dall&#8217;autenticit\u00e0 e dalla bellezza preservata di Ahe!<\/p>\n","protected":false},"excerpt":{"rendered":"<p>Scopri l&#8217;atollo preservato di Ahe, nel cuore delle Tuamotu, soggiornando in questa pensione a 2 stelle. Incastonato sulle rive di una spiaggia di sabbia rosa, questo indirizzo autentico ed eco-responsabile offre cinque bungalow confortevoli, tutti alimentati ad energia solare e dotati di connessione Wi-Fi. Ogni bungalow pu\u00f2 ospitare fino a 4 persone e comprende un [&hellip;]<\/p>\n","protected":false},"featured_media":10576,"comment_status":"open","ping_status":"closed","template":"","meta":{"inline_featured_image":false},"country":[],"product_brand":[],"product_cat":[217],"product_tag":[],"class_list":{"0":"post-10578","1":"product","2":"type-product","3":"status-publish","4":"has-post-thumbnail","6":"product_cat-alloggi","8":"first","9":"instock","10":"shipping-taxable","11":"purchasable","12":"product-type-simple"},"acf":[],"_links":{"self":[{"href":"https:\/\/stayinn.travel\/it\/wp-json\/wp\/v2\/product\/10578","targetHints":{"allow":["GET"]}}],"collection":[{"href":"https:\/\/stayinn.travel\/it\/wp-json\/wp\/v2\/product"}],"about":[{"href":"https:\/\/stayinn.travel\/it\/wp-json\/wp\/v2\/types\/product"}],"replies":[{"embeddable":true,"href":"https:\/\/stayinn.travel\/it\/wp-json\/wp\/v2\/comments?post=10578"}],"wp:featuredmedia":[{"embeddable":true,"href":"https:\/\/stayinn.travel\/it\/wp-json\/wp\/v2\/media\/10576"}],"wp:attachment":[{"href":"https:\/\/stayinn.travel\/it\/wp-json\/wp\/v2\/media?parent=10578"}],"wp:term":[{"taxonomy":"country","embeddable":true,"href":"https:\/\/stayinn.travel\/it\/wp-json\/wp\/v2\/country?post=10578"},{"taxonomy":"product_brand","embeddable":true,"href":"https:\/\/stayinn.travel\/it\/wp-json\/wp\/v2\/product_brand?post=10578"},{"taxonomy":"product_cat","embeddable":true,"href":"https:\/\/stayinn.travel\/it\/wp-json\/wp\/v2\/product_cat?post=10578"},{"taxonomy":"product_tag","embeddable":true,"href":"https:\/\/stayinn.travel\/it\/wp-json\/wp\/v2\/product_tag?post=10578"}],"curies":[{"name":"wp","href":"https:\/\/api.w.org\/{rel}","templated":true}]}}