{"id":10834,"date":"2025-10-20T15:58:07","date_gmt":"2025-10-20T15:58:07","guid":{"rendered":"https:\/\/stayinn.travel\/product\/nuku-hiva-taiohae-room-free-breakfast-n1-2\/"},"modified":"2026-04-16T10:34:50","modified_gmt":"2026-04-16T10:34:50","slug":"nuku-hiva-taiohae-room-free-breakfast-n1-2","status":"publish","type":"product","link":"https:\/\/stayinn.travel\/it\/product\/nuku-hiva-taiohae-room-free-breakfast-n1-2\/","title":{"rendered":"NUKU HIVA &#8211; Taiohae Room n\u00b01  &#038; Demi-pension"},"content":{"rendered":"<p>NUKU-HIVA &#8211; Camera Taiohae e Colazione Gratuita n\u00b01<br \/>\n<br \/>Stayinn.vacations vi offre l&#8217;opportunit\u00e0 di visitare Le Marchesi e pi\u00f9 particolarmente l&#8217;isola di Nuku Hiva. \u00c8 la pi\u00f9 Grandiosa dell&#8217;arcipelago delle Marchesi e la 2\u00aa isola pi\u00f9 grande della Polinesia dopo Tahiti.<br \/>\n<br \/>Un luogo preservato, che offre siti archeologici e naturali impressionanti che vi faranno viaggiare nel passato delle Marchesi ancestrali e paesaggi fatati come: Kamuihei, Taipivai, la cascata di Hakaui alta 350 metri che ne fa la 3\u00aa cascata naturale pi\u00f9 alta del mondo&#8230;<\/p>\n<p>Dopo giornate intense alla scoperta dei tesori nascosti, il villaggio di Taiohae sar\u00e0 il luogo ideale per rigenerarsi. Questo piccolo porto tranquillo in fondo alla baia, protetto da due massicci rocciosi, vi offrir\u00e0 un contesto riposante e pieno di fascino. Sarete affascinati dalle sue lunghe spiagge di sabbia nera dove \u00e8 piacevole passeggiare, incontrando i fieri cavalieri dell&#8217;isola. Nelle Marchesi, il cavallo rimane ancora oggi il principale mezzo di trasporto degli abitanti delle valli.<\/p>\n<p>A pochi passi dal centro del villaggio vi proponiamo una delle 8 camere climatizzate, con bagno privato che pu\u00f2 ospitare ciascuna fino a 3 persone. Apprezzerete il comfort di questo alloggio con aria condizionata, wifi gratuito, terrazza con sdraio e vista sulla baia, le colazioni e le cene offerte sono servite in terrazza, il trasferimento verso l&#8217;aeroporto \u00e8 possibile (modalit\u00e0 di prezzo e regolamento su richiesta), acqua calda a disposizione&#8230;<br \/>\n<br \/>Una bella avventura vi aspetta e che inizier\u00e0 gi\u00e0 al vostro arrivo in aeroporto poich\u00e9 dovrete attraversare tutta l&#8217;isola e diverse valli per raggiungere il vostro alloggio. Durante questo tragitto, intervallato da incontri insoliti: cavalli e capre selvatiche, sarete soggiogati dallo spettacolo delle creste basaltiche e dei canyon profondi.<\/p>\n<p>Da sapere che i nostri prezzi includono la colazione e la cena (menu unico esposto fin dal mattino)<\/p>\n<p>L&#8217;arcipelago delle Marchesi sono isole vulcaniche, lussureggianti e alte che emergono dall&#8217;oceano Pacifico. Qui si dice che sia una terra di storie e leggende altrettanto affascinante quanto indimenticabile. Le Marchesi sono anche chiamate &#8220;La Terra degli Uomini&#8221;. Si trovano a 1.500 km a nord-est di Tahiti, raggiungibili per via aerea da Tahiti o per via marittima con nave passeggeri, e sono distribuite su 12 isole, di cui solo sei sono abitate.<br \/>\n<br \/>I Marchesiani sono considerati i migliori artigiani della Polinesia. La loro arte si esprime in modi diversi, dalla scultura, passando per l&#8217;arte del tatuaggio autentico e la realizzazione di gioielli sorprendenti. Una destinazione piena di avventura, paesaggi nuovi e ricchezze di ogni genere da scoprire.<\/p>\n<p>Ogni prenotazione \u00e8 obbligatoriamente subordinata all&#8217;accettazione incondizionata delle nostre condizioni generali di vendita visibili sul nostro sito Stayinn.Vacations cliccando sulle condizioni generali.<\/p>\n<p>Numero TAHITI: 440131<\/p>\n","protected":false},"excerpt":{"rendered":"<p>NUKU-HIVA &#8211; Camera Taiohae e Colazione Gratuita n\u00b01 Stayinn.vacations vi offre l&#8217;opportunit\u00e0 di visitare Le Marchesi e pi\u00f9 particolarmente l&#8217;isola di Nuku Hiva. \u00c8 la pi\u00f9 Grandiosa dell&#8217;arcipelago delle Marchesi e la 2\u00aa isola pi\u00f9 grande della Polinesia dopo Tahiti. Un luogo preservato, che offre siti archeologici e naturali impressionanti che vi faranno viaggiare nel [&hellip;]<\/p>\n","protected":false},"featured_media":10832,"comment_status":"open","ping_status":"closed","template":"","meta":{"inline_featured_image":false},"country":[],"product_brand":[],"product_cat":[217],"product_tag":[],"class_list":{"0":"post-10834","1":"product","2":"type-product","3":"status-publish","4":"has-post-thumbnail","6":"product_cat-alloggi","8":"first","9":"instock","10":"shipping-taxable","11":"purchasable","12":"product-type-simple"},"acf":[],"_links":{"self":[{"href":"https:\/\/stayinn.travel\/it\/wp-json\/wp\/v2\/product\/10834","targetHints":{"allow":["GET"]}}],"collection":[{"href":"https:\/\/stayinn.travel\/it\/wp-json\/wp\/v2\/product"}],"about":[{"href":"https:\/\/stayinn.travel\/it\/wp-json\/wp\/v2\/types\/product"}],"replies":[{"embeddable":true,"href":"https:\/\/stayinn.travel\/it\/wp-json\/wp\/v2\/comments?post=10834"}],"wp:featuredmedia":[{"embeddable":true,"href":"https:\/\/stayinn.travel\/it\/wp-json\/wp\/v2\/media\/10832"}],"wp:attachment":[{"href":"https:\/\/stayinn.travel\/it\/wp-json\/wp\/v2\/media?parent=10834"}],"wp:term":[{"taxonomy":"country","embeddable":true,"href":"https:\/\/stayinn.travel\/it\/wp-json\/wp\/v2\/country?post=10834"},{"taxonomy":"product_brand","embeddable":true,"href":"https:\/\/stayinn.travel\/it\/wp-json\/wp\/v2\/product_brand?post=10834"},{"taxonomy":"product_cat","embeddable":true,"href":"https:\/\/stayinn.travel\/it\/wp-json\/wp\/v2\/product_cat?post=10834"},{"taxonomy":"product_tag","embeddable":true,"href":"https:\/\/stayinn.travel\/it\/wp-json\/wp\/v2\/product_tag?post=10834"}],"curies":[{"name":"wp","href":"https:\/\/api.w.org\/{rel}","templated":true}]}}