{"id":10946,"date":"2025-10-20T15:58:08","date_gmt":"2025-10-20T15:58:08","guid":{"rendered":"https:\/\/stayinn.travel\/product\/raiatea-chambre-dhotes-oviri-2-kahaia-2\/"},"modified":"2026-04-16T10:36:16","modified_gmt":"2026-04-16T10:36:16","slug":"raiatea-chambre-dhotes-oviri-2-kahaia-2","status":"publish","type":"product","link":"https:\/\/stayinn.travel\/it\/product\/raiatea-chambre-dhotes-oviri-2-kahaia-2\/","title":{"rendered":"RAIATEA-Chambre d&#8217;h\u00f4tes Oviri 2 &#8211; Kahaia"},"content":{"rendered":"<p>Situata a sud di Raiatea, tra la laguna e la montagna e in prossimit\u00e0 immediata del Marae di Taputapuatea, classificato come patrimonio mondiale dell&#8217;UNESCO, la Camera Opuhi del Fare Oviri vi accoglie in un contesto pacifico e autenticamente polinesiano.<\/p>\n<p>Con una superficie di 24 m\u00b2, pu\u00f2 ospitare 2 persone e comprende un letto matrimoniale comodo, un bagno privato con doccia, lavabo e WC, nonch\u00e9 uno spazio di archiviazione con scaffali e armadio. La camera ha un accesso diretto all&#8217;esterno, ideale per godersi il giardino o raggiungere la spiaggia.<\/p>\n<p>Per rendere il vostro soggiorno pi\u00f9 piacevole, \u00e8 disponibile una colazione su base opzionale (su prenotazione), ed \u00e8 inoltre possibile ordinare pizze in loco. Potrete anche usufruire di un accesso diretto alla spiaggia privata con kayak a disposizione per esplorare la laguna turchese.<\/p>\n<p>\u2728 Un soggiorno ideale per gustare la serenit\u00e0 di Raiatea, nel cuore di una natura lussureggiante e autentica.<\/p>\n<p>Gli essenziali<\/p>\n<p>Camera confortevole di 24 m\u00b2 per 2 persone<\/p>\n<p>Bagno privato con accesso diretto all&#8217;esterno<\/p>\n<p>Accesso alla spiaggia privata con kayak inclusi<\/p>\n<p>Possibilit\u00e0 di colazione facoltativa e pizze sul posto<\/p>\n<p>Immediata vicinanza del sito sacro Marae di Taputapuatea (UNESCO)<\/p>\n<p>Nelle vicinanze<\/p>\n<p>Marae Taputapuatea: sito sacro classificato dall&#8217;UNESCO, accessibile a piedi<\/p>\n<p>Esplorazione di Raiatea: noleggio auto consigliato per scoprire l&#8217;isola<\/p>\n<p>Ristorazione: colazione su richiesta, pizze disponibili in loco<\/p>\n<p>Le feste e gli assembramenti sono strettamente vietati all&#8217;interno dell&#8217;alloggio.<\/p>\n<p>Ogni prenotazione \u00e8 obbligatoriamente soggetta all&#8217;accettazione senza restrizioni delle nostre condizioni generali di vendita visibili sul nostro sito Stayinn.Vacations facendo clic su condizioni generali.<\/p>\n<p>Numero di registrazione: F20178<\/p>\n","protected":false},"excerpt":{"rendered":"<p>Situata a sud di Raiatea, tra la laguna e la montagna e in prossimit\u00e0 immediata del Marae di Taputapuatea, classificato come patrimonio mondiale dell&#8217;UNESCO, la Camera Opuhi del Fare Oviri vi accoglie in un contesto pacifico e autenticamente polinesiano. Con una superficie di 24 m\u00b2, pu\u00f2 ospitare 2 persone e comprende un letto matrimoniale comodo, [&hellip;]<\/p>\n","protected":false},"featured_media":10944,"comment_status":"open","ping_status":"closed","template":"","meta":{"inline_featured_image":false},"country":[],"product_brand":[],"product_cat":[217],"product_tag":[],"class_list":{"0":"post-10946","1":"product","2":"type-product","3":"status-publish","4":"has-post-thumbnail","6":"product_cat-alloggi","8":"first","9":"instock","10":"shipping-taxable","11":"purchasable","12":"product-type-simple"},"acf":[],"_links":{"self":[{"href":"https:\/\/stayinn.travel\/it\/wp-json\/wp\/v2\/product\/10946","targetHints":{"allow":["GET"]}}],"collection":[{"href":"https:\/\/stayinn.travel\/it\/wp-json\/wp\/v2\/product"}],"about":[{"href":"https:\/\/stayinn.travel\/it\/wp-json\/wp\/v2\/types\/product"}],"replies":[{"embeddable":true,"href":"https:\/\/stayinn.travel\/it\/wp-json\/wp\/v2\/comments?post=10946"}],"wp:featuredmedia":[{"embeddable":true,"href":"https:\/\/stayinn.travel\/it\/wp-json\/wp\/v2\/media\/10944"}],"wp:attachment":[{"href":"https:\/\/stayinn.travel\/it\/wp-json\/wp\/v2\/media?parent=10946"}],"wp:term":[{"taxonomy":"country","embeddable":true,"href":"https:\/\/stayinn.travel\/it\/wp-json\/wp\/v2\/country?post=10946"},{"taxonomy":"product_brand","embeddable":true,"href":"https:\/\/stayinn.travel\/it\/wp-json\/wp\/v2\/product_brand?post=10946"},{"taxonomy":"product_cat","embeddable":true,"href":"https:\/\/stayinn.travel\/it\/wp-json\/wp\/v2\/product_cat?post=10946"},{"taxonomy":"product_tag","embeddable":true,"href":"https:\/\/stayinn.travel\/it\/wp-json\/wp\/v2\/product_tag?post=10946"}],"curies":[{"name":"wp","href":"https:\/\/api.w.org\/{rel}","templated":true}]}}